{"id":92,"date":"2020-02-23T16:06:04","date_gmt":"2020-02-23T15:06:04","guid":{"rendered":"http:\/\/biogroom.shop\/product\/import-placeholder-for-170\/"},"modified":"2025-01-10T12:32:27","modified_gmt":"2025-01-10T11:32:27","slug":"bio-sheen","status":"publish","type":"product","link":"https:\/\/biogroom.shop\/de\/shop\/horse-products\/bio-sheen\/","title":{"rendered":"Bio-Sheen"},"content":{"rendered":"<p><strong>Anwendung<\/strong><\/p>\n<p>F\u00fcr besseres Ergebnis baden Sie das Pferd zuerst mit Bio-Groom Protein-Lanolin-angereichertem Golden Sheen Shampoo. Sp\u00fclen und trocknen lassen. Spr\u00fchen Sie dann Bio-Sheen leicht und gleichm\u00e4\u00dfig \u00fcber das gesamte Fell, die M\u00e4hne und den Schwanz. Wie gewohnt b\u00fcrsten und pflegen.<\/p>\n<p><strong>WARNUNG:<\/strong> ENTZ\u00dcNDLICH! Spr\u00fchen Sie nicht in der N\u00e4he von offener Flamme. Spr\u00fchen Sie nicht in die Augen.<\/p>\n<p>AUSSERHALB DER REICHWEITE VON KINDERN HALTEN.<\/p>\n","protected":false},"excerpt":{"rendered":"<p><strong>Nerz\u00f6l Pferdespray<\/strong><br \/>\nBio-Sheen Spray mit Vitamin E verleiht dem Fell sofort einen sch\u00f6nen, strahlenden Glanz. Verst\u00e4rkt alle Farben, l\u00e4sst Wei\u00df funkeln und verleiht Ihrem Pferd einen Ausstellungsglanz. Angereichert nur mit nat\u00fcrlichen Inhaltsstoffen, Nerz\u00f6l, Vitamin E und Lanolin. Bio-Sheen pflegt das Fell und die Haut. Hilft M\u00e4hnen und Schw\u00e4nze zu entfilzen und l\u00e4sst sie gl\u00e4nzen. Spezielle Sonnenschutzmittel sch\u00fctzen das Haar vor Sonnensch\u00e4den wie  Ausbleichen und Trocknen.<\/p>\n<p>F\u00fcr Perfektion im Ausstellungsring nicht nur Pflege &#8211; Bio-Groom Pflege, Ihr Pferd ist es wert!<\/p>\n","protected":false},"featured_media":148,"comment_status":"open","ping_status":"closed","template":"","meta":[],"product_brand":[],"product_cat":[21],"product_tag":[],"class_list":{"0":"post-92","1":"product","2":"type-product","3":"status-publish","4":"has-post-thumbnail","6":"product_cat-horse-products","8":"first","9":"instock","10":"taxable","11":"shipping-taxable","12":"purchasable","13":"product-type-simple"},"jetpack_sharing_enabled":true,"_links":{"self":[{"href":"https:\/\/biogroom.shop\/de\/wp-json\/wp\/v2\/product\/92","targetHints":{"allow":["GET"]}}],"collection":[{"href":"https:\/\/biogroom.shop\/de\/wp-json\/wp\/v2\/product"}],"about":[{"href":"https:\/\/biogroom.shop\/de\/wp-json\/wp\/v2\/types\/product"}],"replies":[{"embeddable":true,"href":"https:\/\/biogroom.shop\/de\/wp-json\/wp\/v2\/comments?post=92"}],"wp:featuredmedia":[{"embeddable":true,"href":"https:\/\/biogroom.shop\/de\/wp-json\/wp\/v2\/media\/148"}],"wp:attachment":[{"href":"https:\/\/biogroom.shop\/de\/wp-json\/wp\/v2\/media?parent=92"}],"wp:term":[{"taxonomy":"product_brand","embeddable":true,"href":"https:\/\/biogroom.shop\/de\/wp-json\/wp\/v2\/product_brand?post=92"},{"taxonomy":"product_cat","embeddable":true,"href":"https:\/\/biogroom.shop\/de\/wp-json\/wp\/v2\/product_cat?post=92"},{"taxonomy":"product_tag","embeddable":true,"href":"https:\/\/biogroom.shop\/de\/wp-json\/wp\/v2\/product_tag?post=92"}],"curies":[{"name":"wp","href":"https:\/\/api.w.org\/{rel}","templated":true}]}}