{"id":89,"date":"2020-02-23T16:06:03","date_gmt":"2020-02-23T16:06:03","guid":{"rendered":"http:\/\/biogroom.shop\/product\/import-placeholder-for-164\/"},"modified":"2025-12-08T12:42:58","modified_gmt":"2025-12-08T11:42:58","slug":"coat-polish","status":"publish","type":"product","link":"https:\/\/biogroom.shop\/de\/shop\/horse-products\/coat-polish\/","title":{"rendered":"Coat Polish"},"content":{"rendered":"<h4>Anwedung<\/h4>\n<p>NASSE ANWENDUNG<br \/>\nShampoonieren Sie zuerst das Pferd, sp\u00fclen Sie es aus und entfernen Sie \u00fcbersch\u00fcssiges Wasser mit einem Schaber. Spr\u00fchen Sie Coat Polish auf das Fell und streicheln Sie das Haar flach richtung Haarwachstum. Spr\u00fchen Sie Coat Polish auf M\u00e4hne und Schwanz. Trocknen lassen. M\u00e4hne und Schwanz k\u00e4mmen oder b\u00fcrsten.<\/p>\n<p>TROCKENE ANWENDUNG<br \/>\nB\u00fcrsten Sie das Haar gr\u00fcndlich, um Staub und Schmutz zu entfernen, und befolgen Sie dann die Anweisungen wie f\u00fcr die nasse Anwendung.<\/p>\n","protected":false},"excerpt":{"rendered":"<p><em>Nicht klebrig, nicht \u00f6lig<\/em><\/p>\n<p>Bio-Groom Coat Polish ist eine wissenschaftlich entwickelte Glanzpolitur f\u00fcr verfilztes Pferdehaar, die nicht \u00f6lig und nicht klebrig ist. Verleiht dem Fell einen langanhaltenden Ausstellungsglanz. H\u00e4lt M\u00e4hnen und Schw\u00e4nze gl\u00e4nzend und frei von Verfilzungen. Erleichtert K\u00e4mmen und B\u00fcrsten. Verhindert Flecken, weist Staub und Schmutz ab &#8211; h\u00e4lt Ihr Pferd l\u00e4nger gepflegt. Hebt alle Farben hervor und l\u00e4sst Wei\u00df funkeln. Spart Pflegezeit und erleichtert die Pflege erheblich. Baut sich nicht auf den Haaren auf. Mit Bio-Groom Shampoo auswaschbar.<\/p>\n<p>F\u00fcr Perfektion im Ausstellungsring nicht nur Pflege &#8211; Bio-Groom Pflege, Ihr Pferd ist es wert!<\/p>\n","protected":false},"featured_media":145,"comment_status":"open","ping_status":"closed","template":"","meta":[],"product_brand":[],"product_cat":[21],"product_tag":[],"class_list":{"0":"post-89","1":"product","2":"type-product","3":"status-publish","4":"has-post-thumbnail","6":"product_cat-horse-products","8":"first","9":"instock","10":"taxable","11":"shipping-taxable","12":"purchasable","13":"product-type-variable","14":"has-default-attributes"},"jetpack_sharing_enabled":true,"_links":{"self":[{"href":"https:\/\/biogroom.shop\/de\/wp-json\/wp\/v2\/product\/89","targetHints":{"allow":["GET"]}}],"collection":[{"href":"https:\/\/biogroom.shop\/de\/wp-json\/wp\/v2\/product"}],"about":[{"href":"https:\/\/biogroom.shop\/de\/wp-json\/wp\/v2\/types\/product"}],"replies":[{"embeddable":true,"href":"https:\/\/biogroom.shop\/de\/wp-json\/wp\/v2\/comments?post=89"}],"wp:featuredmedia":[{"embeddable":true,"href":"https:\/\/biogroom.shop\/de\/wp-json\/wp\/v2\/media\/145"}],"wp:attachment":[{"href":"https:\/\/biogroom.shop\/de\/wp-json\/wp\/v2\/media?parent=89"}],"wp:term":[{"taxonomy":"product_brand","embeddable":true,"href":"https:\/\/biogroom.shop\/de\/wp-json\/wp\/v2\/product_brand?post=89"},{"taxonomy":"product_cat","embeddable":true,"href":"https:\/\/biogroom.shop\/de\/wp-json\/wp\/v2\/product_cat?post=89"},{"taxonomy":"product_tag","embeddable":true,"href":"https:\/\/biogroom.shop\/de\/wp-json\/wp\/v2\/product_tag?post=89"}],"curies":[{"name":"wp","href":"https:\/\/api.w.org\/{rel}","templated":true}]}}