{"id":77,"date":"2020-02-23T16:05:32","date_gmt":"2020-02-23T16:05:32","guid":{"rendered":"http:\/\/biogroom.shop\/product\/import-placeholder-for-158\/"},"modified":"2025-12-08T12:46:25","modified_gmt":"2025-12-08T11:46:25","slug":"quick-clean","status":"publish","type":"product","link":"https:\/\/biogroom.shop\/de\/shop\/horse-products\/quick-clean\/","title":{"rendered":"Quick Clean"},"content":{"rendered":"<p><strong>Anwendung<\/strong><br \/>\nMachen Sie das Haar gr\u00fcndlich mit Quick-Clean nass und massieren Sie es gut ein, bis ein Reinigungsschaum erscheint. Verwenden Sie einen Schwamm f\u00fcr Gesicht, Beine und K\u00f6rper. Trocknen Sie das Haar mit einem weichen, saugf\u00e4higen Handtuch und b\u00fcrsten oder k\u00e4mmen Sie es dann einfach.<\/p>\n<p><strong>Inhaltsstoffe<\/strong><br \/>\nGereinigtes Wasser, Sodium Coco Sulfate, Decyl Glucoside, Lauramidopropyl Betaine, Lanolin, Polysorbate 20, Chamomile, Lavendar Fragrance, Phenoxyethanol, Blue1, Red 33<\/p>\n<p>Frei von Parabene, Silikone und k\u00fcnstliche Verdickungsmittel.<\/p>\n","protected":false},"excerpt":{"rendered":"<p><strong>Wasserloses Shampoo<\/strong><br \/>\nBio-Groom Quick-Clean Wasserloses Shampoo wurde speziell f\u00fcr schnelle Nachbesserungen zwischen den B\u00e4dern entwickelt, f\u00fcr die Reinigung bei kaltem Wetter oder wenn ein Vollbad nicht m\u00f6glich ist, entwickelt. Ideal zum Entfernen von Sattel- und Halfterspuren sowie zum Reinigen von Socken, M\u00e4hnen und Schw\u00e4nzen. Entfernt Grasflecken, Mistflecken und Stallspuren.<\/p>\n<p>Quick-Clean ist eine verk\u00fcrzte Pflege zu einem vollst\u00e4ndigen Bad! Optische Aufheller verleihen dem Haar Glanz und lassen Wei\u00df funkeln. Schnelles Trocknen &#8211; kein Wasser oder Sp\u00fclen erforderlich. Leichtes nass oder trocken K\u00e4mmen von M\u00e4hne und Schwanz, ungiftig, nicht reizend. Enth\u00e4lt Lanolin zur Pflege von Haar und Haut.<\/p>\n<p>F\u00fcr Perfektion im Ausstellungsring nicht nur Pflege &#8211; Bio-Groom Pflege, Ihr Pferd ist es wert!<\/p>\n<p><em>Ohne Tierversuche \u2013 Ohne Seife.<\/em><\/p>\n<p>Reinigungsmittel aus nachwachsenden und zu 100 % biologisch abbaubaren Quellen von Mais, Kokosnuss und Palmkern\u00f6len.<\/p>\n","protected":false},"featured_media":142,"comment_status":"open","ping_status":"closed","template":"","meta":[],"product_brand":[],"product_cat":[21],"product_tag":[],"class_list":{"0":"post-77","1":"product","2":"type-product","3":"status-publish","4":"has-post-thumbnail","6":"product_cat-horse-products","8":"first","9":"instock","10":"taxable","11":"shipping-taxable","12":"purchasable","13":"product-type-variable","14":"has-default-attributes"},"jetpack_sharing_enabled":true,"_links":{"self":[{"href":"https:\/\/biogroom.shop\/de\/wp-json\/wp\/v2\/product\/77","targetHints":{"allow":["GET"]}}],"collection":[{"href":"https:\/\/biogroom.shop\/de\/wp-json\/wp\/v2\/product"}],"about":[{"href":"https:\/\/biogroom.shop\/de\/wp-json\/wp\/v2\/types\/product"}],"replies":[{"embeddable":true,"href":"https:\/\/biogroom.shop\/de\/wp-json\/wp\/v2\/comments?post=77"}],"wp:featuredmedia":[{"embeddable":true,"href":"https:\/\/biogroom.shop\/de\/wp-json\/wp\/v2\/media\/142"}],"wp:attachment":[{"href":"https:\/\/biogroom.shop\/de\/wp-json\/wp\/v2\/media?parent=77"}],"wp:term":[{"taxonomy":"product_brand","embeddable":true,"href":"https:\/\/biogroom.shop\/de\/wp-json\/wp\/v2\/product_brand?post=77"},{"taxonomy":"product_cat","embeddable":true,"href":"https:\/\/biogroom.shop\/de\/wp-json\/wp\/v2\/product_cat?post=77"},{"taxonomy":"product_tag","embeddable":true,"href":"https:\/\/biogroom.shop\/de\/wp-json\/wp\/v2\/product_tag?post=77"}],"curies":[{"name":"wp","href":"https:\/\/api.w.org\/{rel}","templated":true}]}}