{"id":74,"date":"2020-02-23T16:05:31","date_gmt":"2020-02-23T16:05:31","guid":{"rendered":"http:\/\/biogroom.shop\/product\/import-placeholder-for-152\/"},"modified":"2025-12-08T12:48:37","modified_gmt":"2025-12-08T11:48:37","slug":"show-white","status":"publish","type":"product","link":"https:\/\/biogroom.shop\/de\/shop\/horse-products\/show-white\/","title":{"rendered":"Show White"},"content":{"rendered":"<p><strong>Anwendung<\/strong><br \/>\nBefeuchten Sie das Pferd gr\u00fcndlich mit Wasser. Tragen Sie Show White \u2122 Shampoo auf und reiben Sie es gut \u00fcber das gesamte Fell. Gut in die M\u00e4hne und Schwanz einmassieren. Achten Sie besonders auf wei\u00dfe Socken sowie auf wei\u00dfe und helle K\u00f6rperstellen. Verwenden Sie Bio-Groom Revitalizer f\u00fcr stark verfilzte M\u00e4hnen, Schw\u00e4nze und tr\u00fcbes Fell. Sp\u00fclen Sie \u00fcbersch\u00fcssiges Wasser ab und entfernen Sie es mit einem Schaber. Show White kann mit bis zu 8 Teilen Wasser verd\u00fcnnt werden.<\/p>\n<p><strong>Inhaltsstoffe<\/strong><br \/>\nSodium Coco Sulfate, Disodium Cocoamphodiacetate, Cocoamidopropylamine Oxide, PEG-4 Rapeseedamide, Cetostearyl Alcohol, Vegetable Glycerine, Hydrolyzed Soy Protein, Panthenol (Vitamin B5), Floral Perfume, Citric Acid, Blue1, Red 33<\/p>\n<p>Frei von Parabene, Silikone und k\u00fcnstliche Verdickungsmittel.<\/p>\n","protected":false},"excerpt":{"rendered":"<p><strong>Aufhellendes Shampoo<\/strong><br \/>\nShow White ist eine mit Protein angereicherte Formel auf Kokos\u00f6l Basis und ein nicht reizendes, hochwertiges Shampoo, das speziell f\u00fcr wei\u00dfes und helles Fell, M\u00e4hnen und Schw\u00e4nze entwickelt wurde. Perlenglanz &#8211; Aufheller verleihen dem Fell Brillanz und gl\u00e4nzende Akzente. Bedingungslos garantiert, dass Fell sauber bleibt. Das Protein in diesem Shampoo wirkt lange nach dem Sp\u00fclen, verleiht dem Fell einen tiefen Glanz und beugt Trockenheit vor. Macht M\u00e4hnen und Schw\u00e4nze weich, glatt und leicht zu pflegen. Show White ist reich und schaumig, hat einen neutralen pH-Wert, ist nicht bleichend und entfernt keine nat\u00fcrliche fetthaltige Schutzschichten von Haut und Fell.<\/p>\n<p>F\u00fcr Perfektion im Ausstellungsring nicht nur Pflege &#8211; Bio-Groom Pflege, Ihr Pferd ist es wert!<\/p>\n<p><em>Ohne Tierversuche \u2013 Ohne Seife.<\/em><\/p>\n<p>Gereinigtes Wasser, Reinigungsmittel aus nachwachsenden und zu 100 % biologisch abbaubaren Quellen von Kokosnuss\u00f6l.<\/p>\n","protected":false},"featured_media":130,"comment_status":"open","ping_status":"closed","template":"","meta":[],"product_brand":[],"product_cat":[21],"product_tag":[],"class_list":{"0":"post-74","1":"product","2":"type-product","3":"status-publish","4":"has-post-thumbnail","6":"product_cat-horse-products","8":"first","9":"instock","10":"taxable","11":"shipping-taxable","12":"purchasable","13":"product-type-variable","14":"has-default-attributes"},"jetpack_sharing_enabled":true,"_links":{"self":[{"href":"https:\/\/biogroom.shop\/de\/wp-json\/wp\/v2\/product\/74","targetHints":{"allow":["GET"]}}],"collection":[{"href":"https:\/\/biogroom.shop\/de\/wp-json\/wp\/v2\/product"}],"about":[{"href":"https:\/\/biogroom.shop\/de\/wp-json\/wp\/v2\/types\/product"}],"replies":[{"embeddable":true,"href":"https:\/\/biogroom.shop\/de\/wp-json\/wp\/v2\/comments?post=74"}],"wp:featuredmedia":[{"embeddable":true,"href":"https:\/\/biogroom.shop\/de\/wp-json\/wp\/v2\/media\/130"}],"wp:attachment":[{"href":"https:\/\/biogroom.shop\/de\/wp-json\/wp\/v2\/media?parent=74"}],"wp:term":[{"taxonomy":"product_brand","embeddable":true,"href":"https:\/\/biogroom.shop\/de\/wp-json\/wp\/v2\/product_brand?post=74"},{"taxonomy":"product_cat","embeddable":true,"href":"https:\/\/biogroom.shop\/de\/wp-json\/wp\/v2\/product_cat?post=74"},{"taxonomy":"product_tag","embeddable":true,"href":"https:\/\/biogroom.shop\/de\/wp-json\/wp\/v2\/product_tag?post=74"}],"curies":[{"name":"wp","href":"https:\/\/api.w.org\/{rel}","templated":true}]}}