{"id":60,"date":"2020-02-23T16:05:07","date_gmt":"2020-02-23T16:05:07","guid":{"rendered":"http:\/\/biogroom.shop\/product\/import-placeholder-for-140\/"},"modified":"2025-12-08T12:45:31","modified_gmt":"2025-12-08T11:45:31","slug":"golden-sheen","status":"publish","type":"product","link":"https:\/\/biogroom.shop\/de\/shop\/horse-products\/golden-sheen\/","title":{"rendered":"Golden Sheen"},"content":{"rendered":"<p><strong>Anwendung<\/strong><\/p>\n<p>N\u00e4ssen Sie das Pferd gr\u00fcndlich mit Wasser. Tragen Sie das Shampoo zuerst in voller St\u00e4rke auf die Flecken auf. Kann auch Konzentriert auf den K\u00f6rper und auf verfilzte M\u00e4hne und Schwanz angewendet werden. Zum Verd\u00fcnnen 30 oder 60 Gramm Shampoo in einen Eimer gie\u00dfen und etwa 3,8 Liter warmes Wasser hinzuf\u00fcgen. Mit einem Schwamm \u00fcber den gesamten K\u00f6rper des Pferdes gut einmassieren. Sp\u00fclen Sie \u00fcbersch\u00fcssiges Wasser ab und entfernen Sie es mit einem Schaber. Bei kaltem Wetter das Pferd mit einem Handtuch trocknen und abdecken oder es Trocknen laufen lassen.<\/p>\n","protected":false},"excerpt":{"rendered":"<p><strong>Mit Protein-Lanolin angereichertes Shampoo<\/strong><br \/>\nDieses Shampoo auf Kokos\u00f6l Basis reinigt gr\u00fcndlich, ohne nat\u00fcrliche fetthaltige Schutzschicht von Haut und Fell zu entfernen. Verleiht dem Fell einen sch\u00f6nen, gesunden Glanz.<\/p>\n<p>Hebt alle Farben hervor und hellt sie auf. Entfernt Flecken und l\u00e4sst Wei\u00df funkeln. Macht M\u00e4hnen und Schw\u00e4nze weich, leicht zu pflegen und ohne Verfilzungen. Nicht reizend f\u00fcr die Augen. Enth\u00e4lt Lanolin, um die Haut zu pflegen und Trockenheit und Schuppenbildung zu verhindern. Das Protein in diesem Shampoo wirkt lange nach dem Sp\u00fclen und verleiht dem Fell einen tiefen Glanz und Schimmer. Sp\u00fclt schnell aus.<\/p>\n<p><strong>Konzentriert &#8211; 1 Flasche ergibt 5<\/strong><\/p>\n","protected":false},"featured_media":123,"comment_status":"open","ping_status":"closed","template":"","meta":[],"product_brand":[],"product_cat":[21],"product_tag":[],"class_list":{"0":"post-60","1":"product","2":"type-product","3":"status-publish","4":"has-post-thumbnail","6":"product_cat-horse-products","8":"first","9":"instock","10":"taxable","11":"shipping-taxable","12":"purchasable","13":"product-type-variable","14":"has-default-attributes"},"jetpack_sharing_enabled":true,"_links":{"self":[{"href":"https:\/\/biogroom.shop\/de\/wp-json\/wp\/v2\/product\/60","targetHints":{"allow":["GET"]}}],"collection":[{"href":"https:\/\/biogroom.shop\/de\/wp-json\/wp\/v2\/product"}],"about":[{"href":"https:\/\/biogroom.shop\/de\/wp-json\/wp\/v2\/types\/product"}],"replies":[{"embeddable":true,"href":"https:\/\/biogroom.shop\/de\/wp-json\/wp\/v2\/comments?post=60"}],"wp:featuredmedia":[{"embeddable":true,"href":"https:\/\/biogroom.shop\/de\/wp-json\/wp\/v2\/media\/123"}],"wp:attachment":[{"href":"https:\/\/biogroom.shop\/de\/wp-json\/wp\/v2\/media?parent=60"}],"wp:term":[{"taxonomy":"product_brand","embeddable":true,"href":"https:\/\/biogroom.shop\/de\/wp-json\/wp\/v2\/product_brand?post=60"},{"taxonomy":"product_cat","embeddable":true,"href":"https:\/\/biogroom.shop\/de\/wp-json\/wp\/v2\/product_cat?post=60"},{"taxonomy":"product_tag","embeddable":true,"href":"https:\/\/biogroom.shop\/de\/wp-json\/wp\/v2\/product_tag?post=60"}],"curies":[{"name":"wp","href":"https:\/\/api.w.org\/{rel}","templated":true}]}}