{"id":57,"date":"2020-02-23T16:05:06","date_gmt":"2020-02-23T16:05:06","guid":{"rendered":"http:\/\/biogroom.shop\/product\/import-placeholder-for-125\/"},"modified":"2025-12-08T12:59:44","modified_gmt":"2025-12-08T11:59:44","slug":"flea-tick-pyrethrin-dip","status":"publish","type":"product","link":"https:\/\/biogroom.shop\/de\/shop\/dog-products\/flea-tick\/flea-tick-pyrethrin-dip\/","title":{"rendered":"Flea &#038; Tick Pyrethrin Dip"},"content":{"rendered":"<h4>Ingredients<\/h4>\n<table border=\"0\" width=\"100%\" cellspacing=\"0\" cellpadding=\"0\">\n<tbody>\n<tr>\n<td><b>Active Ingredient<\/b><\/td>\n<td><\/td>\n<td><\/td>\n<\/tr>\n<tr>\n<td>Pyrethrins<\/td>\n<td><\/td>\n<td>0.30%<\/td>\n<\/tr>\n<tr>\n<td>*Piperonyl Butoxide,Technical<\/td>\n<td><\/td>\n<td>3.00%<\/td>\n<\/tr>\n<tr>\n<td><b>Inert Ingredients<\/b><\/td>\n<td><\/td>\n<td>96.70%<\/td>\n<\/tr>\n<tr>\n<td><\/td>\n<td>Total<\/td>\n<td>100.00%<\/td>\n<\/tr>\n<\/tbody>\n<\/table>\n<p>*(butylcarbityl) (6-propylpiperonyl) ether and related compounds.<\/p>\n<p>KEEP OUT OF REACH OF CHILDREN CAUTION<\/p>\n","protected":false},"excerpt":{"rendered":"<h2>Floh &#038; Zecke Pyrethrin Dip<\/h2>\n<p><strong>Schnell wirkender Schutz<\/strong><\/p>\n<p>T\u00f6tet Fl\u00f6he, Zecken, L\u00e4use und Ohrmilben. Dieses nat\u00fcrliche, schnell wirkende Pyrethrinkonzentrat bietet eine starke Resistenz gegen Insektenimmunit\u00e4t f\u00fcr eine vollst\u00e4ndige und wirksame Floh und Zecken Bek\u00e4mpfung. Diese Formel hat einen nicht absto\u00dfenden Geruch. Sicher f\u00fcr Welpen und K\u00e4tzchen ab zw\u00f6lf Wochen. F\u00fcr beste Ergebnisse mischen Sie 120 ml zu 4,5 Liter Wasser.<\/p>\n<ul>\n<li>T\u00f6tet Fl\u00f6he, Zecken und Ohrmilben<\/li>\n<li>Mit Tupfer benutzen oder direkt auftragen<\/li>\n<\/ul>\n","protected":false},"featured_media":120,"comment_status":"open","ping_status":"closed","template":"","meta":[],"product_brand":[],"product_cat":[20],"product_tag":[],"class_list":{"0":"post-57","1":"product","2":"type-product","3":"status-publish","4":"has-post-thumbnail","6":"product_cat-flea-tick","8":"first","9":"instock","10":"taxable","11":"shipping-taxable","12":"purchasable","13":"product-type-variable"},"jetpack_sharing_enabled":true,"_links":{"self":[{"href":"https:\/\/biogroom.shop\/de\/wp-json\/wp\/v2\/product\/57","targetHints":{"allow":["GET"]}}],"collection":[{"href":"https:\/\/biogroom.shop\/de\/wp-json\/wp\/v2\/product"}],"about":[{"href":"https:\/\/biogroom.shop\/de\/wp-json\/wp\/v2\/types\/product"}],"replies":[{"embeddable":true,"href":"https:\/\/biogroom.shop\/de\/wp-json\/wp\/v2\/comments?post=57"}],"wp:featuredmedia":[{"embeddable":true,"href":"https:\/\/biogroom.shop\/de\/wp-json\/wp\/v2\/media\/120"}],"wp:attachment":[{"href":"https:\/\/biogroom.shop\/de\/wp-json\/wp\/v2\/media?parent=57"}],"wp:term":[{"taxonomy":"product_brand","embeddable":true,"href":"https:\/\/biogroom.shop\/de\/wp-json\/wp\/v2\/product_brand?post=57"},{"taxonomy":"product_cat","embeddable":true,"href":"https:\/\/biogroom.shop\/de\/wp-json\/wp\/v2\/product_cat?post=57"},{"taxonomy":"product_tag","embeddable":true,"href":"https:\/\/biogroom.shop\/de\/wp-json\/wp\/v2\/product_tag?post=57"}],"curies":[{"name":"wp","href":"https:\/\/api.w.org\/{rel}","templated":true}]}}