{"id":50,"date":"2020-02-23T16:04:43","date_gmt":"2020-02-23T16:04:43","guid":{"rendered":"http:\/\/biogroom.shop\/product\/import-placeholder-for-119\/"},"modified":"2025-12-08T13:01:50","modified_gmt":"2025-12-08T12:01:50","slug":"ear-mite-treatment","status":"publish","type":"product","link":"https:\/\/biogroom.shop\/de\/shop\/dog-products\/flea-tick\/ear-mite-treatment\/","title":{"rendered":"Ear Mite Treatment"},"content":{"rendered":"<h4>Vorteile<\/h4>\n<p>T\u00f6tet Ohrmilben, Ohrzecken, hilft bei Entfernung von Ohrenschmalz, enth\u00e4lt Aloe Vera.<\/p>\n<h4>Anwendung<\/h4>\n<p><strong>LESEN SIE DAS GESAMTE ETIKETT VOR JEDEM GEBRAUCH<br \/>\nNUR F\u00dcR HUNDE UND KATZEN VERWENDEN<br \/>\n<\/strong><\/p>\n<p>Es verst\u00f6\u00dft gegen das Gesetz, dieses Produkt in einer anderen Weise zu verwenden, die nicht mit seiner Kennzeichnung vereinbar ist.<\/p>\n<p>Um Probleme mit Ohrzecken und Ohrmilben zu kontrollieren und Ohrenschmalz zu entfernen, wenden Sie 10 Tropfen in jedes Ohr an. Massieren Sie das Ohr einige Minuten lang, damit die L\u00f6sung in dem Ohr verteilt wird und den Ohrenschmalz besser l\u00f6st. Lassen Sie das Haustier den Kopf sch\u00fctteln. Wischen Sie \u00fcbersch\u00fcssige L\u00f6sung mit Wattepads vom Ohr ab. Wiederholen Sie diesen Vorgang alle 2 Tage, bis sich der Zustand bessert oder wie von Ihrem Tierarzt verordnet. Wenden Sie diese L\u00f6sung zur Vorbeugung alle 15 Tage an, um den Befall von Ohrmilben und Ohrzecken sowie die Ansammlung von Ohrenschmalz zu verringern.<\/p>\n<p><strong>Anwendungsbeschr\u00e4nkungen<\/strong><\/p>\n<ul>\n<li>Wenden Sie dieses Produkt nur wie auf diesem Etikett angegeben an.<\/li>\n<li>Kontaminieren Sie w\u00e4hrend der Anwendung weder Tierfutter noch Wasser.<\/li>\n<li>Lassen Sie das Produkt w\u00e4hrend oder nach der Anwendung nicht in den Abfluss gelangen.<\/li>\n<li>Nicht f\u00fcr den Einsatz in K\u00fchlungssystemen im Freien geeignet.<\/li>\n<li>Nicht bei Haustieren anwenden, die j\u00fcnger als 12 Wochen sind.<\/li>\n<\/ul>\n<p>Konsultieren Sie einen Tierarzt vor der Anwendung dieses Produkts bei kranken, geschw\u00e4chten, alten, schwangeren oder stillenden Tieren. Nach der Anwendung eines Pestizids f\u00fcr Haustiere kann eine Empfindlichkeit auftreten. Wenn Anzeichen von Empfindlichkeit auftreten, baden Sie Ihr Haustier mit milder Seife und sp\u00fclen Sie es mit gro\u00dfen Mengen Wasser aus. Wenn die Anzeichen weiterhin bestehen, wenden Sie sich sofort an einen Tierarzt.<\/p>\n<p>Lagerung und Entsorgung<br \/>\nLagerung von Pestiziden: An einem k\u00fchlen, trockenen und f\u00fcr Kinder und Tiere unzug\u00e4nglichen Ort lagern. In einem verschlossenen Originalbeh\u00e4lter aufbewahren, fern von Lebensmitteln und Futtermitteln.<\/p>\n<p>Entsorgung von Pestiziden und Handhabung von Beh\u00e4ltern: Nicht nachf\u00fcllbarer Beh\u00e4lter. Verwenden Sie diesen Beh\u00e4lter nicht wieder und f\u00fcllen Sie ihn nicht nach.<\/p>\n<p>Wenn leer: In den Wertstoffm\u00fcll werfen (gelbe Tonne).<\/p>\n<p>Wenn teilweise gef\u00fcllt: Wenden Sie sich an Ihre \u00f6rtliche Abfallbeh\u00f6rde, um Anweisungen zur Entsorgung zu erhalten. Stellen Sie niemals unbenutztes Produkt in einen Abfluss im Innen- oder Au\u00dfenbereich.<\/p>\n<p>Erste Hilfe bei Augenkontakt<\/p>\n<p>Halten Sie das Auge offen und sp\u00fclen Sie es langsam und vorsichtig 15 bis 20 Minuten lang mit Wasser aus.<br \/>\nEntfernen Sie die Kontaktlinsen, falls vorhanden, nach den ersten 5 Minuten und sp\u00fclen Sie das Auge weiter aus.<br \/>\nRufen Sie eine Notrufzentrale oder einen Arzt an, um Ratschl\u00e4ge zu erhalten.<br \/>\nHotline-Nummer<br \/>\nNehmen Sie den Produktbeh\u00e4lter oder das Etikett mit, wenn Sie eine Notrufzentrale oder einen Arzt anrufen oder sich behandeln lassen. Weitere Informationen zu diesem Produkt (einschlie\u00dflich gesundheitlicher Bedenken, medizinischer Notf\u00e4lle) erhalten Sie unter der Rufnummer 1-800-222-1222.<\/p>\n<p>VORSICHTSMASSNAHMEN &#8211; GEFAHREN F\u00dcR MENSCHEN UND HAUSTIERE<\/p>\n<p>Achtung: Verursacht m\u00e4\u00dfige Augenreizungen. Kontakt mit Augen oder Kleidung vermeiden. L\u00e4ngerer oder h\u00e4ufig wiederholter Hautkontakt kann bei einigen Personen allergische Reaktionen hervorrufen. Tragen Sie eine Schutzbrille. Nach der Handhabung und vor dem Essen, Trinken, Kaugummi, Tabakkonsum oder Toilettengang gr\u00fcndlich mit Wasser und Seife waschen. Kontaminierte Kleidung vor der Wiederverwendung ausziehen und waschen.<\/p>\n<p>Physikalische oder chemische Gefahren: Entz\u00fcndlich. Von Hitze oder offener Flamme fernhalten.<\/p>\n<p>Hinweis: Der K\u00e4ufer \u00fcbernimmt im Rahmen des geltenden Rechts alle Risiken der Verwendung, Lagerung oder Handhabung dieses Materials, die nicht den hier angegebenen Anweisungen entsprechen.<\/p>\n<p>AUSSERHALB DER REICHWEITE VON KINDERN AUFBEWAHREN<\/p>\n<h4>Ingredients<\/h4>\n<table border=\"0\" width=\"100%\" cellspacing=\"0\" cellpadding=\"0\">\n<tbody>\n<tr>\n<td><b>Active Ingredient<\/b><\/td>\n<td><\/td>\n<td><\/td>\n<\/tr>\n<tr>\n<td>Pyrethrins<\/td>\n<td><\/td>\n<td>0.15%<\/td>\n<\/tr>\n<tr>\n<td>*Piperonyl Butoxide<\/td>\n<td><\/td>\n<td>1.5%<\/td>\n<\/tr>\n<tr>\n<td><b>Inert Ingredients<\/b><\/td>\n<td><\/td>\n<td>98.35%<\/td>\n<\/tr>\n<tr>\n<td><\/td>\n<td>Total<\/td>\n<td>100.00%<\/td>\n<\/tr>\n<\/tbody>\n<\/table>\n<p>*(butylcarbityl) (6-propylpiperonyl) ether and related compounds.<\/p>\n","protected":false},"excerpt":{"rendered":"<h2>Ohren Milbenbehandlung<\/h2>\n<p><strong>Mit beruhigender Aloe Vera<\/strong><\/p>\n<p>Es ist eine hervorragende Lotion die Pyrethrine enth\u00e4lt, die nat\u00fcrliche Insektizide ist, und Aloe Vera f\u00fcr empfindliche Haut enth\u00e4lt. Es t\u00f6tet Ohrmilben und Zecken effektiv und hilft bei Entfernung von Ohrenschmalz. Es ist nicht \u00f6lig, nicht klebrig, ganz nat\u00fcrlich und biologisch abbaubar. Sicher f\u00fcr Hunde, Welpen, Katzen, K\u00e4tzchen und Kaninchen und auch f\u00fcr die Umwelt.<\/p>\n","protected":false},"featured_media":112,"comment_status":"open","ping_status":"closed","template":"","meta":[],"product_brand":[],"product_cat":[22,20],"product_tag":[],"class_list":{"0":"post-50","1":"product","2":"type-product","3":"status-publish","4":"has-post-thumbnail","6":"product_cat-cat-products","7":"product_cat-flea-tick","9":"first","10":"instock","11":"taxable","12":"shipping-taxable","13":"purchasable","14":"product-type-variable"},"jetpack_sharing_enabled":true,"_links":{"self":[{"href":"https:\/\/biogroom.shop\/de\/wp-json\/wp\/v2\/product\/50","targetHints":{"allow":["GET"]}}],"collection":[{"href":"https:\/\/biogroom.shop\/de\/wp-json\/wp\/v2\/product"}],"about":[{"href":"https:\/\/biogroom.shop\/de\/wp-json\/wp\/v2\/types\/product"}],"replies":[{"embeddable":true,"href":"https:\/\/biogroom.shop\/de\/wp-json\/wp\/v2\/comments?post=50"}],"wp:featuredmedia":[{"embeddable":true,"href":"https:\/\/biogroom.shop\/de\/wp-json\/wp\/v2\/media\/112"}],"wp:attachment":[{"href":"https:\/\/biogroom.shop\/de\/wp-json\/wp\/v2\/media?parent=50"}],"wp:term":[{"taxonomy":"product_brand","embeddable":true,"href":"https:\/\/biogroom.shop\/de\/wp-json\/wp\/v2\/product_brand?post=50"},{"taxonomy":"product_cat","embeddable":true,"href":"https:\/\/biogroom.shop\/de\/wp-json\/wp\/v2\/product_cat?post=50"},{"taxonomy":"product_tag","embeddable":true,"href":"https:\/\/biogroom.shop\/de\/wp-json\/wp\/v2\/product_tag?post=50"}],"curies":[{"name":"wp","href":"https:\/\/api.w.org\/{rel}","templated":true}]}}