{"id":43,"date":"2020-02-23T16:04:42","date_gmt":"2020-02-23T15:04:42","guid":{"rendered":"http:\/\/biogroom.shop\/product\/import-placeholder-for-103\/"},"modified":"2025-12-08T12:39:46","modified_gmt":"2025-12-08T11:39:46","slug":"purrfect-white","status":"publish","type":"product","link":"https:\/\/biogroom.shop\/de\/shop\/cat-products\/purrfect-white\/","title":{"rendered":"Purrfect White"},"content":{"rendered":"<p><strong>Anwendung<\/strong><br \/>\nN\u00e4ssen Sie das Fell mit warmem Wasser. Tragen Sie Purrfect White Shampoo auf und massieren Sie es gut in das Fell ein. Vermeiden Sie den Kontakt mit den Augen. Aussp\u00fclen. F\u00fcr besseres Ergebnis shampoonieren und erneut aussp\u00fclen, dann wie gewohnt trocknen und pflegen. Purrfect White kann mit 4 Teilen Wasser verd\u00fcnnt werden.<\/p>\n<p><strong>Inhaltsstoffe<\/strong><br \/>\nGereinigtes Wasser, Reinigungsmittel aus nachwachsenden und zu 100 % biologisch abbaubaren Quellen von Kokosnuss\u00f6l, Sodium Coco Sulfate, Disodium Cocoamphodiacetate, Cocoamidopropylamine Oxide, PEG-4 Rapeseedamide, Cetostearyl Alcohol, Vegetable Glycerine, Hydrolyzed Soy Protein, Panthenol (Vitamin B5), Floral Perfume, Citric Acid, Blue1, Red 33.<\/p>\n","protected":false},"excerpt":{"rendered":"<p><strong>Feuchtigkeitsspendendes und aufhellendes Shampoo<\/strong><br \/>\nPurrfect White \u2122 ist eine mit Protein angereicherte Formel auf Kokos\u00f6l Basis und ein nicht reizendes, hochwertiges Shampoo, das speziell f\u00fcr wei\u00dfes und helles Fell entwickelt wurde. Perlenglanz &#8211; Aufheller verleihen dem Fell Brillanz und Glanz. Bedingungslos garantiert, dass das Fell sauber, glatt und einfach zu handhaben ist. Das Protein in dieser milden Formel auf Kokos\u00f6lbasis verleiht dem Fell Leben und Kraft und beugt Trockenheit vor. Es ist reich und schaumig, hat einen neutralen pH-Wert, ist nicht bleichend und kontrolliert Mattierung, Verfilzungen und wegfliegendes Haar. Sp\u00fclt schnell aus und hinterl\u00e4sst einen frischen, sauberen Geruch.<\/p>\n<p>Sicher bei topischen Floh  und Zecken Behandlungen. Empfohlen von Top-Z\u00fcchtern und professionellen Groomern weltweit.<\/p>\n<p><em>Ohne Tierversuche \u2013 Ohne Seife.<\/em><\/p>\n","protected":false},"featured_media":654,"comment_status":"open","ping_status":"closed","template":"","meta":[],"product_brand":[],"product_cat":[22],"product_tag":[],"class_list":{"0":"post-43","1":"product","2":"type-product","3":"status-publish","4":"has-post-thumbnail","6":"product_cat-cat-products","8":"first","9":"outofstock","10":"taxable","11":"shipping-taxable","12":"purchasable","13":"product-type-simple"},"jetpack_sharing_enabled":true,"_links":{"self":[{"href":"https:\/\/biogroom.shop\/de\/wp-json\/wp\/v2\/product\/43","targetHints":{"allow":["GET"]}}],"collection":[{"href":"https:\/\/biogroom.shop\/de\/wp-json\/wp\/v2\/product"}],"about":[{"href":"https:\/\/biogroom.shop\/de\/wp-json\/wp\/v2\/types\/product"}],"replies":[{"embeddable":true,"href":"https:\/\/biogroom.shop\/de\/wp-json\/wp\/v2\/comments?post=43"}],"wp:featuredmedia":[{"embeddable":true,"href":"https:\/\/biogroom.shop\/de\/wp-json\/wp\/v2\/media\/654"}],"wp:attachment":[{"href":"https:\/\/biogroom.shop\/de\/wp-json\/wp\/v2\/media?parent=43"}],"wp:term":[{"taxonomy":"product_brand","embeddable":true,"href":"https:\/\/biogroom.shop\/de\/wp-json\/wp\/v2\/product_brand?post=43"},{"taxonomy":"product_cat","embeddable":true,"href":"https:\/\/biogroom.shop\/de\/wp-json\/wp\/v2\/product_cat?post=43"},{"taxonomy":"product_tag","embeddable":true,"href":"https:\/\/biogroom.shop\/de\/wp-json\/wp\/v2\/product_tag?post=43"}],"curies":[{"name":"wp","href":"https:\/\/api.w.org\/{rel}","templated":true}]}}