{"id":42,"date":"2020-02-23T16:04:42","date_gmt":"2020-02-23T15:04:42","guid":{"rendered":"http:\/\/biogroom.shop\/product\/import-placeholder-for-100\/"},"modified":"2025-12-08T12:25:49","modified_gmt":"2025-12-08T11:25:49","slug":"klean-kitty","status":"publish","type":"product","link":"https:\/\/biogroom.shop\/de\/shop\/cat-products\/klean-kitty\/","title":{"rendered":"Klean Kitty"},"content":{"rendered":"<h4>Directions<\/h4>\n<p>Machen Sie das Haar gr\u00fcndlich mit Klean Kitty No Rinse Shampoo nass und massieren Sie es gut ein, bis ein leichter Reinigungsschaum erscheint. Mit einem weichen, saugf\u00e4higen Handtuch trocknen und dann einfach b\u00fcrsten, k\u00e4mmen oder f\u00f6hnen.<\/p>\n<h4>Inhaltsstoffe<\/h4>\n<p>Gereinigtes Wasser, Reinigungsmittel aus nachwachsenden und zu 100 % biologisch abbaubaren Quellen von Mais, Kokos- und Palmkern\u00f6len, Sodium Coco Sulfate, Decyl Glucoside, Lauramidopropyl Betaine, PFG-75 Lanolin, Polysorbate 20, Chamomile, Lavendar Fragrance, Phenoxyethanol, Blue 1, Red 33.<\/p>\n<p>Frei von Parabene und k\u00fcnstliche  Verdickungsmittel.<\/p>\n","protected":false},"excerpt":{"rendered":"<p><strong>Shampoo ohne Aussp\u00fclung<\/strong><br \/>\nKlean Kitty \u2122 Shampoo ohne Wasser ist ein sehr kurzes Bad. Enth\u00e4lt Conditioner, der die Haut und Fell optimal aussehen und sich gut anf\u00fchlen l\u00e4sst. Enth\u00e4lt keine aggressiven Chemikalien, hinterl\u00e4sst keine reizenden R\u00fcckst\u00e4nde, pH-Wert ausgeglichen und mild.<\/p>\n<p>Sicher bei topischen Floh  und Zecken Behandlungen. Empfohlen von Top-Z\u00fcchtern und professionellen Groomern weltweit.<\/p>\n<p><em>Ohne Tierversuche &#8211; ohne Seife.<\/em><\/p>\n","protected":false},"featured_media":95,"comment_status":"open","ping_status":"closed","template":"","meta":[],"product_brand":[],"product_cat":[22],"product_tag":[],"class_list":{"0":"post-42","1":"product","2":"type-product","3":"status-publish","4":"has-post-thumbnail","6":"product_cat-cat-products","8":"first","9":"instock","10":"taxable","11":"shipping-taxable","12":"purchasable","13":"product-type-simple"},"jetpack_sharing_enabled":true,"_links":{"self":[{"href":"https:\/\/biogroom.shop\/de\/wp-json\/wp\/v2\/product\/42","targetHints":{"allow":["GET"]}}],"collection":[{"href":"https:\/\/biogroom.shop\/de\/wp-json\/wp\/v2\/product"}],"about":[{"href":"https:\/\/biogroom.shop\/de\/wp-json\/wp\/v2\/types\/product"}],"replies":[{"embeddable":true,"href":"https:\/\/biogroom.shop\/de\/wp-json\/wp\/v2\/comments?post=42"}],"wp:featuredmedia":[{"embeddable":true,"href":"https:\/\/biogroom.shop\/de\/wp-json\/wp\/v2\/media\/95"}],"wp:attachment":[{"href":"https:\/\/biogroom.shop\/de\/wp-json\/wp\/v2\/media?parent=42"}],"wp:term":[{"taxonomy":"product_brand","embeddable":true,"href":"https:\/\/biogroom.shop\/de\/wp-json\/wp\/v2\/product_brand?post=42"},{"taxonomy":"product_cat","embeddable":true,"href":"https:\/\/biogroom.shop\/de\/wp-json\/wp\/v2\/product_cat?post=42"},{"taxonomy":"product_tag","embeddable":true,"href":"https:\/\/biogroom.shop\/de\/wp-json\/wp\/v2\/product_tag?post=42"}],"curies":[{"name":"wp","href":"https:\/\/api.w.org\/{rel}","templated":true}]}}