{"id":41,"date":"2020-02-23T16:04:42","date_gmt":"2020-02-23T15:04:42","guid":{"rendered":"http:\/\/biogroom.shop\/product\/import-placeholder-for-96\/"},"modified":"2025-12-08T12:40:58","modified_gmt":"2025-12-08T11:40:58","slug":"silky-cat","status":"publish","type":"product","link":"https:\/\/biogroom.shop\/de\/shop\/cat-products\/silky-cat\/","title":{"rendered":"Silky Cat"},"content":{"rendered":"<p><strong>Anwendung<\/strong><br \/>\nVerwenden Sie das Konzentrat  oder verd\u00fcnnen Sie 1 Teil mit 4 Teilen Wasser. Das Fell gr\u00fcndlich mit warmem Wasser n\u00e4ssen. Shampoo auftragen und gut in das Fell einmassieren. Sp\u00fclen. Bei kurzhaarigen Rassen: Trocknen und b\u00fcrsten Sie das Fell mit einer weichen B\u00fcrste oder wischen Sie es mit einem weichen Tuch ab, um den Glanz hervorzuheben. Bei langhaarigen Rassen: Trocknen, dann einfach b\u00fcrsten oder k\u00e4mmen.<\/p>\n<p><strong>Inhaltsstoffe<\/strong><br \/>\nGereinigtes Wasser, Reinigungsmittel aus nachwachsender und zu 100 % biologisch abbaubarer Quelle von Kokosnuss\u00f6l, Disodium Cocoamphodiacetate, Cocamide DIPA, PEG-71 Lanolin, Hydrolyzed Soy Protein, Polysorbate 20, Lavendar Fragrance, Phenoxyethanol.<\/p>\n<p>Frei von Parabene und k\u00fcnstliche Verdickungsmittel.<\/p>\n","protected":false},"excerpt":{"rendered":"<p><strong>Tr\u00e4nenloses Protein-Lanolin-Shampoo<\/strong><br \/>\nSilky Cat ist ein baby-mildes Shampoo auf Kokos\u00f6l Basis, das beim Reinigen pflegt. Ist nicht reizend und entfernt keine nat\u00fcrlichen \u00d6le von Haut und Fell. Hebt alle Farben hervor und l\u00e4sst Wei\u00df funkeln. Enth\u00e4lt Lanolin gegen Trockenheit. Das Protein baut das Fell auf und bringt es zum Leuchten. Das Fell wird glatt, handlich und ohne Verfilzungen. Unentbehrlich f\u00fcr strapaziertes und m\u00fcdes Haar. Hilft K\u00f6rperger\u00fcchen zu kontrollieren. Ist ausgeglichen und sp\u00fclt vollst\u00e4ndig aus. Das Fell riecht frisch und sauber. Unbedenklich f\u00fcr Welpen und K\u00e4tzchen.<\/p>\n<p>Sicher bei topischen Floh  und Zecken Behandlungen. Empfohlen von Top-Z\u00fcchtern und professionellen Groomern weltweit.<\/p>\n<p><em>Ohne Tierversuche \u2013 Ohne Seife.<\/em><\/p>\n","protected":false},"featured_media":658,"comment_status":"open","ping_status":"closed","template":"","meta":[],"product_brand":[],"product_cat":[22],"product_tag":[],"class_list":{"0":"post-41","1":"product","2":"type-product","3":"status-publish","4":"has-post-thumbnail","6":"product_cat-cat-products","8":"first","9":"outofstock","10":"taxable","11":"shipping-taxable","12":"purchasable","13":"product-type-simple"},"jetpack_sharing_enabled":true,"_links":{"self":[{"href":"https:\/\/biogroom.shop\/de\/wp-json\/wp\/v2\/product\/41","targetHints":{"allow":["GET"]}}],"collection":[{"href":"https:\/\/biogroom.shop\/de\/wp-json\/wp\/v2\/product"}],"about":[{"href":"https:\/\/biogroom.shop\/de\/wp-json\/wp\/v2\/types\/product"}],"replies":[{"embeddable":true,"href":"https:\/\/biogroom.shop\/de\/wp-json\/wp\/v2\/comments?post=41"}],"wp:featuredmedia":[{"embeddable":true,"href":"https:\/\/biogroom.shop\/de\/wp-json\/wp\/v2\/media\/658"}],"wp:attachment":[{"href":"https:\/\/biogroom.shop\/de\/wp-json\/wp\/v2\/media?parent=41"}],"wp:term":[{"taxonomy":"product_brand","embeddable":true,"href":"https:\/\/biogroom.shop\/de\/wp-json\/wp\/v2\/product_brand?post=41"},{"taxonomy":"product_cat","embeddable":true,"href":"https:\/\/biogroom.shop\/de\/wp-json\/wp\/v2\/product_cat?post=41"},{"taxonomy":"product_tag","embeddable":true,"href":"https:\/\/biogroom.shop\/de\/wp-json\/wp\/v2\/product_tag?post=41"}],"curies":[{"name":"wp","href":"https:\/\/api.w.org\/{rel}","templated":true}]}}