{"id":405,"date":"2020-02-23T16:16:28","date_gmt":"2020-02-23T16:16:28","guid":{"rendered":"http:\/\/biogroom.shop\/product\/import-placeholder-for-811\/"},"modified":"2025-12-06T15:34:44","modified_gmt":"2025-12-06T14:34:44","slug":"indulge-creme-rinse","status":"publish","type":"product","link":"https:\/\/biogroom.shop\/de\/shop\/dog-products\/conditioners\/indulge-creme-rinse\/","title":{"rendered":"Indulge Creme Rinse"},"content":{"rendered":"<p>Purified Water, Stearamidopropyl Dimethylamine, Glycol Stearate, Ceteth-2, Polyethylene Glycol Monostearate, Matricaria Chamomilla, Hydrolyzed Soy Protein, Panthenol, Argan Oil, Aloe Vera, Citric Acid, Fragrance, Phenoxyethanol,100% Biodegradable Conditioners.<\/p>\n","protected":false},"excerpt":{"rendered":"<p><strong>Argan\u00f6l Conditioner<\/strong><br \/>\nIndulge \u2122 Natural Creme Rinse ist eine Formel, die organisches Argan\u00f6l aus Marokko enth\u00e4lt. Hervorragende Feuchtigkeitscreme f\u00fcr Haut und Fell f\u00fcr extrem trockene oder schuppige Haut.<\/p>\n<p>ORGANISCHES ARGAN\u00d6L AUS MAROKKO:<\/p>\n<ul>\n<li>Nat\u00fcrliche Quelle f\u00fcr Vitamin E, Linols\u00e4ure und Omega-6-Fetts\u00e4uren.<\/li>\n<li>Dringt in den Haarschaft und die Haarfollikel ein, um Haut und Fell zu n\u00e4hren.<\/li>\n<li>Enth\u00e4lt Antioxidantien zur Heilung der Haut, die gereizt, rissig, besch\u00e4digt oder trocken ist.<\/li>\n<li>Absorbiert schnell und hinterl\u00e4sst keine \u00f6ligen R\u00fcckst\u00e4nde.<\/li>\n<li>Hilft bei Haarausfall.<\/li>\n<\/ul>\n","protected":false},"featured_media":1382,"comment_status":"open","ping_status":"closed","template":"","meta":[],"product_brand":[],"product_cat":[19],"product_tag":[],"class_list":{"0":"post-405","1":"product","2":"type-product","3":"status-publish","4":"has-post-thumbnail","6":"product_cat-conditioners","8":"first","9":"instock","10":"taxable","11":"shipping-taxable","12":"purchasable","13":"product-type-variable","14":"has-default-attributes"},"jetpack_sharing_enabled":true,"_links":{"self":[{"href":"https:\/\/biogroom.shop\/de\/wp-json\/wp\/v2\/product\/405","targetHints":{"allow":["GET"]}}],"collection":[{"href":"https:\/\/biogroom.shop\/de\/wp-json\/wp\/v2\/product"}],"about":[{"href":"https:\/\/biogroom.shop\/de\/wp-json\/wp\/v2\/types\/product"}],"replies":[{"embeddable":true,"href":"https:\/\/biogroom.shop\/de\/wp-json\/wp\/v2\/comments?post=405"}],"wp:featuredmedia":[{"embeddable":true,"href":"https:\/\/biogroom.shop\/de\/wp-json\/wp\/v2\/media\/1382"}],"wp:attachment":[{"href":"https:\/\/biogroom.shop\/de\/wp-json\/wp\/v2\/media?parent=405"}],"wp:term":[{"taxonomy":"product_brand","embeddable":true,"href":"https:\/\/biogroom.shop\/de\/wp-json\/wp\/v2\/product_brand?post=405"},{"taxonomy":"product_cat","embeddable":true,"href":"https:\/\/biogroom.shop\/de\/wp-json\/wp\/v2\/product_cat?post=405"},{"taxonomy":"product_tag","embeddable":true,"href":"https:\/\/biogroom.shop\/de\/wp-json\/wp\/v2\/product_tag?post=405"}],"curies":[{"name":"wp","href":"https:\/\/api.w.org\/{rel}","templated":true}]}}