{"id":375,"date":"2020-02-23T16:15:05","date_gmt":"2020-02-23T16:15:05","guid":{"rendered":"http:\/\/biogroom.shop\/product\/import-placeholder-for-474\/"},"modified":"2025-12-06T16:09:52","modified_gmt":"2025-12-06T15:09:52","slug":"indulge-spray","status":"publish","type":"product","link":"https:\/\/biogroom.shop\/de\/shop\/dog-products\/conditioners\/indulge-spray\/","title":{"rendered":"Indulge Spray"},"content":{"rendered":"<p><strong>Ingredients<\/strong><br \/>\nPurified water, Cetrimonium Chloride, Vegetable Glycerine, Panthenol (Vitamin B5), Wheat Germ Oil (Vitamin E), Hydrolyzed Soy Protein, Argan Oil, Matricaria Chamomilla, Polysorbate 20, PEG Dimethicone, Fragrance, Phenoxyethanol.<\/p>\n<p><strong>Free Of<\/strong><br \/>\nParabens and Dyes.<\/p>\n","protected":false},"excerpt":{"rendered":"<p><strong>Argan\u00f6l-Spr\u00fchbehandlung<\/strong><br \/>\nIndulge \u2122 Natural Spray Behandlung ist eine t\u00e4gliche Pflegekur mit einer Conditioner &#8211; Formel, die organisches Argan\u00f6l aus Marokko enth\u00e4lt.<\/p>\n<p>ORGANISCHES ARGAN\u00d6L AUS MAROKKO:<\/p>\n<ul>\n<li>Nat\u00fcrliche Quelle f\u00fcr Vitamin E, Linols\u00e4ure und Omega-6-Fetts\u00e4uren.<\/li>\n<li>Dringt in den Haarschaft und die Haarfollikel ein, um Haut und Fell zu n\u00e4hren.<\/li>\n<li>Enth\u00e4lt Antioxidantien zur Heilung der Haut, die gereizt, rissig, besch\u00e4digt oder trocken ist.<\/li>\n<li>Absorbiert schnell und hinterl\u00e4sst keine \u00f6ligen R\u00fcckst\u00e4nde.<\/li>\n<li>Hilft bei Haarausfall.<\/li>\n<li>T\u00e4gliche Pflegekur mit Conditioner.<\/li>\n<\/ul>\n","protected":false},"featured_media":1380,"comment_status":"open","ping_status":"closed","template":"","meta":[],"product_brand":[],"product_cat":[19],"product_tag":[],"class_list":{"0":"post-375","1":"product","2":"type-product","3":"status-publish","4":"has-post-thumbnail","6":"product_cat-conditioners","8":"first","9":"outofstock","10":"featured","11":"taxable","12":"shipping-taxable","13":"purchasable","14":"product-type-variable","15":"has-default-attributes"},"jetpack_sharing_enabled":true,"_links":{"self":[{"href":"https:\/\/biogroom.shop\/de\/wp-json\/wp\/v2\/product\/375","targetHints":{"allow":["GET"]}}],"collection":[{"href":"https:\/\/biogroom.shop\/de\/wp-json\/wp\/v2\/product"}],"about":[{"href":"https:\/\/biogroom.shop\/de\/wp-json\/wp\/v2\/types\/product"}],"replies":[{"embeddable":true,"href":"https:\/\/biogroom.shop\/de\/wp-json\/wp\/v2\/comments?post=375"}],"wp:featuredmedia":[{"embeddable":true,"href":"https:\/\/biogroom.shop\/de\/wp-json\/wp\/v2\/media\/1380"}],"wp:attachment":[{"href":"https:\/\/biogroom.shop\/de\/wp-json\/wp\/v2\/media?parent=375"}],"wp:term":[{"taxonomy":"product_brand","embeddable":true,"href":"https:\/\/biogroom.shop\/de\/wp-json\/wp\/v2\/product_brand?post=375"},{"taxonomy":"product_cat","embeddable":true,"href":"https:\/\/biogroom.shop\/de\/wp-json\/wp\/v2\/product_cat?post=375"},{"taxonomy":"product_tag","embeddable":true,"href":"https:\/\/biogroom.shop\/de\/wp-json\/wp\/v2\/product_tag?post=375"}],"curies":[{"name":"wp","href":"https:\/\/api.w.org\/{rel}","templated":true}]}}