{"id":37,"date":"2020-02-23T16:04:41","date_gmt":"2020-02-23T15:04:41","guid":{"rendered":"http:\/\/biogroom.shop\/product\/import-placeholder-for-70\/"},"modified":"2025-12-08T12:27:55","modified_gmt":"2025-12-08T11:27:55","slug":"kuddly-kitty","status":"publish","type":"product","link":"https:\/\/biogroom.shop\/de\/shop\/cat-products\/kuddly-kitty\/","title":{"rendered":"Kuddly Kitty"},"content":{"rendered":"<h4>Anwendung<\/h4>\n<p>Das Fell gr\u00fcndlich mit warmem Wasser n\u00e4ssen. Kuddly Kitty Shampoo auftragen und gut in das Fell einmassieren. Mit warmem Wasser absp\u00fclen. Trocknen und b\u00fcrsten Sie das Fell mit einer weichen B\u00fcrste oder wischen Sie es mit einem weichen Handtuch ab. Das Konzentrat kann in voller St\u00e4rke verwendet oder mit 2 Teilen Wasser verd\u00fcnnt werden.<\/p>\n<h4>Inhaltsstoffe<\/h4>\n<p>Gereinigtes Wasser, Reinigungsmittel aus nachwachsenden und zu 100 % biologisch abbaubaren Quellen von Mais, Kokos- und Palmkern\u00f6len, Disodium Cocoamphodiacetate, Decyl Glucoside, Sodium Laureth Sulfate, PEG-71 Lanolin, Lauramidopropyl Betaine, Bishydroxyethyl Dihydroxypropyl Stearammonium Chloride, Cocomide MIPA, Vegetable Glycerine, Aloe Vera, Lavender Fragrance, Citric Acid, Red 40, Yellow 6.<\/p>\n<p>Frei von Parabene und k\u00fcnstliche Verdickungsmittel.<\/p>\n","protected":false},"excerpt":{"rendered":"<p><strong>Tr\u00e4nenloses K\u00e4tzchen Shampoo<\/strong><br \/>\nKuddly Kitty\u2122 Shampoo ist ein Seifen freies Pflegeshampoo f\u00fcr K\u00e4tzchen. Dieses reine und nat\u00fcrliche Shampoo reinigt gr\u00fcndlich und m\u00fchelos, ohne die fetthaltige Schutzschicht von Haut und Fell zu entfernen. Kuddly Kitty Shampoo macht das Fell flauschig und frisch. Sp\u00fclt schnell und vollst\u00e4ndig f\u00fcr ungeduldigen K\u00e4tzchen aus. Hilft K\u00f6rperger\u00fcche zu kontrollieren. Ist ausgeglichen und hinterl\u00e4sst keine reizenden R\u00fcckst\u00e4nde.<\/p>\n<p>Sicher bei topischen Floh und Zecken Behandlungen. Empfohlen von Top-Z\u00fcchtern und professionellen Groomern weltweit.<\/p>\n<p><em>Ohne Tierversuche \u2013 Ohne Seife.<\/em><\/p>\n","protected":false},"featured_media":657,"comment_status":"open","ping_status":"closed","template":"","meta":[],"product_brand":[],"product_cat":[22],"product_tag":[],"class_list":{"0":"post-37","1":"product","2":"type-product","3":"status-publish","4":"has-post-thumbnail","6":"product_cat-cat-products","8":"first","9":"outofstock","10":"taxable","11":"shipping-taxable","12":"purchasable","13":"product-type-simple"},"jetpack_sharing_enabled":true,"_links":{"self":[{"href":"https:\/\/biogroom.shop\/de\/wp-json\/wp\/v2\/product\/37","targetHints":{"allow":["GET"]}}],"collection":[{"href":"https:\/\/biogroom.shop\/de\/wp-json\/wp\/v2\/product"}],"about":[{"href":"https:\/\/biogroom.shop\/de\/wp-json\/wp\/v2\/types\/product"}],"replies":[{"embeddable":true,"href":"https:\/\/biogroom.shop\/de\/wp-json\/wp\/v2\/comments?post=37"}],"wp:featuredmedia":[{"embeddable":true,"href":"https:\/\/biogroom.shop\/de\/wp-json\/wp\/v2\/media\/657"}],"wp:attachment":[{"href":"https:\/\/biogroom.shop\/de\/wp-json\/wp\/v2\/media?parent=37"}],"wp:term":[{"taxonomy":"product_brand","embeddable":true,"href":"https:\/\/biogroom.shop\/de\/wp-json\/wp\/v2\/product_brand?post=37"},{"taxonomy":"product_cat","embeddable":true,"href":"https:\/\/biogroom.shop\/de\/wp-json\/wp\/v2\/product_cat?post=37"},{"taxonomy":"product_tag","embeddable":true,"href":"https:\/\/biogroom.shop\/de\/wp-json\/wp\/v2\/product_tag?post=37"}],"curies":[{"name":"wp","href":"https:\/\/api.w.org\/{rel}","templated":true}]}}