{"id":365,"date":"2020-02-23T16:14:35","date_gmt":"2020-02-23T16:14:35","guid":{"rendered":"http:\/\/biogroom.shop\/product\/import-placeholder-for-451\/"},"modified":"2025-12-06T14:02:43","modified_gmt":"2025-12-06T13:02:43","slug":"indulge","status":"publish","type":"product","link":"https:\/\/biogroom.shop\/de\/shop\/dog-products\/shampoos\/indulge\/","title":{"rendered":"Indulge Argan Oil Shampoo"},"content":{"rendered":"<p><strong>Ingredients<\/strong><br \/>\nPurified Water, Disodium Cocoamphodiacetate, Alpha Olefin Sulfonate, Cocoamidopropyl Hydroxysultaine, Soy Protein, Vegetable Glycerin, Polysorbate 60, Bishydroxyethyl Dihydroxpropyl Stearammonium Chloride, Argan Oil, Ethylene Glycol Distearate, Fragrance, Phenoxyethanol, Citric Acid.<\/p>\n<p><strong>Free Of:<\/strong><br \/>\nParabens and dyes.<\/p>\n","protected":false},"excerpt":{"rendered":"<p><strong>Sulfat freies Argan\u00f6l-Shampoo<\/strong><br \/>\nIndulge\u2122 ist eine nat\u00fcrlich milde Verw\u00f6hnung f\u00fcr Ihren Hausaristokraten mit. SULFAT FREIES Shampoo mit 100 % reinem Bio-Argan\u00f6l aus den H\u00fcgeln Marokkos.<\/p>\n<p>ORGANISCHES ARGAN\u00d6L AUS MAROKKO:<\/p>\n<ul>\n<li>Nat\u00fcrliche Quelle f\u00fcr Vitamin E, Linols\u00e4ure und Omega-6-Fetts\u00e4uren.<\/li>\n<li>Dringt in den Haarschaft und die Haarfollikel ein, um Haut und Fell zu n\u00e4hren.<\/li>\n<li>Enth\u00e4lt Antioxidanten zur Heilung der Haut, die gereizt, rissig, besch\u00e4digt oder trocken ist.<\/li>\n<li>Absorbiert schnell und hinterl\u00e4sst keine \u00f6ligen R\u00fcckst\u00e4nde.<\/li>\n<li>Nat\u00fcrliche Reinigungsmittel aus nachwachsender und zu 100 % biologisch<\/li>\n<li>abbaubarer Kokosnuss\u00f6l Quelle.<\/li>\n<\/ul>\n","protected":false},"featured_media":1383,"comment_status":"open","ping_status":"closed","template":"","meta":[],"product_brand":[],"product_cat":[18],"product_tag":[],"class_list":{"0":"post-365","1":"product","2":"type-product","3":"status-publish","4":"has-post-thumbnail","6":"product_cat-shampoos","8":"first","9":"instock","10":"taxable","11":"shipping-taxable","12":"purchasable","13":"product-type-variable","14":"has-default-attributes"},"jetpack_sharing_enabled":true,"_links":{"self":[{"href":"https:\/\/biogroom.shop\/de\/wp-json\/wp\/v2\/product\/365","targetHints":{"allow":["GET"]}}],"collection":[{"href":"https:\/\/biogroom.shop\/de\/wp-json\/wp\/v2\/product"}],"about":[{"href":"https:\/\/biogroom.shop\/de\/wp-json\/wp\/v2\/types\/product"}],"replies":[{"embeddable":true,"href":"https:\/\/biogroom.shop\/de\/wp-json\/wp\/v2\/comments?post=365"}],"wp:featuredmedia":[{"embeddable":true,"href":"https:\/\/biogroom.shop\/de\/wp-json\/wp\/v2\/media\/1383"}],"wp:attachment":[{"href":"https:\/\/biogroom.shop\/de\/wp-json\/wp\/v2\/media?parent=365"}],"wp:term":[{"taxonomy":"product_brand","embeddable":true,"href":"https:\/\/biogroom.shop\/de\/wp-json\/wp\/v2\/product_brand?post=365"},{"taxonomy":"product_cat","embeddable":true,"href":"https:\/\/biogroom.shop\/de\/wp-json\/wp\/v2\/product_cat?post=365"},{"taxonomy":"product_tag","embeddable":true,"href":"https:\/\/biogroom.shop\/de\/wp-json\/wp\/v2\/product_tag?post=365"}],"curies":[{"name":"wp","href":"https:\/\/api.w.org\/{rel}","templated":true}]}}