{"id":353,"date":"2020-02-23T16:13:58","date_gmt":"2020-02-23T16:13:58","guid":{"rendered":"http:\/\/biogroom.shop\/product\/import-placeholder-for-439\/"},"modified":"2025-12-08T11:10:27","modified_gmt":"2025-12-08T10:10:27","slug":"pro-white-smooth","status":"publish","type":"product","link":"https:\/\/biogroom.shop\/de\/shop\/dog-products\/finishers\/pro-white-smooth\/","title":{"rendered":"Pro-White Smooth Coat"},"content":{"rendered":"<p><strong>Anwendung<\/strong><br \/>\nTragen Sie die Puder auf trockenes oder feuchtes Fell auf. F\u00fcr beste Ergebnisse tupfen Sie vorsichtig mit der flachen Hand die Puder in das Fell. Bei Bedarf wiederholen. Gr\u00fcndlich b\u00fcrsten.<\/p>\n<p>AUSSERHALB DER REICHWEITE VON KINDERN AUFBEWAHREN.<\/p>\n","protected":false},"excerpt":{"rendered":"<p><strong>Pflegepuder<\/strong><br \/>\nPro-White\u2122 Pflegepuder ist eine einzigartige Puder, die speziell f\u00fcr Feinheit und Weichheit sowie f\u00fcr mehr Helligkeit und bessere Absorbierbarkeit entwickelt wurde.<\/p>\n<p>\u2022 Reinigt, texturiert und deodoriert<br \/>\n\u2022 Leicht auszub\u00fcrsten &#8211; l\u00e4sst das Fell gut gepflegt aussehen<br \/>\n\u2022 L\u00e4sst das Fell nicht tr\u00fcb oder matt aussehen<br \/>\n\u2022 Nimmt \u00fcbersch\u00fcssige Feuchtigkeit und \u00d6le auf<br \/>\n\u2022 Unentbehrlich f\u00fcr Urin verschmutzte Stellen<br \/>\n\u2022 Wirksam bei allen Rassen und alle Fellfarben<br \/>\n\u2022 Enth\u00e4lt keine Scheuermittel oder sch\u00e4dlichen Zus\u00e4tze<br \/>\n\u2022 Ungiftig, nicht reizend, unbedenklich<\/p>\n<p>Verst\u00e4rkt die Farbe und nat\u00fcrliche Sch\u00f6nheit des Fells<br \/>\nSicher bei topischen Floh und Zecken Behandlungen. Empfohlen von Top-Z\u00fcchtern und professionellen Groomern weltweit.<\/p>\n<p>Ohne Tierversuche<\/p>\n","protected":false},"featured_media":403,"comment_status":"open","ping_status":"closed","template":"","meta":[],"product_brand":[],"product_cat":[38],"product_tag":[],"class_list":{"0":"post-353","1":"product","2":"type-product","3":"status-publish","4":"has-post-thumbnail","6":"product_cat-finishers","8":"first","9":"instock","10":"taxable","11":"shipping-taxable","12":"purchasable","13":"product-type-variable","14":"has-default-attributes"},"jetpack_sharing_enabled":true,"_links":{"self":[{"href":"https:\/\/biogroom.shop\/de\/wp-json\/wp\/v2\/product\/353","targetHints":{"allow":["GET"]}}],"collection":[{"href":"https:\/\/biogroom.shop\/de\/wp-json\/wp\/v2\/product"}],"about":[{"href":"https:\/\/biogroom.shop\/de\/wp-json\/wp\/v2\/types\/product"}],"replies":[{"embeddable":true,"href":"https:\/\/biogroom.shop\/de\/wp-json\/wp\/v2\/comments?post=353"}],"wp:featuredmedia":[{"embeddable":true,"href":"https:\/\/biogroom.shop\/de\/wp-json\/wp\/v2\/media\/403"}],"wp:attachment":[{"href":"https:\/\/biogroom.shop\/de\/wp-json\/wp\/v2\/media?parent=353"}],"wp:term":[{"taxonomy":"product_brand","embeddable":true,"href":"https:\/\/biogroom.shop\/de\/wp-json\/wp\/v2\/product_brand?post=353"},{"taxonomy":"product_cat","embeddable":true,"href":"https:\/\/biogroom.shop\/de\/wp-json\/wp\/v2\/product_cat?post=353"},{"taxonomy":"product_tag","embeddable":true,"href":"https:\/\/biogroom.shop\/de\/wp-json\/wp\/v2\/product_tag?post=353"}],"curies":[{"name":"wp","href":"https:\/\/api.w.org\/{rel}","templated":true}]}}