{"id":350,"date":"2020-02-23T16:13:57","date_gmt":"2020-02-23T16:13:57","guid":{"rendered":"http:\/\/biogroom.shop\/product\/import-placeholder-for-433\/"},"modified":"2025-12-08T11:55:09","modified_gmt":"2025-12-08T10:55:09","slug":"spray-set","status":"publish","type":"product","link":"https:\/\/biogroom.shop\/de\/shop\/dog-products\/finishers\/spray-set\/","title":{"rendered":"Spray Set"},"content":{"rendered":"<p><strong>Vorteile<\/strong><\/p>\n<p>Verleiht dem Fell Glanz und au\u00dfergew\u00f6hnliche Gl\u00e4tte. Kontrolliert statische Aufladung und verhindert den Verlust nat\u00fcrlicher Feuchtigkeit aus dem Fell. Bl\u00e4ttert nicht ab und kann leicht ausgewaschen werden. Enth\u00e4lt keinen Lack und sch\u00e4digt das Fell nicht. Ungiftig, nicht reizend und sicher.<\/p>\n<p><strong>Anwendung<\/strong><br \/>\nNach dem Waschen auf trockenes oder nasses Fell spr\u00fchen &#8211; dann einfach b\u00fcrsten oder k\u00e4mmen.<\/p>\n<p><strong>Zutaten<\/strong><br \/>\nFrei von Parabene und \u00d6le.<\/p>\n","protected":false},"excerpt":{"rendered":"<p><strong>Extra starker Halt<\/strong><br \/>\nSpray Set\u2122 wurde speziell f\u00fcr Hunderassen entwickelt, bei denen eine festere Fellstruktur gew\u00fcnscht wird. Diese schnell trocknende, wetterfeste Formel verleiht dem Fell zus\u00e4tzlichen Halt, ohne dass es sich steif, klebrig oder gummiartig anf\u00fchlt. H\u00e4lt auch bei hoher Luftfeuchtigkeit. Leichtes K\u00e4mmen auf nassem und trockenem Haar &#8211; ohne Haarverlust. Verleiht dem Fell Glanz und au\u00dfergew\u00f6hnliche Gl\u00e4tte. Vermeidet statische Aufladung und verhindert den Verlust nat\u00fcrlicher Feuchtigkeit aus dem Fell. Bl\u00e4ttert nicht ab und kann leicht ausgewaschen werden. Enth\u00e4lt keinen Lack und sch\u00e4digt das Fell nicht. Ungiftig, nicht reizend und unbedenklich.<\/p>\n<p>Sicher bei topischen Floh und Zecken Behandlungen. Empfohlen von Top-Z\u00fcchtern und professionellen Groomern weltweit.<\/p>\n<p><em>Ohne Tierversuche \u2013 100 % biologisch abbaubar.<\/em><\/p>\n","protected":false},"featured_media":400,"comment_status":"open","ping_status":"closed","template":"","meta":[],"product_brand":[],"product_cat":[38],"product_tag":[],"class_list":{"0":"post-350","1":"product","2":"type-product","3":"status-publish","4":"has-post-thumbnail","6":"product_cat-finishers","8":"first","9":"instock","10":"taxable","11":"shipping-taxable","12":"purchasable","13":"product-type-variable","14":"has-default-attributes"},"jetpack_sharing_enabled":true,"_links":{"self":[{"href":"https:\/\/biogroom.shop\/de\/wp-json\/wp\/v2\/product\/350","targetHints":{"allow":["GET"]}}],"collection":[{"href":"https:\/\/biogroom.shop\/de\/wp-json\/wp\/v2\/product"}],"about":[{"href":"https:\/\/biogroom.shop\/de\/wp-json\/wp\/v2\/types\/product"}],"replies":[{"embeddable":true,"href":"https:\/\/biogroom.shop\/de\/wp-json\/wp\/v2\/comments?post=350"}],"wp:featuredmedia":[{"embeddable":true,"href":"https:\/\/biogroom.shop\/de\/wp-json\/wp\/v2\/media\/400"}],"wp:attachment":[{"href":"https:\/\/biogroom.shop\/de\/wp-json\/wp\/v2\/media?parent=350"}],"wp:term":[{"taxonomy":"product_brand","embeddable":true,"href":"https:\/\/biogroom.shop\/de\/wp-json\/wp\/v2\/product_brand?post=350"},{"taxonomy":"product_cat","embeddable":true,"href":"https:\/\/biogroom.shop\/de\/wp-json\/wp\/v2\/product_cat?post=350"},{"taxonomy":"product_tag","embeddable":true,"href":"https:\/\/biogroom.shop\/de\/wp-json\/wp\/v2\/product_tag?post=350"}],"curies":[{"name":"wp","href":"https:\/\/api.w.org\/{rel}","templated":true}]}}