{"id":34,"date":"2020-02-23T16:04:41","date_gmt":"2020-02-23T15:04:41","guid":{"rendered":"http:\/\/biogroom.shop\/product\/import-placeholder-for-61\/"},"modified":"2025-12-08T12:24:21","modified_gmt":"2025-12-08T11:24:21","slug":"flea-tick","status":"publish","type":"product","link":"https:\/\/biogroom.shop\/de\/shop\/cat-products\/flea-tick\/","title":{"rendered":"Flea &#038; Tick"},"content":{"rendered":"<h4>Anwendung<\/h4>\n<p>LESEN SIE DAS GESAMTE ETIKETT VOR JEDEM GEBRAUCH<\/p>\n<p>NUR F\u00dcR HUNDE UND KATZEN VERWENDEN<\/p>\n<p>Es verst\u00f6\u00dft gegen das Bundesgesetz, dieses Produkt in einer Weise zu verwenden, die nicht mit seiner Kennzeichnung vereinbar ist.<\/p>\n<h4>Hunde &#038; Katzen<\/h4>\n<p>Verwenden Sie es wie es ist oder verd\u00fcnnen Sie 1 Teil mit 4 Teilen Wasser. Das Fell gr\u00fcndlich mit warmem Wasser n\u00e4ssen. Shampoo auftragen und gut in das Fell einmassieren. Lassen Sie den Schaum 10 Minuten lang stehen, wenn Fl\u00f6he, Zecken oder L\u00e4use vorhanden sind (bei starkem Befall nicht verd\u00fcnnt verwenden). Mit warmem Wasser absp\u00fclen, trocknen und wie gewohnt pflegen. Bei Bedarf alle 7 Tage wiederholen. Nicht bei Welpen oder K\u00e4tzchen unter 12 Wochen anwenden.<\/p>\n<p>Konsultieren Sie einen Tierarzt vor der Anwendung dieses Produkts bei kranken, geschw\u00e4chten, alten, schwangeren oder stillenden Tieren.<\/p>\n<h4>Erste Hilfe<\/h4>\n<p>Nach der Anwendung eines Pestizids f\u00fcr Haustiere kann eine Empfindlichkeit auftreten. Wenn Anzeichen von Empfindlichkeit auftreten, baden Sie Ihr Haustier mit milder Seife und sp\u00fclen Sie es mit gro\u00dfen Mengen Wasser aus. Wenn die Anzeichen weiterhin bestehen, wenden Sie sich sofort an einen Tierarzt.<\/p>\n<h4>Lagerung und Entsorgung<\/h4>\n<p>Lagerung von Pestiziden: An einem k\u00fchlen, trockenen und f\u00fcr Kinder und Tiere unzug\u00e4nglichen Ort lagern. In einem verschlossenen Originalbeh\u00e4lter aufbewahren, fern von Lebensmitteln und Futtermitteln.<\/p>\n<p>Entsorgung von Pestiziden und Handhabung von Beh\u00e4ltern: Nicht nachf\u00fcllbarer Beh\u00e4lter. Verwenden Sie diesen Beh\u00e4lter nicht wieder und f\u00fcllen Sie ihn nicht nach.<\/p>\n<p>Wenn leer: In den Wertstoffm\u00fcll werfen (gelbe Tonne).<\/p>\n<p>Wenn teilweise gef\u00fcllt: Wenden Sie sich an Ihre \u00f6rtliche Abfallbeh\u00f6rde, um Anweisungen zur Entsorgung zu erhalten. Stellen Sie niemals unbenutztes Produkt in einen Abfluss im Innen- oder Au\u00dfenbereich.<\/p>\n<h4>Ingredients<\/h4>\n<table border=\"0\" width=\"100%\" cellspacing=\"0\" cellpadding=\"0\">\n<tbody>\n<tr>\n<td><b>Active Ingredient<\/b><\/td>\n<td><\/td>\n<\/tr>\n<tr>\n<td>Pyrethrins<\/td>\n<td>0.045%<\/td>\n<\/tr>\n<tr>\n<td>*Piperonyl Butoxide,Technical<\/td>\n<td>0.090%<\/td>\n<\/tr>\n<tr>\n<td>N-Octyl Bicycloheptene Dicarboximide<\/td>\n<td>0.150%<\/td>\n<\/tr>\n<tr>\n<td><b>Inert Ingredients<\/b><\/td>\n<td>99.715%<\/td>\n<\/tr>\n<\/tbody>\n<\/table>\n<p>*Consists of .072% of (butylcarbityl) (6-propylpiperonyl) ether and .018% of related compounds.<\/p>\n","protected":false},"excerpt":{"rendered":"<p><strong>Mit Protein-Lanolin angereichertes Shampoo<\/strong><br \/>\nFlea &#038; Tick ist ein konditionierendes Shampoo-Konzentrat, das PYRETHRINE zur wirksamen Bek\u00e4mpfung von Fl\u00f6hen, L\u00e4usen und Zecken enth\u00e4lt. Inhaltsstoffe aus Kokosnuss\u00f6l in dieser Formel reinigen sanft, heben alle Farben hervor und lassen Wei\u00df funkeln. Das Protein und Lanolin in diesem Shampoo pflegt Haut und Fell, beugt Trockenheit vor und verleiht dem Fell einen tiefen Glanz und Schimmer. Das Fell ist glatt, handlich und ohne Verfilzungen. Der pH-Wert ist ausgeglichen, mild, sp\u00fclt vollst\u00e4ndig aus und das Fell riecht frisch und sauber.<\/p>\n<p>\u2022 Enth\u00e4lt Pyrethrine<br \/>\n\u2022 T\u00f6tet Fl\u00f6he, L\u00e4use und Zecken<br \/>\n\u2022 Spendet Feuchtigkeit<br \/>\n\u2022 Deodoriert<br \/>\n\u2022 L\u00e4sst das Fell strahlen und gl\u00e4nzen<\/p>\n","protected":false},"featured_media":656,"comment_status":"open","ping_status":"closed","template":"","meta":[],"product_brand":[],"product_cat":[22],"product_tag":[],"class_list":{"0":"post-34","1":"product","2":"type-product","3":"status-publish","4":"has-post-thumbnail","6":"product_cat-cat-products","8":"first","9":"instock","10":"taxable","11":"shipping-taxable","12":"purchasable","13":"product-type-simple"},"jetpack_sharing_enabled":true,"_links":{"self":[{"href":"https:\/\/biogroom.shop\/de\/wp-json\/wp\/v2\/product\/34","targetHints":{"allow":["GET"]}}],"collection":[{"href":"https:\/\/biogroom.shop\/de\/wp-json\/wp\/v2\/product"}],"about":[{"href":"https:\/\/biogroom.shop\/de\/wp-json\/wp\/v2\/types\/product"}],"replies":[{"embeddable":true,"href":"https:\/\/biogroom.shop\/de\/wp-json\/wp\/v2\/comments?post=34"}],"wp:featuredmedia":[{"embeddable":true,"href":"https:\/\/biogroom.shop\/de\/wp-json\/wp\/v2\/media\/656"}],"wp:attachment":[{"href":"https:\/\/biogroom.shop\/de\/wp-json\/wp\/v2\/media?parent=34"}],"wp:term":[{"taxonomy":"product_brand","embeddable":true,"href":"https:\/\/biogroom.shop\/de\/wp-json\/wp\/v2\/product_brand?post=34"},{"taxonomy":"product_cat","embeddable":true,"href":"https:\/\/biogroom.shop\/de\/wp-json\/wp\/v2\/product_cat?post=34"},{"taxonomy":"product_tag","embeddable":true,"href":"https:\/\/biogroom.shop\/de\/wp-json\/wp\/v2\/product_tag?post=34"}],"curies":[{"name":"wp","href":"https:\/\/api.w.org\/{rel}","templated":true}]}}