{"id":338,"date":"2020-02-23T16:13:24","date_gmt":"2020-02-23T16:13:24","guid":{"rendered":"http:\/\/biogroom.shop\/product\/import-placeholder-for-427\/"},"modified":"2025-12-08T11:40:41","modified_gmt":"2025-12-08T10:40:41","slug":"coat-polish-2","status":"publish","type":"product","link":"https:\/\/biogroom.shop\/de\/shop\/dog-products\/finishers\/coat-polish-2\/","title":{"rendered":"Coat Polish"},"content":{"rendered":"<p><strong>Free Of<\/strong><br \/>\nParabens and oils.<\/p>\n","protected":false},"excerpt":{"rendered":"<p><strong>Spr\u00fchglanz<\/strong><br \/>\nDiese spezielle Formel wurde entwickelt, um dem Fell einen gesunden Glanz zu verleihen. Es hebt alle Farben hervor und h\u00e4lt Hunde und Katzen l\u00e4nger gepflegt. Es wurde speziell entwickelt, um Staub und Schmutz abzuweisen und Flecken zu vermeiden. Entwirrt verfilztes Haar und h\u00e4lt es l\u00e4nger gl\u00e4nzend und leicht zu pflegen. Nicht \u00f6lig, nicht klebrig und sicher.<\/p>\n<p>Sicher bei topischen Floh und Zecken Behandlungen. Empfohlen von Top-Z\u00fcchtern und professionellen Groomern weltweit.<\/p>\n<p>Ohne Tierversuche &#8211; mild.<\/p>\n","protected":false},"featured_media":733,"comment_status":"open","ping_status":"closed","template":"","meta":[],"product_brand":[],"product_cat":[38],"product_tag":[],"class_list":{"0":"post-338","1":"product","2":"type-product","3":"status-publish","4":"has-post-thumbnail","6":"product_cat-finishers","8":"first","9":"outofstock","10":"taxable","11":"shipping-taxable","12":"purchasable","13":"product-type-variable","14":"has-default-attributes"},"jetpack_sharing_enabled":true,"_links":{"self":[{"href":"https:\/\/biogroom.shop\/de\/wp-json\/wp\/v2\/product\/338","targetHints":{"allow":["GET"]}}],"collection":[{"href":"https:\/\/biogroom.shop\/de\/wp-json\/wp\/v2\/product"}],"about":[{"href":"https:\/\/biogroom.shop\/de\/wp-json\/wp\/v2\/types\/product"}],"replies":[{"embeddable":true,"href":"https:\/\/biogroom.shop\/de\/wp-json\/wp\/v2\/comments?post=338"}],"wp:featuredmedia":[{"embeddable":true,"href":"https:\/\/biogroom.shop\/de\/wp-json\/wp\/v2\/media\/733"}],"wp:attachment":[{"href":"https:\/\/biogroom.shop\/de\/wp-json\/wp\/v2\/media?parent=338"}],"wp:term":[{"taxonomy":"product_brand","embeddable":true,"href":"https:\/\/biogroom.shop\/de\/wp-json\/wp\/v2\/product_brand?post=338"},{"taxonomy":"product_cat","embeddable":true,"href":"https:\/\/biogroom.shop\/de\/wp-json\/wp\/v2\/product_cat?post=338"},{"taxonomy":"product_tag","embeddable":true,"href":"https:\/\/biogroom.shop\/de\/wp-json\/wp\/v2\/product_tag?post=338"}],"curies":[{"name":"wp","href":"https:\/\/api.w.org\/{rel}","templated":true}]}}