{"id":334,"date":"2020-02-23T16:13:23","date_gmt":"2020-02-23T16:13:23","guid":{"rendered":"http:\/\/biogroom.shop\/product\/import-placeholder-for-418\/"},"modified":"2026-02-16T12:55:18","modified_gmt":"2026-02-16T11:55:18","slug":"econo-groom","status":"publish","type":"product","link":"https:\/\/biogroom.shop\/de\/shop\/dog-products\/shampoos\/econo-groom\/","title":{"rendered":"Econo-Groom"},"content":{"rendered":"<p><strong>Ingredients<\/strong><br \/>\nPurified Water, Sodium Coco Sulfate, Disodium Cocoamphodiacetate, Lauramide MEA, Propylene Glycol, Lanolin, Hydrolyzed Soy Protein, Fragrance.<\/p>\n<p><strong>Free Of<\/strong><br \/>\nParabens, colors and artificial thickeners.<\/p>\n","protected":false},"excerpt":{"rendered":"<h2>Tr\u00e4nenfrei &#8211; 30 zu 1 Konzentrat<\/h2>\n<p>Econo-Groom\u00ae ist eine mit Protein und Lanolin angereicherte Konditionierung-formel f\u00fcr den t\u00e4glichen Gebrauch von professionellen Groomer. H\u00f6chste Qualit\u00e4t kombienert mit maximaler Wirtschaftlichkeit.<\/p>\n<p>Kann auch bei Floh und Zecken Behandlungen benutzt werden. Empfohlen von Top-Z\u00fcchtern und professionellen Groomer weltweit.<\/p>\n<p><em>Ohne Tierversuche \u2013 Ohne Seife.<\/em><\/p>\n<ul>\n<li>Verleiht dem Fell St\u00e4rke und Glanz.<\/li>\n<li>Verleiht Feuchtigkeit und pflegt die Haut.<\/li>\n<li>Mildes, hypoallergenes konzentriertes Shampoo.<\/li>\n<li>Schnell und einfach zu sp\u00fclen &#8211; hinterl\u00e4sst keine R\u00fcckst\u00e4nde.<\/li>\n<li>Nat\u00fcrliche Reinigungsmittel aus nachwachsenden und zu 100 % biologisch abbaubaren Quellen von Kokosnuss\u00f6l.<\/li>\n<\/ul>\n","protected":false},"featured_media":621,"comment_status":"open","ping_status":"closed","template":"","meta":[],"product_brand":[],"product_cat":[18],"product_tag":[],"class_list":{"0":"post-334","1":"product","2":"type-product","3":"status-publish","4":"has-post-thumbnail","6":"product_cat-shampoos","8":"first","9":"instock","10":"featured","11":"taxable","12":"shipping-taxable","13":"purchasable","14":"product-type-variable","15":"has-default-attributes"},"jetpack_sharing_enabled":true,"_links":{"self":[{"href":"https:\/\/biogroom.shop\/de\/wp-json\/wp\/v2\/product\/334","targetHints":{"allow":["GET"]}}],"collection":[{"href":"https:\/\/biogroom.shop\/de\/wp-json\/wp\/v2\/product"}],"about":[{"href":"https:\/\/biogroom.shop\/de\/wp-json\/wp\/v2\/types\/product"}],"replies":[{"embeddable":true,"href":"https:\/\/biogroom.shop\/de\/wp-json\/wp\/v2\/comments?post=334"}],"wp:featuredmedia":[{"embeddable":true,"href":"https:\/\/biogroom.shop\/de\/wp-json\/wp\/v2\/media\/621"}],"wp:attachment":[{"href":"https:\/\/biogroom.shop\/de\/wp-json\/wp\/v2\/media?parent=334"}],"wp:term":[{"taxonomy":"product_brand","embeddable":true,"href":"https:\/\/biogroom.shop\/de\/wp-json\/wp\/v2\/product_brand?post=334"},{"taxonomy":"product_cat","embeddable":true,"href":"https:\/\/biogroom.shop\/de\/wp-json\/wp\/v2\/product_cat?post=334"},{"taxonomy":"product_tag","embeddable":true,"href":"https:\/\/biogroom.shop\/de\/wp-json\/wp\/v2\/product_tag?post=334"}],"curies":[{"name":"wp","href":"https:\/\/api.w.org\/{rel}","templated":true}]}}