{"id":321,"date":"2020-02-23T16:12:57","date_gmt":"2020-02-23T16:12:57","guid":{"rendered":"http:\/\/biogroom.shop\/product\/import-placeholder-for-406\/"},"modified":"2025-12-06T14:06:50","modified_gmt":"2025-12-06T13:06:50","slug":"natural-oatmeal-2","status":"publish","type":"product","link":"https:\/\/biogroom.shop\/de\/shop\/dog-products\/shampoos\/natural-oatmeal-2\/","title":{"rendered":"Natural Oatmeal"},"content":{"rendered":"<p><strong>Inhaltsstoffe<\/strong><\/p>\n<p>Gereinigtes Wasser, 2% (RAW) Colloidal Oatmeal USP, Decyl Glucoside, Disodium Cocoamphodiacetate, Sodium Laureth Sulfate, Lauramidopropyl Betaine, Bishydroxyethyl Dihydroxypropyl Stearammonium Chloride, Cocomide DIPA, Vegetable Glycerine, Aloe Vera, Citric Acid, Rainfall Fragrance, Phenoxyethanol.<\/p>\n<p><em>Frei von Parabene und Farbstoffen.<\/em><\/p>\n<p><strong>Mehr Information<\/strong><\/p>\n<p>\u2022 Bio-Groom verwendet kolloidale Haferflocken; bei Shampoos 2% &#8211; bei Cremesp\u00fclungen 10%<br \/>\n\u2022 2014 als Hautschutzmittel der Kategorie 1 zugelassen &#8211; Die Verwendung in der Kategorie F\u00f6deral Register umfasst kleinere Schnitte, Kratzspuren, Verbrennungen, rissige Haut, Giftefeu, Gifteiche, Sumachgew\u00e4chse und Insektenstiche.<br \/>\n\u2022 Die FDA erkennt kolloidales Haferflocken als G.R.A.S* an &#8211; allgemein als sicher anerkannt.<br \/>\n\u2022 Nat\u00fcrliche kolloidale Haferflocken sind f\u00fcr ihre hohen Proteingehalt und Beta-Glucan bekannt.<br \/>\n\u2022 Hervorragende Antioxidans Quelle.<br \/>\n\u2022 Kolloidale Haferflocken werden fein gemahlen, damit das Getreide leicht Fl\u00fcssigkeit aufnehmen und sich einmischen kann, anstatt sich auf dem Boden abzusetzen.<br \/>\n\u2022 Lindert Juckreiz, spendet Feuchtigkeit, macht die Haut weich und gibt Schutz.<br \/>\n\u2022 Besteht aus 12,5% &#8211; 19% Protein<\/p>\n<p><strong>Andere Produkte<\/strong><\/p>\n<p>\u2022 Verwenden Sie Haferprotein &#8211; das zu weniger als 2% aus Protein besteht<br \/>\n\u2022 Verwenden Sie Haferextrakte &#8211; die zu 0% aus Protein bestehen<br \/>\n\u2022 Beide Optionen enthalten \u00fcber 90% Wasser.<\/p>\n<p>* Generally Recognized As Safe<\/p>\n","protected":false},"excerpt":{"rendered":"<p><strong>Feuchtigkeitsspendendes Shampoo gegen Juckreiz<\/strong><br \/>\nDas nat\u00fcrliche Haferflocken-Shampoo von Bio-Groom wird mit nat\u00fcrlichen kolloidalen Haferflocken USP hergestellt. Kolloidale Haferflocken sind als hochwirksam f\u00fcr Haut und Fell bekannt.<\/p>\n<p>Sicher bei topischen Floh und Zecken Behandlungen. Empfohlen von Top-Z\u00fcchtern und professionellen Groomern weltweit.<\/p>\n<p><em>Ohne Tierversuche \u2013 Ohne Seife.<\/em><\/p>\n<p>\u2022 Lindert Juckreiz und sch\u00fctzt die Haut bei kleinen Schnitten, Kratzspuren, Verbrennungen, rissiger Haut und Insektenstichen.<br \/>\n\u2022 Verleiht der Haut mehr Feuchtigkeit.<br \/>\n\u2022 Reduziert R\u00f6tungen und Reizungen.<br \/>\n\u2022 Hervorragende Antioxidans Quelle.<br \/>\n\u2022 Nat\u00fcrliche Reinigungsmittel aus nachwachsenden und zu 100 % biologisch abbaubaren Quellen von Mais-, Kokosnuss- und Palmkern\u00f6len.<br \/>\n\u2022 Unbedenklich f\u00fcr Welpen, K\u00e4tzchen und unsere Umwelt.<br \/>\n\u2022 Biologisch abbaubar und ausgeglichener pH-Wert.<\/p>\n","protected":false},"featured_media":627,"comment_status":"open","ping_status":"closed","template":"","meta":[],"product_brand":[],"product_cat":[18],"product_tag":[],"class_list":{"0":"post-321","1":"product","2":"type-product","3":"status-publish","4":"has-post-thumbnail","6":"product_cat-shampoos","8":"first","9":"instock","10":"taxable","11":"shipping-taxable","12":"purchasable","13":"product-type-variable","14":"has-default-attributes"},"jetpack_sharing_enabled":true,"_links":{"self":[{"href":"https:\/\/biogroom.shop\/de\/wp-json\/wp\/v2\/product\/321","targetHints":{"allow":["GET"]}}],"collection":[{"href":"https:\/\/biogroom.shop\/de\/wp-json\/wp\/v2\/product"}],"about":[{"href":"https:\/\/biogroom.shop\/de\/wp-json\/wp\/v2\/types\/product"}],"replies":[{"embeddable":true,"href":"https:\/\/biogroom.shop\/de\/wp-json\/wp\/v2\/comments?post=321"}],"wp:featuredmedia":[{"embeddable":true,"href":"https:\/\/biogroom.shop\/de\/wp-json\/wp\/v2\/media\/627"}],"wp:attachment":[{"href":"https:\/\/biogroom.shop\/de\/wp-json\/wp\/v2\/media?parent=321"}],"wp:term":[{"taxonomy":"product_brand","embeddable":true,"href":"https:\/\/biogroom.shop\/de\/wp-json\/wp\/v2\/product_brand?post=321"},{"taxonomy":"product_cat","embeddable":true,"href":"https:\/\/biogroom.shop\/de\/wp-json\/wp\/v2\/product_cat?post=321"},{"taxonomy":"product_tag","embeddable":true,"href":"https:\/\/biogroom.shop\/de\/wp-json\/wp\/v2\/product_tag?post=321"}],"curies":[{"name":"wp","href":"https:\/\/api.w.org\/{rel}","templated":true}]}}