{"id":314,"date":"2020-02-23T16:12:29","date_gmt":"2020-02-23T16:12:29","guid":{"rendered":"http:\/\/biogroom.shop\/product\/import-placeholder-for-400\/"},"modified":"2025-12-06T12:34:22","modified_gmt":"2025-12-06T11:34:22","slug":"bio-med","status":"publish","type":"product","link":"https:\/\/biogroom.shop\/de\/shop\/dog-products\/shampoos\/bio-med\/","title":{"rendered":"Bio-Med"},"content":{"rendered":"<p><strong>Active Ingredient &#038; Purpose<\/strong><br \/>\nCoal tar 0.5% \u2013 Anti-seborrheic dermatitis<\/p>\n<p><strong>Inactive Ingredients<\/strong><br \/>\nwater, disodium cocamphodiacetate, sodium lauryl sulfate, lauramide MEA, polysorbate 20, fragrance.<\/p>\n","protected":false},"excerpt":{"rendered":"<h2>Steinkohlenteer topische L\u00f6sung<\/h2>\n<p>Die pharmazeutischen Inhaltsstoffe von Bio-Med \u2122 Shampoo haben sich bei Hauterkrankungen als hochwirksam erwiesen. Die au\u00dfergew\u00f6hnlich milde Shampoo-Basis dieser Formel ist sanft zu Haut und Haaren, die durch Kratzen und Bei\u00dfen besch\u00e4digt wurden. F\u00e4rbt nicht, macht das Fell sauber, glatt und gehorsam.<\/p>\n<p>Zur vor\u00fcbergehenden Linderung von Juckreiz und Schuppenbildung bei seborrhoischer Dermatitis.<\/p>\n<p><em>Mindert Symptome von Schuppenbildung, seborrhoischer Dermatitis, Jucken und Bei\u00dfen.<\/em><\/p>\n","protected":false},"featured_media":614,"comment_status":"open","ping_status":"closed","template":"","meta":[],"product_brand":[],"product_cat":[18],"product_tag":[],"class_list":{"0":"post-314","1":"product","2":"type-product","3":"status-publish","4":"has-post-thumbnail","6":"product_cat-shampoos","8":"first","9":"instock","10":"taxable","11":"shipping-taxable","12":"purchasable","13":"product-type-variable","14":"has-default-attributes"},"jetpack_sharing_enabled":true,"_links":{"self":[{"href":"https:\/\/biogroom.shop\/de\/wp-json\/wp\/v2\/product\/314","targetHints":{"allow":["GET"]}}],"collection":[{"href":"https:\/\/biogroom.shop\/de\/wp-json\/wp\/v2\/product"}],"about":[{"href":"https:\/\/biogroom.shop\/de\/wp-json\/wp\/v2\/types\/product"}],"replies":[{"embeddable":true,"href":"https:\/\/biogroom.shop\/de\/wp-json\/wp\/v2\/comments?post=314"}],"wp:featuredmedia":[{"embeddable":true,"href":"https:\/\/biogroom.shop\/de\/wp-json\/wp\/v2\/media\/614"}],"wp:attachment":[{"href":"https:\/\/biogroom.shop\/de\/wp-json\/wp\/v2\/media?parent=314"}],"wp:term":[{"taxonomy":"product_brand","embeddable":true,"href":"https:\/\/biogroom.shop\/de\/wp-json\/wp\/v2\/product_brand?post=314"},{"taxonomy":"product_cat","embeddable":true,"href":"https:\/\/biogroom.shop\/de\/wp-json\/wp\/v2\/product_cat?post=314"},{"taxonomy":"product_tag","embeddable":true,"href":"https:\/\/biogroom.shop\/de\/wp-json\/wp\/v2\/product_tag?post=314"}],"curies":[{"name":"wp","href":"https:\/\/api.w.org\/{rel}","templated":true}]}}