{"id":303,"date":"2020-02-23T16:12:05","date_gmt":"2020-02-23T15:12:05","guid":{"rendered":"http:\/\/biogroom.shop\/product\/import-placeholder-for-388\/"},"modified":"2025-12-06T11:54:51","modified_gmt":"2025-12-06T10:54:51","slug":"super-white","status":"publish","type":"product","link":"https:\/\/biogroom.shop\/de\/shop\/dog-products\/shampoos\/super-white\/","title":{"rendered":"Super White"},"content":{"rendered":"<h3>BIOGROOM SUPER WHITE<br \/>\nSpezial Shampoo f\u00fcr Hunde mit hellem Fell.<\/h3>\n<p>Hellt das Fell auf, intensiviert helle Fellfarben, reinigt und pflegt.<br \/>\nNicht nur f\u00fcr wei\u00df fellige Hunde! F\u00fcr alle hellen Fellfarben geeignet.<\/p>\n<p>Bew\u00e4hrte, professionelle Qualit\u00e4t vom Markenf\u00fchrer aus den USA.<br \/>\n\u2013 Wir sind autorisierter Vertriebspartner von BIOGROOM \u2013<\/p>\n<p><strong>Was kann das Shampoo?<\/strong><br \/>\nBereits nach einer Anwendung wird das Fell strahlender und die nat\u00fcrliche Farbe wird intensiviert.<\/p>\n<p><strong>Warum sollte ich dieses Shampoo nehmen?<\/strong><br \/>\nMan findet kaum ein Shampoo mit besserem Preis-Leistungs-Verh\u00e4ltnis. Daher wird BIOGROOM von professionellen Salons verwendet. Neben einer schonenden, aber dennoch starken Reinigung verleiht das SUPER WHITE dem Fell einen sch\u00f6nen Glanz, das Fell wird leichter k\u00e4mmbar, intensiviert helle Fellfarben und versorgt zudem Fell und Haut mit wichtigen N\u00e4hrstoffen.<\/p>\n<p><strong>Was ist das Besondere an dem Shampoo?<\/strong><br \/>\nDie Anwendung hellt nicht nur das Haar auf und intensiviert die nat\u00fcrliche Farbe. Es kann das Haar kr\u00e4ftigen, das Volumen steigern, die Haar Neubildung f\u00f6rdern und den Haarwuchs anregen. Deshalb ist das Shampoo im professionellem Umfeld zu finden, wie zum Beispiel in Hunde Salons und auch beliebt zur Verwendung f\u00fcr Ausstellungen.<\/p>\n<p><strong>F\u00fcr was steht eigentlich BIOGROOM?<\/strong><br \/>\nSeit dem Jahr 1971 forscht, testet und verfeinert BIOGROOM seine Rezepturen und ist damit seit \u00fcber f\u00fcnf Jahrzehnten eine der f\u00fchrenden Marken f\u00fcr die Fellpflege von Tieren. BIO bedeutet in diesem Zusammenhang, dass besonderes Wert gelegt wird auf hoch qualitative, wirsame, schonende und pflegende Inhaltsstoffe aus der Natur.<\/p>\n<p><strong>Und wer ist BIOGROOM?<\/strong><br \/>\nDas Unternehmen ist der Markenf\u00fchrer aus den USA. Viele professionelle Hunde Salons auf der ganzen Welt schw\u00f6ren auf die herausragende, bew\u00e4hrte Qualit\u00e4t. Viele Sch\u00f6nheits-Champion auf Ausstellungen verwenden BIOGROOM.<\/p>\n<p><strong>Ist das Shampoo teuer?<\/strong><br \/>\n\u00dcberhaupt nicht! Wenn man Shampoo vergleicht, also auf die Qualit\u00e4t von Inhaltsstoffen, das Preis-Leistungs-Verh\u00e4ltnis, nat\u00fcrlich auf das Ergebnis bei Anwendung sowie auf Reinigungs- und Pflege Wirkung schaut, wird BIOGROOM Ihr Favorit sein.<\/p>\n<p><strong>Sagt nicht jeder, dass er der Beste ist?<\/strong><br \/>\nHaben Sie schon einmal BIOGROOM Werbung gesehen? Wahrscheinlich nicht, weil die herausragende Qualit\u00e4t f\u00fcr sich spricht und unter Experten bekannt und beliebt ist.<\/p>\n<p><strong>Andere Hunde Shampoos sind g\u00fcnstiger?<\/strong><br \/>\nAchtung! Bei SUPER WHITE Shampoo handelt es sich um Konzentrat im Verh\u00e4ltnis 1 zu 8. Somit ergeben die rund 355 Milliliter Inhalt insgesamt etwas mehr als 3,2 Liter Shampoo. Setzt man die Inhaltsstoffe, das Ergebnis der W\u00e4sche, die Menge und den Preis ins Verh\u00e4ltnis, wird man kaum ein besseres Shampoo in diesem Segment finden.<\/p>\n<p><strong>Wie ergiebig ist das Shampoo?<\/strong><br \/>\nJe nach Gr\u00f6\u00dfe des Hundes k\u00f6nnen mit rund 355ml Konzentrat bis zu 95 W\u00e4schen vorgenommen werden.<\/p>\n<p><strong>Lieber ein g\u00fcnstiges Shampoo, das eigene Duschgel oder eines aus dem Supermarkt?<\/strong><br \/>\nDiese Shampoos sind nicht auf das Tierhaar abgestimmt, es k\u00f6nnen somit erhebliche, langfristige und dauerhafte Sch\u00e4digungen entstehen. Billiges oder f\u00fcr Menschen hergestelltes Shampoo kann brennen und jucken hervorrufen, Schuppen, Verpilzung und Haarausfall f\u00f6rdern, Parasiten (Zecken und Fl\u00f6he u.a.) anlocken sowie Schmutz anziehen, aber auch den Fellglanz nehmen.<\/p>\n<p>G\u00f6nne Deinem Hund dieses Shampoo f\u00fcr ein helles, intensiv scheinendes und gesund versorgtes Fell!<\/p>\n<p><strong>Ingredients<\/strong><br \/>\nPurified Water, Sodium Coco Sulfate, Disodium Cocoamphodiacetate, Cocoamidopropylamine Oxide, PEG-4 Rapeseedamide, Vegetable Glycerine, Hydrolyzed Soy Protein, Ethylene Glycol Distearate, Panthenol (Pro Vitamin B5), Floral Perfume, Citric Acid, Blue1, Red 33.<\/p>\n<p><strong>Free Of<\/strong><br \/>\nParabens and dyes.<\/p>\n","protected":false},"excerpt":{"rendered":"<p><strong>Aufheller<\/strong><br \/>\n<strong>Bio-Groom Super White<\/strong>\u2122 ist ein mildes Shampoo hoher Qualit\u00e4t, das speziell f\u00fcr wei\u00dfes und helles Fell entwickelt wurde<\/p>\n<p>Sicher bei topischen Floh und Zecken Behandlungen. Empfohlen von Top-Z\u00fcchtern und professionellen Groomern weltweit.<\/p>\n<p><em>Ohne Tierversuche \u2013 Ohne Seife.<\/em><\/p>\n<p>\u2022 Spezielle Perlenglanz &#8211; Aufheller bringen Brillanz und<br \/>\n\u2022 gl\u00e4nzende Akzente in das Fell.<br \/>\n\u2022 Sojaprotein verleiht Kraft und St\u00e4rke.<br \/>\n\u2022 Hilft Trockenheit des Fells zu vermeiden.<br \/>\n\u2022 Bedingungslose Garantie, dass das Fell danach sauber, glatt und leicht zu pflegen ist.<br \/>\n\u2022 Nat\u00fcrliches Reinigungsmittel hergestellt aus einer 100% biologisch<br \/>\nabbaubaren und nachwachsenden Quellen von Kokosnuss\u00f6l.<br \/>\n\u2022 Reichhaltiger Schaum der sich schnell heraus sp\u00fclen l\u00e4sst, und hinterl\u00e4sst das Fell mit einem frischen, sauberen Geruch.<\/p>\n","protected":false},"featured_media":632,"comment_status":"open","ping_status":"closed","template":"","meta":[],"product_brand":[],"product_cat":[18],"product_tag":[],"class_list":{"0":"post-303","1":"product","2":"type-product","3":"status-publish","4":"has-post-thumbnail","6":"product_cat-shampoos","8":"first","9":"instock","10":"featured","11":"taxable","12":"shipping-taxable","13":"purchasable","14":"product-type-variable","15":"has-default-attributes"},"jetpack_sharing_enabled":true,"_links":{"self":[{"href":"https:\/\/biogroom.shop\/de\/wp-json\/wp\/v2\/product\/303","targetHints":{"allow":["GET"]}}],"collection":[{"href":"https:\/\/biogroom.shop\/de\/wp-json\/wp\/v2\/product"}],"about":[{"href":"https:\/\/biogroom.shop\/de\/wp-json\/wp\/v2\/types\/product"}],"replies":[{"embeddable":true,"href":"https:\/\/biogroom.shop\/de\/wp-json\/wp\/v2\/comments?post=303"}],"wp:featuredmedia":[{"embeddable":true,"href":"https:\/\/biogroom.shop\/de\/wp-json\/wp\/v2\/media\/632"}],"wp:attachment":[{"href":"https:\/\/biogroom.shop\/de\/wp-json\/wp\/v2\/media?parent=303"}],"wp:term":[{"taxonomy":"product_brand","embeddable":true,"href":"https:\/\/biogroom.shop\/de\/wp-json\/wp\/v2\/product_brand?post=303"},{"taxonomy":"product_cat","embeddable":true,"href":"https:\/\/biogroom.shop\/de\/wp-json\/wp\/v2\/product_cat?post=303"},{"taxonomy":"product_tag","embeddable":true,"href":"https:\/\/biogroom.shop\/de\/wp-json\/wp\/v2\/product_tag?post=303"}],"curies":[{"name":"wp","href":"https:\/\/api.w.org\/{rel}","templated":true}]}}