{"id":295,"date":"2020-02-23T16:11:43","date_gmt":"2020-02-23T15:11:43","guid":{"rendered":"http:\/\/biogroom.shop\/product\/import-placeholder-for-382\/"},"modified":"2025-12-06T13:01:03","modified_gmt":"2025-12-06T12:01:03","slug":"fluffy-puppy","status":"publish","type":"product","link":"https:\/\/biogroom.shop\/de\/shop\/dog-products\/shampoos\/fluffy-puppy\/","title":{"rendered":"Fluffy Puppy"},"content":{"rendered":"<p><strong>Ingredients<\/strong><br \/>\nPurified Water, Disodium Cocoamphodiacetate, Decyl Glucoside, Sodium Laureth Sulfate, PEG-75 Lanolin, Lauramidopropyl Betaine, Bishydroxyethyl Dihydroxypropyl Stearammonium Chloride, Cocamide MIPA, Vegetable Glycerine, Aloe Vera, Lavender Fragrance, Phenoxyethanol, Citric Acid, Red 40, Yellow 6<\/p>\n<p><strong>Free Of<\/strong><br \/>\nParabens and artificial thickeners.<\/p>\n","protected":false},"excerpt":{"rendered":"<p><b>Tr\u00e4nen freies Shampoo<\/b><\/p>\n<p>Fluffy Puppy \u2122 Shampoo wurde speziell f\u00fcr empfindliche Haut und empfindliches Fell von Welpen entwickelt.<\/p>\n<p>Sicher bei topischen Floh und Zecken Behandlungen. Empfohlen von Top-Z\u00fcchtern und professionellen Grommern weltweit.<\/p>\n<p><em>Ohne Tierversuche \u2013 Ohne Seife.<\/em><\/p>\n<ul>\n<li>Nachgewiesen mild.<\/li>\n<li>Besch\u00e4digt nicht die nat\u00fcrliche fetthaltige Schutzschicht von Haut und Fell<\/li>\n<li>Enth\u00e4lt Sojaprotein, das das Fell st\u00e4rkt und die Haut pflegt.<\/li>\n<li>L\u00e4sst sich schnell und vollst\u00e4ndig heraus Sp\u00fclen bei ungeduldigen Welpen.<\/li>\n<li>Das Fell des Welpen wird flauschig und frisch.<\/li>\n<li>Nat\u00fcrliche Reinigungsmittel aus nachwachsenden und zu 100 % biologisch abbaubaren Quellen von Mais, Kokosnuss und Palmkern\u00f6l.<\/li>\n<\/ul>\n","protected":false},"featured_media":624,"comment_status":"open","ping_status":"closed","template":"","meta":[],"product_brand":[],"product_cat":[18],"product_tag":[],"class_list":{"0":"post-295","1":"product","2":"type-product","3":"status-publish","4":"has-post-thumbnail","6":"product_cat-shampoos","8":"first","9":"instock","10":"taxable","11":"shipping-taxable","12":"purchasable","13":"product-type-variable","14":"has-default-attributes"},"jetpack_sharing_enabled":true,"_links":{"self":[{"href":"https:\/\/biogroom.shop\/de\/wp-json\/wp\/v2\/product\/295","targetHints":{"allow":["GET"]}}],"collection":[{"href":"https:\/\/biogroom.shop\/de\/wp-json\/wp\/v2\/product"}],"about":[{"href":"https:\/\/biogroom.shop\/de\/wp-json\/wp\/v2\/types\/product"}],"replies":[{"embeddable":true,"href":"https:\/\/biogroom.shop\/de\/wp-json\/wp\/v2\/comments?post=295"}],"wp:featuredmedia":[{"embeddable":true,"href":"https:\/\/biogroom.shop\/de\/wp-json\/wp\/v2\/media\/624"}],"wp:attachment":[{"href":"https:\/\/biogroom.shop\/de\/wp-json\/wp\/v2\/media?parent=295"}],"wp:term":[{"taxonomy":"product_brand","embeddable":true,"href":"https:\/\/biogroom.shop\/de\/wp-json\/wp\/v2\/product_brand?post=295"},{"taxonomy":"product_cat","embeddable":true,"href":"https:\/\/biogroom.shop\/de\/wp-json\/wp\/v2\/product_cat?post=295"},{"taxonomy":"product_tag","embeddable":true,"href":"https:\/\/biogroom.shop\/de\/wp-json\/wp\/v2\/product_tag?post=295"}],"curies":[{"name":"wp","href":"https:\/\/api.w.org\/{rel}","templated":true}]}}