{"id":291,"date":"2020-02-23T16:11:42","date_gmt":"2020-02-23T16:11:42","guid":{"rendered":"http:\/\/biogroom.shop\/product\/import-placeholder-for-373\/"},"modified":"2026-03-26T13:09:00","modified_gmt":"2026-03-26T12:09:00","slug":"waterless-bath","status":"publish","type":"product","link":"https:\/\/biogroom.shop\/de\/shop\/dog-products\/shampoos\/waterless-bath\/","title":{"rendered":"Waterless Bath"},"content":{"rendered":"<p><strong>Ingredients<\/strong><br \/>\nPurified Water, Sodium Coco Sulfate, Decyl Glucoside, Lauramidopropyl Betaine, PEG-75 Lanolin, Polysorbate 20, Chamomile, Lavendar Fragrance, Phenoxyethanol, Blue1, Red 33.<\/p>\n<p><strong>Free Of<\/strong><br \/>\nParabens and artificial thickeners.<\/p>\n","protected":false},"excerpt":{"rendered":"<p><strong>Tr\u00e4nenloses Shampoo ohne Auswaschen<\/strong><br \/>\nWaterless Bath\u2122 ist ein Bad ohne Wasser und erm\u00f6glicht das Shampoonieren ohne Benetzen oder Sp\u00fclen, wenn das Baden nicht m\u00f6glich ist. Waterless Bath \u2122 enth\u00e4lt Konditioniere, mit denen Haut und Fell optimal aussehen und sich gut anf\u00fchlen. Es enth\u00e4lt keine aggressiven Chemikalien, hinterl\u00e4sst keine reizenden R\u00fcckst\u00e4nde und hat ausgeglichen pH-Wert und ist \u00e4u\u00dferst mild.<\/p>\n<p>Sicher bei topischen Floh und Zecken Behandlungen. Empfohlen von Top-Z\u00fcchtern und professionellen Groomern weltweit.<\/p>\n<p><em>Ohne Tierversuche \u2013 Ohne Seife.<\/em><\/p>\n<p>\u2022 Entfernt Flecken<br \/>\n\u2022 Kann zwischen den B\u00e4dern benutzt werden<br \/>\n\u2022 Bei schlechtem Wetter<br \/>\n\u2022 Um die Verfolgung zu Hause zu verhindern<br \/>\n\u2022 Zum Reinigen und Deodorieren<br \/>\n\u2022 F\u00fcr die Pflege von Welpen und K\u00e4tzchen<br \/>\n\u2022 Nach der Operation<br \/>\n\u2022 Unerwartete Verschmutzungen<br \/>\n\u2022 F\u00fcr alte und kranke Haustiere<\/p>\n","protected":false},"featured_media":634,"comment_status":"open","ping_status":"closed","template":"","meta":[],"product_brand":[],"product_cat":[18],"product_tag":[],"class_list":{"0":"post-291","1":"product","2":"type-product","3":"status-publish","4":"has-post-thumbnail","6":"product_cat-shampoos","8":"first","9":"instock","10":"taxable","11":"shipping-taxable","12":"purchasable","13":"product-type-variable","14":"has-default-attributes"},"jetpack_sharing_enabled":true,"_links":{"self":[{"href":"https:\/\/biogroom.shop\/de\/wp-json\/wp\/v2\/product\/291","targetHints":{"allow":["GET"]}}],"collection":[{"href":"https:\/\/biogroom.shop\/de\/wp-json\/wp\/v2\/product"}],"about":[{"href":"https:\/\/biogroom.shop\/de\/wp-json\/wp\/v2\/types\/product"}],"replies":[{"embeddable":true,"href":"https:\/\/biogroom.shop\/de\/wp-json\/wp\/v2\/comments?post=291"}],"wp:featuredmedia":[{"embeddable":true,"href":"https:\/\/biogroom.shop\/de\/wp-json\/wp\/v2\/media\/634"}],"wp:attachment":[{"href":"https:\/\/biogroom.shop\/de\/wp-json\/wp\/v2\/media?parent=291"}],"wp:term":[{"taxonomy":"product_brand","embeddable":true,"href":"https:\/\/biogroom.shop\/de\/wp-json\/wp\/v2\/product_brand?post=291"},{"taxonomy":"product_cat","embeddable":true,"href":"https:\/\/biogroom.shop\/de\/wp-json\/wp\/v2\/product_cat?post=291"},{"taxonomy":"product_tag","embeddable":true,"href":"https:\/\/biogroom.shop\/de\/wp-json\/wp\/v2\/product_tag?post=291"}],"curies":[{"name":"wp","href":"https:\/\/api.w.org\/{rel}","templated":true}]}}