{"id":288,"date":"2020-02-23T16:11:42","date_gmt":"2020-02-23T16:11:42","guid":{"rendered":"http:\/\/biogroom.shop\/product\/import-placeholder-for-367\/"},"modified":"2025-12-06T12:23:14","modified_gmt":"2025-12-06T11:23:14","slug":"wiry-coat","status":"publish","type":"product","link":"https:\/\/biogroom.shop\/de\/shop\/dog-products\/shampoos\/wiry-coat\/","title":{"rendered":"Wiry Coat"},"content":{"rendered":"<p><strong>Ingredients<\/strong><br \/>\nPurified Water, Sodium Coco Sulfate, Decyl Glucoside, Cocoamidopropylamine Oxide, PEG-4 Rapeseedamide, Perfume, Citric Acid, Phenoxyethanol, Blue1, Red 33.<\/p>\n<p><strong>Free Of<\/strong><br \/>\nParabens and artificial thickeners.<\/p>\n","protected":false},"excerpt":{"rendered":"<p><strong>Strukturshampoo<\/strong><br \/>\nWiry Coat Strukturshampoo wurde speziell f\u00fcr drahtige Felltypen entwickelt, um nat\u00fcrlich groben, drahtigen und trockenen Haaren die gew\u00fcnschte Fellstruktur zu verleihen.<\/p>\n<p>Sicher bei topischen Floh und Zecken Behandlungen. Empfohlen von Top-Z\u00fcchtern und professionellen Groomern weltweit.<\/p>\n<p><em>Ohne Tierversuche \u2013 Ohne Seife.<\/em><\/p>\n<p>\u2022 Nachgewiesene Milde.<br \/>\n\u2022 Verleiht dem Fell Grobheit und F\u00fclle.<br \/>\n\u2022 Enth\u00e4lt hydrolysiertes resorbierbares Sojaprotein, um das Fell zu st\u00e4rken und es glatt und gl\u00e4nzend zu machen.<br \/>\n\u2022 Ergibt einen schnellen, reichhaltigen Schaum, der r\u00fcckstandsfrei ist und eine schnellere Sp\u00fclzeit bietet.<br \/>\n\u2022 Reinigungsmittel aus nachwachsender und zu 100% biologisch abbaubarer Kokosnuss\u00f6l Quelle.<\/p>\n","protected":false},"featured_media":638,"comment_status":"open","ping_status":"closed","template":"","meta":[],"product_brand":[],"product_cat":[18],"product_tag":[],"class_list":{"0":"post-288","1":"product","2":"type-product","3":"status-publish","4":"has-post-thumbnail","6":"product_cat-shampoos","8":"first","9":"instock","10":"taxable","11":"shipping-taxable","12":"purchasable","13":"product-type-variable","14":"has-default-attributes"},"jetpack_sharing_enabled":true,"_links":{"self":[{"href":"https:\/\/biogroom.shop\/de\/wp-json\/wp\/v2\/product\/288","targetHints":{"allow":["GET"]}}],"collection":[{"href":"https:\/\/biogroom.shop\/de\/wp-json\/wp\/v2\/product"}],"about":[{"href":"https:\/\/biogroom.shop\/de\/wp-json\/wp\/v2\/types\/product"}],"replies":[{"embeddable":true,"href":"https:\/\/biogroom.shop\/de\/wp-json\/wp\/v2\/comments?post=288"}],"wp:featuredmedia":[{"embeddable":true,"href":"https:\/\/biogroom.shop\/de\/wp-json\/wp\/v2\/media\/638"}],"wp:attachment":[{"href":"https:\/\/biogroom.shop\/de\/wp-json\/wp\/v2\/media?parent=288"}],"wp:term":[{"taxonomy":"product_brand","embeddable":true,"href":"https:\/\/biogroom.shop\/de\/wp-json\/wp\/v2\/product_brand?post=288"},{"taxonomy":"product_cat","embeddable":true,"href":"https:\/\/biogroom.shop\/de\/wp-json\/wp\/v2\/product_cat?post=288"},{"taxonomy":"product_tag","embeddable":true,"href":"https:\/\/biogroom.shop\/de\/wp-json\/wp\/v2\/product_tag?post=288"}],"curies":[{"name":"wp","href":"https:\/\/api.w.org\/{rel}","templated":true}]}}