{"id":28,"date":"2020-02-23T16:04:40","date_gmt":"2020-02-23T16:04:40","guid":{"rendered":"http:\/\/biogroom.shop\/product\/import-placeholder-for-46\/"},"modified":"2025-12-06T16:18:48","modified_gmt":"2025-12-06T15:18:48","slug":"silk","status":"publish","type":"product","link":"https:\/\/biogroom.shop\/de\/shop\/dog-products\/conditioners\/silk\/","title":{"rendered":"Silk"},"content":{"rendered":"<p><strong>Ingredients<\/strong><br \/>\nPurified Water, Stearmidopropyl Dimethylamine, Glycol Stearate, Ceteth-2, Polyethylene Glycol Monostearate, Matricaria Chamomilla, Hydrolyzed Soy Protein, Panthenol (Pro Vitamin B5), Aloe Vera, Citric Acid, Lavender Fragrance, Phenoxyethanol, Red 40, 100% Biodegradable Conditioners.<\/p>\n<p><strong>Free Of<\/strong><br \/>\nParabens, silicones, and common allergens.<\/p>\n","protected":false},"excerpt":{"rendered":"<p><strong>Cremesp\u00fclung <\/strong><br \/>\nSilk\u2122 wurde entwickelt als ein neues Konzept der Cremesp\u00fclung mit Kamillenbl\u00fctenextrakt.<\/p>\n<p>Sicher bei topischen Floh und Zecken Behandlungen. Empfohlen von Top-Z\u00fcchtern und professionellen Groomern weltweit.<\/p>\n<p><em>Ohne Tierversuche &#8211; ohne Tr\u00e4nen.<\/em><\/p>\n<ul>\n<li>Spendet Feuchtigkeit an Haut und Fell.<\/li>\n<li>Baut das Fell wieder auf und verleiht St\u00e4rke.<\/li>\n<li>Kontrolle \u00fcber weg fliegende Haare.<\/li>\n<li>Hilft Verfilzungen zu entfernen.<\/li>\n<li>Hinterl\u00e4sst keine R\u00fcckst\u00e4nde und macht das Haar unglaublich einfach zu handhaben.<\/li>\n<li>Unbedenklich f\u00fcr Welpen, K\u00e4tzchen und unsere Umwelt.<\/li>\n<\/ul>\n","protected":false},"featured_media":648,"comment_status":"open","ping_status":"closed","template":"","meta":[],"product_brand":[],"product_cat":[19],"product_tag":[],"class_list":{"0":"post-28","1":"product","2":"type-product","3":"status-publish","4":"has-post-thumbnail","6":"product_cat-conditioners","8":"first","9":"instock","10":"featured","11":"taxable","12":"shipping-taxable","13":"purchasable","14":"product-type-variable","15":"has-default-attributes"},"jetpack_sharing_enabled":true,"_links":{"self":[{"href":"https:\/\/biogroom.shop\/de\/wp-json\/wp\/v2\/product\/28","targetHints":{"allow":["GET"]}}],"collection":[{"href":"https:\/\/biogroom.shop\/de\/wp-json\/wp\/v2\/product"}],"about":[{"href":"https:\/\/biogroom.shop\/de\/wp-json\/wp\/v2\/types\/product"}],"replies":[{"embeddable":true,"href":"https:\/\/biogroom.shop\/de\/wp-json\/wp\/v2\/comments?post=28"}],"wp:featuredmedia":[{"embeddable":true,"href":"https:\/\/biogroom.shop\/de\/wp-json\/wp\/v2\/media\/648"}],"wp:attachment":[{"href":"https:\/\/biogroom.shop\/de\/wp-json\/wp\/v2\/media?parent=28"}],"wp:term":[{"taxonomy":"product_brand","embeddable":true,"href":"https:\/\/biogroom.shop\/de\/wp-json\/wp\/v2\/product_brand?post=28"},{"taxonomy":"product_cat","embeddable":true,"href":"https:\/\/biogroom.shop\/de\/wp-json\/wp\/v2\/product_cat?post=28"},{"taxonomy":"product_tag","embeddable":true,"href":"https:\/\/biogroom.shop\/de\/wp-json\/wp\/v2\/product_tag?post=28"}],"curies":[{"name":"wp","href":"https:\/\/api.w.org\/{rel}","templated":true}]}}