{"id":273,"date":"2020-02-23T16:11:15","date_gmt":"2020-02-23T16:11:15","guid":{"rendered":"http:\/\/biogroom.shop\/product\/import-placeholder-for-355\/"},"modified":"2025-12-06T14:38:39","modified_gmt":"2025-12-06T13:38:39","slug":"so-gentle-2","status":"publish","type":"product","link":"https:\/\/biogroom.shop\/de\/shop\/dog-products\/shampoos\/so-gentle-2\/","title":{"rendered":"So Gentle"},"content":{"rendered":"<p><strong>Ingredients<\/strong><br \/>\nPurified Water, Disodium Cocoamphodiacetate, Decyl Glucoside, Sodium Laureth Sulfate, Lauramidopropyl Betaine, Bishydroxyethyl Dihydroxypropyl Stearammonium Chloride, Cocomide MIPA, Vegetable Glycerine, Phenoxyethanol, Citic Acid.<\/p>\n<p><strong>Free Of<\/strong><br \/>\nPerfumes, dyes, parabens, artificial thickeners and common allergens.<\/p>\n","protected":false},"excerpt":{"rendered":"<p><strong>Hypoallergenes Tr\u00e4nen freies Shampoo<\/strong><br \/>\nSo-Gentle \u2122 ist ein au\u00dfergew\u00f6hnlich mildes, hypoallergenes Shampoo.<\/p>\n<p>Sicher bei topischen Floh und Zecken Behandlungen. Empfohlen von Top-Z\u00fcchtern und professionellen Groomern weltweit.<\/p>\n<p><em>Ohne Tierversuche \u2013 Ohne Seife.<\/em><\/p>\n<ul>\n<li>Getestet mit in vitro Methode \u2013 ein Pr\u00fcfverfahren ohne Tierversuche, auf unglaubliche milde und Tr\u00e4nenlosigkeit.<\/li>\n<li>Reinigt vollst\u00e4ndig und m\u00fchelos, ohne nat\u00fcrliche fetthaltige Schicht von Haut und Fell zu entfernen.<\/li>\n<li>Nat\u00fcrliche Kokosnuss\u00f6l Reiniger verleihen dem Fell einen sch\u00f6nen, gesunden Glanz.<\/li>\n<li>Reinigungsmittel aus nachwachsenden und zu 100 % biologisch abbaubaren Quellen von Kokosnuss\u00f6l und Palmkern\u00f6l.<\/li>\n<li>Unbedenklich f\u00fcr Welpen, K\u00e4tzchen und unsere Umwelt.<\/li>\n<li>Ph-Wert ausgeglichen. Sp\u00fclt schnell und vollst\u00e4ndig aus.<\/li>\n<\/ul>\n","protected":false},"featured_media":631,"comment_status":"open","ping_status":"closed","template":"","meta":[],"product_brand":[],"product_cat":[18],"product_tag":[],"class_list":{"0":"post-273","1":"product","2":"type-product","3":"status-publish","4":"has-post-thumbnail","6":"product_cat-shampoos","8":"first","9":"instock","10":"taxable","11":"shipping-taxable","12":"purchasable","13":"product-type-variable","14":"has-default-attributes"},"jetpack_sharing_enabled":true,"_links":{"self":[{"href":"https:\/\/biogroom.shop\/de\/wp-json\/wp\/v2\/product\/273","targetHints":{"allow":["GET"]}}],"collection":[{"href":"https:\/\/biogroom.shop\/de\/wp-json\/wp\/v2\/product"}],"about":[{"href":"https:\/\/biogroom.shop\/de\/wp-json\/wp\/v2\/types\/product"}],"replies":[{"embeddable":true,"href":"https:\/\/biogroom.shop\/de\/wp-json\/wp\/v2\/comments?post=273"}],"wp:featuredmedia":[{"embeddable":true,"href":"https:\/\/biogroom.shop\/de\/wp-json\/wp\/v2\/media\/631"}],"wp:attachment":[{"href":"https:\/\/biogroom.shop\/de\/wp-json\/wp\/v2\/media?parent=273"}],"wp:term":[{"taxonomy":"product_brand","embeddable":true,"href":"https:\/\/biogroom.shop\/de\/wp-json\/wp\/v2\/product_brand?post=273"},{"taxonomy":"product_cat","embeddable":true,"href":"https:\/\/biogroom.shop\/de\/wp-json\/wp\/v2\/product_cat?post=273"},{"taxonomy":"product_tag","embeddable":true,"href":"https:\/\/biogroom.shop\/de\/wp-json\/wp\/v2\/product_tag?post=273"}],"curies":[{"name":"wp","href":"https:\/\/api.w.org\/{rel}","templated":true}]}}