{"id":261,"date":"2020-02-23T16:10:34","date_gmt":"2020-02-23T16:10:34","guid":{"rendered":"http:\/\/biogroom.shop\/product\/import-placeholder-for-349\/"},"modified":"2025-12-06T12:37:10","modified_gmt":"2025-12-06T11:37:10","slug":"bronze-lustre","status":"publish","type":"product","link":"https:\/\/biogroom.shop\/de\/shop\/dog-products\/shampoos\/bronze-lustre\/","title":{"rendered":"Bronze Lustre"},"content":{"rendered":"<p><strong>Ingredients<\/strong><br \/>\nPurified Water, Sodium Coco Sulfate, Disodium Cocoamphodiacetate, Cocoamidopropylamine Oxide, PEG-4 Rapeseedamide, Vegetable Glycerine, Hydrolyzed Soy Protein, Ethylene Glyol Distearate, Panthenol (Pro Vitamin B5), Floral Perfume, Citric Acid, Phenoxyethanol, Yellow 6, Red 40, Blue 1.<\/p>\n<p><strong>Free Of<\/strong><br \/>\nParabens and dyes.<\/p>\n","protected":false},"excerpt":{"rendered":"<p>Bronze Luster\u2122 ist ein mildes, hochwertiges und nat\u00fcrliches Shampoo, das speziell f\u00fcr alle T\u00f6ne von braunen und roten Fellfarben entwickelt wurde.<br \/>\nSicher bei topischen Floh und Zecken Behandlungen. Empfohlen von top Z\u00fcchtern und professionellen Groomern weltweit.<\/p>\n<p><em>Ohne Tierversuche \u2013 Ohne Seife.<\/em><\/p>\n<ul>\n<li>Spezielle Perlenglanz &#8211; Aufheller bringen Brillanz und gl\u00e4nzende Akzente in das Fell.<\/li>\n<li>Sojaprotein verleiht Kraft und St\u00e4rke.<\/li>\n<li>Verhindert Trockenheit.<\/li>\n<li>Zweifellos garantiert, dass das Fell sauber, glatt und einfach zu handhaben ist.<\/li>\n<li>Nat\u00fcrliches Reinigungsmittel hergestellt aus einer 100 % biologisch abbaubaren Quellen von Kokosnuss\u00f6l.<\/li>\n<li>Volumen voller und schneller Schaum, der schnell aussp\u00fclt und dem Fell einen frischen, sauberen Geruch verleiht.<\/li>\n<\/ul>\n","protected":false},"featured_media":616,"comment_status":"open","ping_status":"closed","template":"","meta":[],"product_brand":[],"product_cat":[18],"product_tag":[],"class_list":{"0":"post-261","1":"product","2":"type-product","3":"status-publish","4":"has-post-thumbnail","6":"product_cat-shampoos","8":"first","9":"instock","10":"featured","11":"taxable","12":"shipping-taxable","13":"purchasable","14":"product-type-variable","15":"has-default-attributes"},"jetpack_sharing_enabled":true,"_links":{"self":[{"href":"https:\/\/biogroom.shop\/de\/wp-json\/wp\/v2\/product\/261","targetHints":{"allow":["GET"]}}],"collection":[{"href":"https:\/\/biogroom.shop\/de\/wp-json\/wp\/v2\/product"}],"about":[{"href":"https:\/\/biogroom.shop\/de\/wp-json\/wp\/v2\/types\/product"}],"replies":[{"embeddable":true,"href":"https:\/\/biogroom.shop\/de\/wp-json\/wp\/v2\/comments?post=261"}],"wp:featuredmedia":[{"embeddable":true,"href":"https:\/\/biogroom.shop\/de\/wp-json\/wp\/v2\/media\/616"}],"wp:attachment":[{"href":"https:\/\/biogroom.shop\/de\/wp-json\/wp\/v2\/media?parent=261"}],"wp:term":[{"taxonomy":"product_brand","embeddable":true,"href":"https:\/\/biogroom.shop\/de\/wp-json\/wp\/v2\/product_brand?post=261"},{"taxonomy":"product_cat","embeddable":true,"href":"https:\/\/biogroom.shop\/de\/wp-json\/wp\/v2\/product_cat?post=261"},{"taxonomy":"product_tag","embeddable":true,"href":"https:\/\/biogroom.shop\/de\/wp-json\/wp\/v2\/product_tag?post=261"}],"curies":[{"name":"wp","href":"https:\/\/api.w.org\/{rel}","templated":true}]}}