{"id":258,"date":"2020-02-23T16:10:34","date_gmt":"2020-02-23T16:10:34","guid":{"rendered":"http:\/\/biogroom.shop\/product\/import-placeholder-for-343\/"},"modified":"2025-12-06T12:07:55","modified_gmt":"2025-12-06T11:07:55","slug":"ultra-black","status":"publish","type":"product","link":"https:\/\/biogroom.shop\/de\/shop\/dog-products\/shampoos\/ultra-black\/","title":{"rendered":"Ultra Black"},"content":{"rendered":"<p><strong>Ingredients<\/strong><br \/>\nPurified water, Sodium Coco Sulfate, Disodium Cocoamphodiacetate, Cocoamidopropylamine Oxide, PEG-4 Rapeseedamide, Cetostearyl Alcohol, Vegetable Glycerine, Hydrolyzed Soy Protein, Panthenol (Vitamin B5), Floral Perfume, Citric Acid, Phenoxyethanol, Carbon Black, Blue 1, Red 33.<\/p>\n<p><strong>Free Of<\/strong><br \/>\nParabens and dyes.<\/p>\n","protected":false},"excerpt":{"rendered":"<p><strong>Farben Verst\u00e4rker<\/strong><br \/>\nUltra Black\u2122 ist ein mildes Shampoo hoher Qualit\u00e4t, das speziell entwickelt wurde, um Schwarz, Anthrazit, Blau und andere dunkle Fellfarben zu intensivieren.<br \/>\nSicher bei topischen Floh und Zecken Behandlungen. Empfohlen von Top-Z\u00fcchtern und professionellen Groomern weltweit.<\/p>\n<p><em>Ohne Tierversuche \u2013 Ohne Seife.<\/em><\/p>\n<p>\u2022 Spezielle Perlenglanz &#8211; Aufheller bringen Brillanz und gl\u00e4nzende Akzente in das Fell.<br \/>\n\u2022 Sojaprotein verleiht Kraft und St\u00e4rke.<br \/>\n\u2022 Hilft Trockenheit des Fells zu vermeiden.<br \/>\n\u2022 Bedingungslose Garantie, dass das Fell danach sauber, glatt und leicht zu pflegen ist.<br \/>\n\u2022 Nat\u00fcrliches Reinigungsmittel hergestellt aus einer 100% biologisch abbaubaren und nachwachsenden Quellen von Kokosnuss\u00f6l.<br \/>\n\u2022 Reichhaltiger Schaum der sich schnell heraus sp\u00fclen l\u00e4sst, und hinterl\u00e4sst das Fell mit einem frischen, sauberen Geruch.<\/p>\n","protected":false},"featured_media":633,"comment_status":"open","ping_status":"closed","template":"","meta":[],"product_brand":[],"product_cat":[18],"product_tag":[],"class_list":{"0":"post-258","1":"product","2":"type-product","3":"status-publish","4":"has-post-thumbnail","6":"product_cat-shampoos","8":"first","9":"outofstock","10":"featured","11":"taxable","12":"shipping-taxable","13":"purchasable","14":"product-type-variable","15":"has-default-attributes"},"jetpack_sharing_enabled":true,"_links":{"self":[{"href":"https:\/\/biogroom.shop\/de\/wp-json\/wp\/v2\/product\/258","targetHints":{"allow":["GET"]}}],"collection":[{"href":"https:\/\/biogroom.shop\/de\/wp-json\/wp\/v2\/product"}],"about":[{"href":"https:\/\/biogroom.shop\/de\/wp-json\/wp\/v2\/types\/product"}],"replies":[{"embeddable":true,"href":"https:\/\/biogroom.shop\/de\/wp-json\/wp\/v2\/comments?post=258"}],"wp:featuredmedia":[{"embeddable":true,"href":"https:\/\/biogroom.shop\/de\/wp-json\/wp\/v2\/media\/633"}],"wp:attachment":[{"href":"https:\/\/biogroom.shop\/de\/wp-json\/wp\/v2\/media?parent=258"}],"wp:term":[{"taxonomy":"product_brand","embeddable":true,"href":"https:\/\/biogroom.shop\/de\/wp-json\/wp\/v2\/product_brand?post=258"},{"taxonomy":"product_cat","embeddable":true,"href":"https:\/\/biogroom.shop\/de\/wp-json\/wp\/v2\/product_cat?post=258"},{"taxonomy":"product_tag","embeddable":true,"href":"https:\/\/biogroom.shop\/de\/wp-json\/wp\/v2\/product_tag?post=258"}],"curies":[{"name":"wp","href":"https:\/\/api.w.org\/{rel}","templated":true}]}}