{"id":244,"date":"2020-02-23T16:10:09","date_gmt":"2020-02-23T16:10:09","guid":{"rendered":"http:\/\/biogroom.shop\/product\/import-placeholder-for-331\/"},"modified":"2025-12-06T14:16:46","modified_gmt":"2025-12-06T13:16:46","slug":"protein-lanolin","status":"publish","type":"product","link":"https:\/\/biogroom.shop\/de\/shop\/dog-products\/shampoos\/protein-lanolin\/","title":{"rendered":"Protein Lanolin"},"content":{"rendered":"<p><strong>Ingredients<\/strong><br \/>\nPurified Water, Disodium Cocoamphodiacetate, Decyl Glucoside, Alpha Olefin Sulfonate, Cocamidopropyl Hydroxysultaine, Polysorbate 20, Hydrolyzed Soy Protein, Choleth-24, Ceteth-24, Phenoxyethanol, Fragrance.<\/p>\n<p><strong>Free Of<\/strong><br \/>\nParabens and artificial thickeners.<\/p>\n","protected":false},"excerpt":{"rendered":"<p><strong>Tr\u00e4nen freies, Sulfat freies Shampoo<\/strong><br \/>\nProtein-Lanolin ist ein Baby mildes Shampoo auf Kokos\u00f6lbasis.<\/p>\n<p>Sicher bei topischen Floh und Zecken Behandlungen. Empfohlen von Top-Z\u00fcchtern und professionellen Groomern weltweit.<\/p>\n<p><em>Ohne Tierversuche \u2013 Ohne Seife<\/em><\/p>\n<p>\u2022 Das urspr\u00fcngliche Sulfat freie Haustier-Shampoo seit 1971.<br \/>\n\u2022 Hydrolysiertes resorbierbares Sojaprotein zur St\u00e4rkung des Haares von der Spitze bis zu den Wurzeln.<br \/>\n\u2022 Entfernt nicht die nat\u00fcrliche fetthaltige Schutzschicht von Haut und Fell.<br \/>\n\u2022 Hebt alle Farben hervor und befeuchtet das Fell.<br \/>\n\u2022 Verleiht st\u00e4rke.<br \/>\n\u2022 Nat\u00fcrlich fl\u00fcssig, ohne Verdickungsmittel. Holen Sie sich ein reichhaltiges schaumiges, r\u00fcckstandsfreies Shampoo mit schnellerer Sp\u00fclzeit.<br \/>\n\u2022 Nat\u00fcrliche Reinigungsmittel aus nachwachsender und zu 100 % biologisch abbaubarer Kokosnuss\u00f6l Quelle.<br \/>\n\u2022 Sicher f\u00fcr Welpen, K\u00e4tzchen und unsere Umwelt.<\/p>\n","protected":false},"featured_media":630,"comment_status":"open","ping_status":"closed","template":"","meta":[],"product_brand":[],"product_cat":[18],"product_tag":[],"class_list":{"0":"post-244","1":"product","2":"type-product","3":"status-publish","4":"has-post-thumbnail","6":"product_cat-shampoos","8":"first","9":"instock","10":"taxable","11":"shipping-taxable","12":"purchasable","13":"product-type-variable","14":"has-default-attributes"},"jetpack_sharing_enabled":true,"_links":{"self":[{"href":"https:\/\/biogroom.shop\/de\/wp-json\/wp\/v2\/product\/244","targetHints":{"allow":["GET"]}}],"collection":[{"href":"https:\/\/biogroom.shop\/de\/wp-json\/wp\/v2\/product"}],"about":[{"href":"https:\/\/biogroom.shop\/de\/wp-json\/wp\/v2\/types\/product"}],"replies":[{"embeddable":true,"href":"https:\/\/biogroom.shop\/de\/wp-json\/wp\/v2\/comments?post=244"}],"wp:featuredmedia":[{"embeddable":true,"href":"https:\/\/biogroom.shop\/de\/wp-json\/wp\/v2\/media\/630"}],"wp:attachment":[{"href":"https:\/\/biogroom.shop\/de\/wp-json\/wp\/v2\/media?parent=244"}],"wp:term":[{"taxonomy":"product_brand","embeddable":true,"href":"https:\/\/biogroom.shop\/de\/wp-json\/wp\/v2\/product_brand?post=244"},{"taxonomy":"product_cat","embeddable":true,"href":"https:\/\/biogroom.shop\/de\/wp-json\/wp\/v2\/product_cat?post=244"},{"taxonomy":"product_tag","embeddable":true,"href":"https:\/\/biogroom.shop\/de\/wp-json\/wp\/v2\/product_tag?post=244"}],"curies":[{"name":"wp","href":"https:\/\/api.w.org\/{rel}","templated":true}]}}