{"id":230,"date":"2020-02-23T16:09:46","date_gmt":"2020-02-23T16:09:46","guid":{"rendered":"http:\/\/biogroom.shop\/product\/import-placeholder-for-321\/"},"modified":"2025-12-06T13:52:27","modified_gmt":"2025-12-06T12:52:27","slug":"herbal-groom","status":"publish","type":"product","link":"https:\/\/biogroom.shop\/de\/shop\/dog-products\/shampoos\/herbal-groom\/","title":{"rendered":"Herbal Groom"},"content":{"rendered":"<p>\u2022 Ohne Sulfate.<br \/>\n\u2022 Gut f\u00fcr langhaarige und kurzhaarige Rassen.<br \/>\n\u2022 Reinigungsmittel aus nachwachsenden und zu 100 % biologisch abbaubaren Quellen.<br \/>\n\u2022 Unbedenklich f\u00fcr Welpen, K\u00e4tzchen und unsere Umwelt.<br \/>\n\u2022 PH-Wert ausgeglichen, sp\u00fclt schnell und vollst\u00e4ndig aus.<\/p>\n","protected":false},"excerpt":{"rendered":"<p><strong>Tr\u00e4nen freies, Sulfat freies Shampoo<\/strong><br \/>\nNat\u00fcrliche, Tr\u00e4nen freie Herbal Groom\u00ae Shampoo ist eine Kr\u00e4utermischung aus 8 speziell ausgew\u00e4hlten reinen Pflanzenextrakten, die Haut und Fell beleben und pflegen.<\/p>\n<p>Sicher f\u00fcr Welpen, K\u00e4tzchen und sicher f\u00fcr unsere Umwelt. PH-Wert ausgeglichen, sp\u00fclt schnell und vollst\u00e4ndig aus.<\/p>\n<p>Sicher bei topischen Floh und Zecken Behandlungen. Empfohlen von Top-Z\u00fcchtern und professionellen Groomern weltweit.<\/p>\n","protected":false},"featured_media":626,"comment_status":"open","ping_status":"closed","template":"","meta":[],"product_brand":[],"product_cat":[18],"product_tag":[],"class_list":{"0":"post-230","1":"product","2":"type-product","3":"status-publish","4":"has-post-thumbnail","6":"product_cat-shampoos","8":"first","9":"instock","10":"taxable","11":"shipping-taxable","12":"purchasable","13":"product-type-variable","14":"has-default-attributes"},"jetpack_sharing_enabled":true,"_links":{"self":[{"href":"https:\/\/biogroom.shop\/de\/wp-json\/wp\/v2\/product\/230","targetHints":{"allow":["GET"]}}],"collection":[{"href":"https:\/\/biogroom.shop\/de\/wp-json\/wp\/v2\/product"}],"about":[{"href":"https:\/\/biogroom.shop\/de\/wp-json\/wp\/v2\/types\/product"}],"replies":[{"embeddable":true,"href":"https:\/\/biogroom.shop\/de\/wp-json\/wp\/v2\/comments?post=230"}],"wp:featuredmedia":[{"embeddable":true,"href":"https:\/\/biogroom.shop\/de\/wp-json\/wp\/v2\/media\/626"}],"wp:attachment":[{"href":"https:\/\/biogroom.shop\/de\/wp-json\/wp\/v2\/media?parent=230"}],"wp:term":[{"taxonomy":"product_brand","embeddable":true,"href":"https:\/\/biogroom.shop\/de\/wp-json\/wp\/v2\/product_brand?post=230"},{"taxonomy":"product_cat","embeddable":true,"href":"https:\/\/biogroom.shop\/de\/wp-json\/wp\/v2\/product_cat?post=230"},{"taxonomy":"product_tag","embeddable":true,"href":"https:\/\/biogroom.shop\/de\/wp-json\/wp\/v2\/product_tag?post=230"}],"curies":[{"name":"wp","href":"https:\/\/api.w.org\/{rel}","templated":true}]}}