{"id":23,"date":"2020-02-23T16:04:39","date_gmt":"2020-02-23T16:04:39","guid":{"rendered":"http:\/\/biogroom.shop\/product\/import-placeholder-for-30\/"},"modified":"2025-10-18T12:34:03","modified_gmt":"2025-10-18T10:34:03","slug":"groom-n-fresh","status":"publish","type":"product","link":"https:\/\/biogroom.shop\/de\/shop\/dog-products\/shampoos\/groom-n-fresh\/","title":{"rendered":"Groom &#8217;n Fresh"},"content":{"rendered":"<p><strong>Ingredients<\/strong><br \/>\nPurified Water, Disodium Cocoamphodiacetate, Decyl Gluoside, Alpha Olefin Sulfonate, Cocoamidopropyl Hydroxysultaine, Bishydroxyethyl Dihydroxypropyl Stearammonium Chloride, Vegetable Glycerine, Hydrolyzed Soy Protein, Aloe Vera, Phenoxyethanol, Fragrance, Yellow #6.<\/p>\n<p><strong>Free Of<\/strong><br \/>\nParabens, Silicones, and Artificial Thickeners.<\/p>\n","protected":false},"excerpt":{"rendered":"<p><b>Geruchs beseitigendes, sulfatfreies Shampoo<\/b><\/p>\n<p>Groom&#8217;n Fresh\u2122 ist ein sulfatfreies Shampoo, das entwickelt wurde, um den Geruch von Haustieren zu beseitigen und einen angenehmen frischen und sauberen Duft zu verleihen.<br \/>\nSicher bei topischen Floh- und Zeckenbehandlungen. Empfohlen von Top-Z\u00fcchtern und professionellen Groomern weltweit.<\/p>\n<p><em>Ohne Tierversuche \u2013 Ohne Seife.<\/em><\/p>\n<ul>\n<li>Einzigartiger Duft, der aus den besten Parf\u00fcm\u00f6len ausgew\u00e4hlt wurde.<\/li>\n<li>Hydrolysiertes Sojaprotein st\u00e4rkt das Fell und macht es glatt und gl\u00e4nzend.<\/li>\n<li>Aloe Vera f\u00f6rdert Heilung, spendet Feuchtigkeit und beruhigt die Haut.<\/li>\n<li>Nat\u00fcrlich fl\u00fcssig, ohne Verdickungsmittel. Ergibt reichhaltigen Schaum. Sp\u00fclt schnell aus und hinterl\u00e4sst keine R\u00fcckst\u00e4nde.<\/li>\n<li>Nat\u00fcrliche Reinigungsmittel aus nachwachsenden und zu 100% biologisch abbaubaren Quellen von Kokos- und Palmkern\u00f6l.<\/li>\n<li>Sicher f\u00fcr Welpen, K\u00e4tzchen und unsere Umwelt.<\/li>\n<\/ul>\n","protected":false},"featured_media":625,"comment_status":"open","ping_status":"closed","template":"","meta":[],"product_brand":[],"product_cat":[18],"product_tag":[],"class_list":{"0":"post-23","1":"product","2":"type-product","3":"status-publish","4":"has-post-thumbnail","6":"product_cat-shampoos","8":"first","9":"instock","10":"taxable","11":"shipping-taxable","12":"purchasable","13":"product-type-variable","14":"has-default-attributes"},"jetpack_sharing_enabled":true,"_links":{"self":[{"href":"https:\/\/biogroom.shop\/de\/wp-json\/wp\/v2\/product\/23","targetHints":{"allow":["GET"]}}],"collection":[{"href":"https:\/\/biogroom.shop\/de\/wp-json\/wp\/v2\/product"}],"about":[{"href":"https:\/\/biogroom.shop\/de\/wp-json\/wp\/v2\/types\/product"}],"replies":[{"embeddable":true,"href":"https:\/\/biogroom.shop\/de\/wp-json\/wp\/v2\/comments?post=23"}],"wp:featuredmedia":[{"embeddable":true,"href":"https:\/\/biogroom.shop\/de\/wp-json\/wp\/v2\/media\/625"}],"wp:attachment":[{"href":"https:\/\/biogroom.shop\/de\/wp-json\/wp\/v2\/media?parent=23"}],"wp:term":[{"taxonomy":"product_brand","embeddable":true,"href":"https:\/\/biogroom.shop\/de\/wp-json\/wp\/v2\/product_brand?post=23"},{"taxonomy":"product_cat","embeddable":true,"href":"https:\/\/biogroom.shop\/de\/wp-json\/wp\/v2\/product_cat?post=23"},{"taxonomy":"product_tag","embeddable":true,"href":"https:\/\/biogroom.shop\/de\/wp-json\/wp\/v2\/product_tag?post=23"}],"curies":[{"name":"wp","href":"https:\/\/api.w.org\/{rel}","templated":true}]}}