{"id":210,"date":"2020-02-23T16:09:20","date_gmt":"2020-02-23T16:09:20","guid":{"rendered":"http:\/\/biogroom.shop\/product\/import-placeholder-for-302\/"},"modified":"2025-12-06T12:40:05","modified_gmt":"2025-12-06T11:40:05","slug":"country-freesia","status":"publish","type":"product","link":"https:\/\/biogroom.shop\/de\/shop\/dog-products\/shampoos\/country-freesia\/","title":{"rendered":"Country Freesia"},"content":{"rendered":"<p><strong>Ingredients<\/strong><br \/>\nPurified Water, Sodium Coco Sulfate, Cocamidopropylamine Oxide, PEG-4 Rapeseedamide, Decyl Glucoside, Vegetable Glycerine, Soy Protein, Matricaria Chamomile, Wheat Germ Oil, Aloe Vera, Fragrance, Phenoxyethanol, Green<\/p>\n<p><strong>Free Of<\/strong><br \/>\nParabens and artificial thickeners.<\/p>\n","protected":false},"excerpt":{"rendered":"<h2>Haut beruhigendes Shampoo mit Aloe Vera und Kamille<\/h2>\n<p>Bio-Groom Country Freesia ist ein mit Duft angereichertes Shampoo, dass wir entwickelt haben, um die Sinne zu erregen. Baden wird eine wahre Freude! Unser Duftshampoo wird aus nat\u00fcrlichen Zutaten mit Kamille und Aloe Vera hergestellt, ist mild und seifen frei. Es reinigt gr\u00fcndlich und sp\u00fclt m\u00fchelos aus. Das Fell wird sauber, weich, gl\u00e4nzend!<\/p>\n<p><em>Ohne Tierversuche \u2013 Ohne Seife.<\/em><\/p>\n<ul>\n<li>Nat\u00fcrliche Reinigungsmittel aus Kokosnuss\u00f6l<\/li>\n<li>Enth\u00e4lt Sojaprotein, das das Fell und die Haut st\u00e4rkt, pflegt und konditioniert<\/li>\n<li>Besch\u00e4digt nicht die nat\u00fcrliche fetthaltige Schutzschicht<\/li>\n<li>Enth\u00e4lt 100 % nat\u00fcrliche Aloe Vera, die f\u00fcr ihre feuchtigkeitsspendenden und medizinischen Vorteile f\u00fcr die Haut bekannt ist<\/li>\n<li>Sch\u00e4umt und sp\u00fclt sehr schnell aus<\/li>\n<\/ul>\n<p>Sicher f\u00fcr Welpen, K\u00e4tzchen und unsere Umwelt.<\/p>\n","protected":false},"featured_media":617,"comment_status":"open","ping_status":"closed","template":"","meta":[],"product_brand":[],"product_cat":[18],"product_tag":[],"class_list":{"0":"post-210","1":"product","2":"type-product","3":"status-publish","4":"has-post-thumbnail","6":"product_cat-shampoos","8":"first","9":"instock","10":"taxable","11":"shipping-taxable","12":"purchasable","13":"product-type-variable","14":"has-default-attributes"},"jetpack_sharing_enabled":true,"_links":{"self":[{"href":"https:\/\/biogroom.shop\/de\/wp-json\/wp\/v2\/product\/210","targetHints":{"allow":["GET"]}}],"collection":[{"href":"https:\/\/biogroom.shop\/de\/wp-json\/wp\/v2\/product"}],"about":[{"href":"https:\/\/biogroom.shop\/de\/wp-json\/wp\/v2\/types\/product"}],"replies":[{"embeddable":true,"href":"https:\/\/biogroom.shop\/de\/wp-json\/wp\/v2\/comments?post=210"}],"wp:featuredmedia":[{"embeddable":true,"href":"https:\/\/biogroom.shop\/de\/wp-json\/wp\/v2\/media\/617"}],"wp:attachment":[{"href":"https:\/\/biogroom.shop\/de\/wp-json\/wp\/v2\/media?parent=210"}],"wp:term":[{"taxonomy":"product_brand","embeddable":true,"href":"https:\/\/biogroom.shop\/de\/wp-json\/wp\/v2\/product_brand?post=210"},{"taxonomy":"product_cat","embeddable":true,"href":"https:\/\/biogroom.shop\/de\/wp-json\/wp\/v2\/product_cat?post=210"},{"taxonomy":"product_tag","embeddable":true,"href":"https:\/\/biogroom.shop\/de\/wp-json\/wp\/v2\/product_tag?post=210"}],"curies":[{"name":"wp","href":"https:\/\/api.w.org\/{rel}","templated":true}]}}