{"id":206,"date":"2020-02-23T16:09:19","date_gmt":"2020-02-23T15:09:19","guid":{"rendered":"http:\/\/biogroom.shop\/product\/import-placeholder-for-291\/"},"modified":"2025-12-06T16:35:27","modified_gmt":"2025-12-06T15:35:27","slug":"super-foam","status":"publish","type":"product","link":"https:\/\/biogroom.shop\/de\/shop\/dog-products\/finishers\/super-foam\/","title":{"rendered":"Super Foam"},"content":{"rendered":"<p><strong>Anwendung<\/strong><br \/>\nGut sch\u00fctteln &#8211; leicht aufspr\u00fchen und in die Unterwolle einarbeiten. Dann einfach wie gewohnt b\u00fcrsten und k\u00e4mmen.<\/p>\n","protected":false},"excerpt":{"rendered":"<p><strong>Ausstellungsschaum<\/strong><br \/>\nMit Lanolin angereicherter  Super Foam \u2122 Ausstellungsschaum, speziell von Bio-Derm Labor entwickelt, ist das effektivste, wirtschaftlichste und sicherste Ausstellungsschaum. Super Foam\u2122 verleiht dem Fell F\u00fclle und Hand Griffigkeit zum Aufplustern und Pflege &#8211; das Fell bleibt in einem Top-Zustand! Hervorragend f\u00fcr Rassen mit viel Unterwolle. Leichtes K\u00e4mmen auf nassem und trockenem Haar. Verhindert Glanz Verlust und Verfilzungen. F\u00fchlt sich niemals steif, klebrig oder \u00f6lig an &#8211; keine Ablagerungen auf dem Fell. Das Lanolin beugt Trockenheit von Haut und Fell vor. Enth\u00e4lt keinen Alkohol, Lack oder andere aggressive Chemikalien. Alle Inhaltsstoffe dieses Bio-Groom-Produkts sind von bester Qualit\u00e4t.<\/p>\n","protected":false},"featured_media":265,"comment_status":"open","ping_status":"closed","template":"","meta":[],"product_brand":[],"product_cat":[38],"product_tag":[],"class_list":{"0":"post-206","1":"product","2":"type-product","3":"status-publish","4":"has-post-thumbnail","6":"product_cat-finishers","8":"first","9":"instock","10":"taxable","11":"shipping-taxable","12":"purchasable","13":"product-type-simple"},"jetpack_sharing_enabled":true,"_links":{"self":[{"href":"https:\/\/biogroom.shop\/de\/wp-json\/wp\/v2\/product\/206","targetHints":{"allow":["GET"]}}],"collection":[{"href":"https:\/\/biogroom.shop\/de\/wp-json\/wp\/v2\/product"}],"about":[{"href":"https:\/\/biogroom.shop\/de\/wp-json\/wp\/v2\/types\/product"}],"replies":[{"embeddable":true,"href":"https:\/\/biogroom.shop\/de\/wp-json\/wp\/v2\/comments?post=206"}],"wp:featuredmedia":[{"embeddable":true,"href":"https:\/\/biogroom.shop\/de\/wp-json\/wp\/v2\/media\/265"}],"wp:attachment":[{"href":"https:\/\/biogroom.shop\/de\/wp-json\/wp\/v2\/media?parent=206"}],"wp:term":[{"taxonomy":"product_brand","embeddable":true,"href":"https:\/\/biogroom.shop\/de\/wp-json\/wp\/v2\/product_brand?post=206"},{"taxonomy":"product_cat","embeddable":true,"href":"https:\/\/biogroom.shop\/de\/wp-json\/wp\/v2\/product_cat?post=206"},{"taxonomy":"product_tag","embeddable":true,"href":"https:\/\/biogroom.shop\/de\/wp-json\/wp\/v2\/product_tag?post=206"}],"curies":[{"name":"wp","href":"https:\/\/api.w.org\/{rel}","templated":true}]}}