{"id":198,"date":"2020-02-23T16:08:50","date_gmt":"2020-02-23T15:08:50","guid":{"rendered":"http:\/\/biogroom.shop\/product\/import-placeholder-for-288\/"},"modified":"2025-12-06T16:38:51","modified_gmt":"2025-12-06T15:38:51","slug":"magic-black","status":"publish","type":"product","link":"https:\/\/biogroom.shop\/de\/shop\/dog-products\/finishers\/magic-black\/","title":{"rendered":"Magic Black"},"content":{"rendered":"<p><strong>Anwendung<\/strong><\/p>\n<p>Vor Gebrauch 15-20 Sekunden gut sch\u00fctteln. Auf die gew\u00fcnschte stelle leicht aufspr\u00fchen, paar Sekunden trocknen lassen und \u00fcbersch\u00fcssiges Material ausb\u00fcrsten. Achten Sie darauf, dass die Augen beim Spr\u00fchen aufs Gesicht abgedeckt sind.<\/p>\n","protected":false},"excerpt":{"rendered":"<p><strong>Farbverst\u00e4rker<\/strong><br \/>\nMagic Black \u2122 ist eine einzigartige schwarze Spr\u00fchkreide in einem umweltfreundlichen Aerosol. Es wurde speziell entwickelt, um schwarze Farbe  zu verst\u00e4rken  und um Flecken und Verf\u00e4rbungen abzudecken. Magic Black trocknet schnell und reibt nicht ab. Br\u00f6selt nicht wie gew\u00f6hnliche Kreide und l\u00f6st sich nicht mit Wasser ab, doch w\u00e4scht  sich leicht mit Bio-Groom Shampoo aus. Funktioniert hervorragend bei allen langhaarigen und kurzhaarigen Hunderassen. Klebt nicht, reizt nicht und hat einen frischen, sauberen Duft.<\/p>\n<p><em>Nicht einfach Pflege \u2013 Bio-Groom Pflege &#8211; Ihre Haustiere sind es wert!<\/em><\/p>\n","protected":false},"featured_media":1043,"comment_status":"open","ping_status":"closed","template":"","meta":[],"product_brand":[],"product_cat":[38],"product_tag":[],"class_list":{"0":"post-198","1":"product","2":"type-product","3":"status-publish","4":"has-post-thumbnail","6":"product_cat-finishers","8":"first","9":"instock","10":"taxable","11":"shipping-taxable","12":"purchasable","13":"product-type-simple"},"jetpack_sharing_enabled":true,"_links":{"self":[{"href":"https:\/\/biogroom.shop\/de\/wp-json\/wp\/v2\/product\/198","targetHints":{"allow":["GET"]}}],"collection":[{"href":"https:\/\/biogroom.shop\/de\/wp-json\/wp\/v2\/product"}],"about":[{"href":"https:\/\/biogroom.shop\/de\/wp-json\/wp\/v2\/types\/product"}],"replies":[{"embeddable":true,"href":"https:\/\/biogroom.shop\/de\/wp-json\/wp\/v2\/comments?post=198"}],"wp:featuredmedia":[{"embeddable":true,"href":"https:\/\/biogroom.shop\/de\/wp-json\/wp\/v2\/media\/1043"}],"wp:attachment":[{"href":"https:\/\/biogroom.shop\/de\/wp-json\/wp\/v2\/media?parent=198"}],"wp:term":[{"taxonomy":"product_brand","embeddable":true,"href":"https:\/\/biogroom.shop\/de\/wp-json\/wp\/v2\/product_brand?post=198"},{"taxonomy":"product_cat","embeddable":true,"href":"https:\/\/biogroom.shop\/de\/wp-json\/wp\/v2\/product_cat?post=198"},{"taxonomy":"product_tag","embeddable":true,"href":"https:\/\/biogroom.shop\/de\/wp-json\/wp\/v2\/product_tag?post=198"}],"curies":[{"name":"wp","href":"https:\/\/api.w.org\/{rel}","templated":true}]}}