{"id":197,"date":"2020-02-23T16:08:50","date_gmt":"2020-02-23T15:08:50","guid":{"rendered":"http:\/\/biogroom.shop\/product\/import-placeholder-for-285\/"},"modified":"2025-12-06T16:40:08","modified_gmt":"2025-12-06T15:40:08","slug":"magic-white","status":"publish","type":"product","link":"https:\/\/biogroom.shop\/de\/shop\/dog-products\/finishers\/magic-white\/","title":{"rendered":"Magic White"},"content":{"rendered":"<p><strong>Anwendung<\/strong><br \/>\nVor Gebrauch 15-20 Sekunden gut sch\u00fctteln. Auf die gew\u00fcnschte stelle leicht aufspr\u00fchen. Halten Sie die Dose 15 bis 20 Zentimeter vom Fell entfernt. Ein paar Sekunden trocknen lassen und dann wie gewohnt b\u00fcrsten. Auf bestimmten Bereichen kann MAGIC WHITE mit einem bespr\u00fchten kosmetischen Schwamm aufgetragen werden. Bei kurzhaarigen Rassen, bei Bedarf mit weichem Handtuch bespr\u00fchten Bereich polieren. Achten Sie darauf, dass die Augen beim Spr\u00fchen aufs Gesicht abgedeckt sind.<\/p>\n<p><strong>Nach Gebrauch:<\/strong><br \/>\nDose umdrehen und vier Sekunden lang spr\u00fchen, um das Ventil zu reinigen. Wenn der Spr\u00fchknopf verstopft ist, ziehen Sie ihn ab und reinigen Sie ihn. Stecken Sie KEINE Stifte oder Dr\u00e4hte in die Dosen\u00f6ffnung. Setzen Sie den Spr\u00fchknopf wieder fest auf, wobei die Ventil\u00f6ffnung in die entgegengesetzte Richtung von Ihnen zeigen soll.<\/p>\n","protected":false},"excerpt":{"rendered":"<p><strong>Reiniger und Aufheller<\/strong><\/p>\n<p>Magic White \u2122 ist eine spr\u00fch Kreide mit sehr feiner Zusammensetzung. Es wurde entwickelt, um Wei\u00df aufzuhellen, gelbliche Flecken abzudecken und dem Fell mehr Volumen zu verleihen. Magic White kann als Trockenshampoo bei wei\u00dfen und hellen Fellfarben bei Hunden und Katzen verwendet werden. Das Fell riecht frisch und sauber. Die Kreide ist umweltfreundlich und nicht reizend.<\/p>\n<p><em>Nicht einfach Pflege \u2013 Bio-Groom Pflege &#8211; Ihre Haustiere sind es wert!<\/em><\/p>\n","protected":false},"featured_media":254,"comment_status":"open","ping_status":"closed","template":"","meta":[],"product_brand":[],"product_cat":[38],"product_tag":[],"class_list":{"0":"post-197","1":"product","2":"type-product","3":"status-publish","4":"has-post-thumbnail","6":"product_cat-finishers","8":"first","9":"instock","10":"taxable","11":"shipping-taxable","12":"purchasable","13":"product-type-simple"},"jetpack_sharing_enabled":true,"_links":{"self":[{"href":"https:\/\/biogroom.shop\/de\/wp-json\/wp\/v2\/product\/197","targetHints":{"allow":["GET"]}}],"collection":[{"href":"https:\/\/biogroom.shop\/de\/wp-json\/wp\/v2\/product"}],"about":[{"href":"https:\/\/biogroom.shop\/de\/wp-json\/wp\/v2\/types\/product"}],"replies":[{"embeddable":true,"href":"https:\/\/biogroom.shop\/de\/wp-json\/wp\/v2\/comments?post=197"}],"wp:featuredmedia":[{"embeddable":true,"href":"https:\/\/biogroom.shop\/de\/wp-json\/wp\/v2\/media\/254"}],"wp:attachment":[{"href":"https:\/\/biogroom.shop\/de\/wp-json\/wp\/v2\/media?parent=197"}],"wp:term":[{"taxonomy":"product_brand","embeddable":true,"href":"https:\/\/biogroom.shop\/de\/wp-json\/wp\/v2\/product_brand?post=197"},{"taxonomy":"product_cat","embeddable":true,"href":"https:\/\/biogroom.shop\/de\/wp-json\/wp\/v2\/product_cat?post=197"},{"taxonomy":"product_tag","embeddable":true,"href":"https:\/\/biogroom.shop\/de\/wp-json\/wp\/v2\/product_tag?post=197"}],"curies":[{"name":"wp","href":"https:\/\/api.w.org\/{rel}","templated":true}]}}