{"id":194,"date":"2020-02-23T16:08:50","date_gmt":"2020-02-23T16:08:50","guid":{"rendered":"http:\/\/biogroom.shop\/product\/import-placeholder-for-279\/"},"modified":"2025-12-08T11:58:53","modified_gmt":"2025-12-08T10:58:53","slug":"anti-stat","status":"publish","type":"product","link":"https:\/\/biogroom.shop\/de\/shop\/dog-products\/wellness\/anti-stat\/","title":{"rendered":"Anti-Stat"},"content":{"rendered":"","protected":false},"excerpt":{"rendered":"<p><strong>Antistatika Spray<\/strong><br \/>\nDieses Produkt wurde entwickelt, um weg fliegendes Haar zu kontrollieren und statische Aufladungen des Haares zu beseitigen, die durch Shampoonieren, Trocknen und K\u00e4mmen entstehen. Anti-Stat \u2122 macht das Fell nat\u00fcrlich, leicht zu k\u00e4mmen und zu b\u00fcrsten. Nicht klebrig, nicht reizend.<\/p>\n<p>Hervorragend f\u00fcr Katzen.<\/p>\n","protected":false},"featured_media":251,"comment_status":"open","ping_status":"closed","template":"","meta":[],"product_brand":[],"product_cat":[37],"product_tag":[],"class_list":{"0":"post-194","1":"product","2":"type-product","3":"status-publish","4":"has-post-thumbnail","6":"product_cat-wellness","8":"first","9":"instock","10":"featured","11":"taxable","12":"shipping-taxable","13":"purchasable","14":"product-type-variable","15":"has-default-attributes"},"jetpack_sharing_enabled":true,"_links":{"self":[{"href":"https:\/\/biogroom.shop\/de\/wp-json\/wp\/v2\/product\/194","targetHints":{"allow":["GET"]}}],"collection":[{"href":"https:\/\/biogroom.shop\/de\/wp-json\/wp\/v2\/product"}],"about":[{"href":"https:\/\/biogroom.shop\/de\/wp-json\/wp\/v2\/types\/product"}],"replies":[{"embeddable":true,"href":"https:\/\/biogroom.shop\/de\/wp-json\/wp\/v2\/comments?post=194"}],"wp:featuredmedia":[{"embeddable":true,"href":"https:\/\/biogroom.shop\/de\/wp-json\/wp\/v2\/media\/251"}],"wp:attachment":[{"href":"https:\/\/biogroom.shop\/de\/wp-json\/wp\/v2\/media?parent=194"}],"wp:term":[{"taxonomy":"product_brand","embeddable":true,"href":"https:\/\/biogroom.shop\/de\/wp-json\/wp\/v2\/product_brand?post=194"},{"taxonomy":"product_cat","embeddable":true,"href":"https:\/\/biogroom.shop\/de\/wp-json\/wp\/v2\/product_cat?post=194"},{"taxonomy":"product_tag","embeddable":true,"href":"https:\/\/biogroom.shop\/de\/wp-json\/wp\/v2\/product_tag?post=194"}],"curies":[{"name":"wp","href":"https:\/\/api.w.org\/{rel}","templated":true}]}}