{"id":184,"date":"2020-02-23T16:08:20","date_gmt":"2020-02-23T16:08:20","guid":{"rendered":"http:\/\/biogroom.shop\/product\/import-placeholder-for-273\/"},"modified":"2026-03-26T13:07:25","modified_gmt":"2026-03-26T12:07:25","slug":"sure-clot","status":"publish","type":"product","link":"https:\/\/biogroom.shop\/de\/shop\/dog-products\/wellness\/sure-clot\/","title":{"rendered":"Sure Clot"},"content":{"rendered":"<p><strong>Anwendung<\/strong><\/p>\n<p>Tupfen Sie den Nagel in Pulver oder tragen Sie Pulver mit einem angefeuchteten Wattest\u00e4bchen auf die Fl\u00e4che auf. Verwenden Sie m\u00e4\u00dfigen konstanten Druck, bis die Blutung aufh\u00f6rt.<\/p>\n","protected":false},"excerpt":{"rendered":"<p><strong>Schnell wirkendes blutstillendes Pulver<\/strong><br \/>\nSure Clot \u2122 ist eine neue, speziell von Bio-Groom entwickelte Formel, die Blutungen durch N\u00e4gel schneiden, Trimmen und bei kleineren Schnitten zu stoppen. Qualit\u00e4t und Leistung von Sure Clot werden Sie sicher begeistern.<\/p>\n","protected":false},"featured_media":248,"comment_status":"open","ping_status":"closed","template":"","meta":[],"product_brand":[],"product_cat":[37],"product_tag":[],"class_list":{"0":"post-184","1":"product","2":"type-product","3":"status-publish","4":"has-post-thumbnail","6":"product_cat-wellness","8":"first","9":"instock","10":"taxable","11":"shipping-taxable","12":"purchasable","13":"product-type-variable","14":"has-default-attributes"},"jetpack_sharing_enabled":true,"_links":{"self":[{"href":"https:\/\/biogroom.shop\/de\/wp-json\/wp\/v2\/product\/184","targetHints":{"allow":["GET"]}}],"collection":[{"href":"https:\/\/biogroom.shop\/de\/wp-json\/wp\/v2\/product"}],"about":[{"href":"https:\/\/biogroom.shop\/de\/wp-json\/wp\/v2\/types\/product"}],"replies":[{"embeddable":true,"href":"https:\/\/biogroom.shop\/de\/wp-json\/wp\/v2\/comments?post=184"}],"wp:featuredmedia":[{"embeddable":true,"href":"https:\/\/biogroom.shop\/de\/wp-json\/wp\/v2\/media\/248"}],"wp:attachment":[{"href":"https:\/\/biogroom.shop\/de\/wp-json\/wp\/v2\/media?parent=184"}],"wp:term":[{"taxonomy":"product_brand","embeddable":true,"href":"https:\/\/biogroom.shop\/de\/wp-json\/wp\/v2\/product_brand?post=184"},{"taxonomy":"product_cat","embeddable":true,"href":"https:\/\/biogroom.shop\/de\/wp-json\/wp\/v2\/product_cat?post=184"},{"taxonomy":"product_tag","embeddable":true,"href":"https:\/\/biogroom.shop\/de\/wp-json\/wp\/v2\/product_tag?post=184"}],"curies":[{"name":"wp","href":"https:\/\/api.w.org\/{rel}","templated":true}]}}