{"id":181,"date":"2020-02-23T16:08:20","date_gmt":"2020-02-23T16:08:20","guid":{"rendered":"http:\/\/biogroom.shop\/product\/import-placeholder-for-267\/"},"modified":"2025-12-08T12:05:55","modified_gmt":"2025-12-08T11:05:55","slug":"ear-fresh","status":"publish","type":"product","link":"https:\/\/biogroom.shop\/de\/shop\/dog-products\/wellness\/ear-fresh\/","title":{"rendered":"Ear-Fresh"},"content":{"rendered":"<p><strong>Anwendung<\/strong><\/p>\n<p>Ohren zuerst reinigen. Hierf\u00fcr Wattest\u00e4bchen und fl\u00fcssige EAR CARE Lotion von BIO-GROOM\u00ae verwenden. Dann sanft EAR FRESH in die Ohren tupfen, um diese trocken und geruchlos zu halten. Um ungewolltes Haar aus dem Ohrkanal zu entfernen, Ear fresh in das Ohr tupfen und das Haar mit einer Zange oder Pinzette entfernen. F\u00fcr das Entfernen mit der Hand um das gew\u00fcnschte Ergebnis erzielen, erforderliche Menge verwenden. Sollte Ihr Hund oder Ihre Katze einen schmerzhaften Zustand des Ohrs oder einen Ausfluss aus dem Ohr haben, wenden Sie sich an Ihren Tierarzt.<\/p>\n","protected":false},"excerpt":{"rendered":"<p>Ear Fresh\u2122 hilft die Ohren trocken zu halten und reduziert den Ohrengeruch. Ear Fresh hat spezielle, Griffeigenschaften, um Haare aus den Geh\u00f6rg\u00e4ngen von Hunden zu entfernen. Hervorragend zum Entfernen mit der Hand geeignet. Kommt mit praktischem Trichterspitzenspender.<\/p>\n","protected":false},"featured_media":238,"comment_status":"open","ping_status":"closed","template":"","meta":[],"product_brand":[],"product_cat":[37],"product_tag":[],"class_list":{"0":"post-181","1":"product","2":"type-product","3":"status-publish","4":"has-post-thumbnail","6":"product_cat-wellness","8":"first","9":"instock","10":"featured","11":"taxable","12":"shipping-taxable","13":"purchasable","14":"product-type-variable","15":"has-default-attributes"},"jetpack_sharing_enabled":true,"_links":{"self":[{"href":"https:\/\/biogroom.shop\/de\/wp-json\/wp\/v2\/product\/181","targetHints":{"allow":["GET"]}}],"collection":[{"href":"https:\/\/biogroom.shop\/de\/wp-json\/wp\/v2\/product"}],"about":[{"href":"https:\/\/biogroom.shop\/de\/wp-json\/wp\/v2\/types\/product"}],"replies":[{"embeddable":true,"href":"https:\/\/biogroom.shop\/de\/wp-json\/wp\/v2\/comments?post=181"}],"wp:featuredmedia":[{"embeddable":true,"href":"https:\/\/biogroom.shop\/de\/wp-json\/wp\/v2\/media\/238"}],"wp:attachment":[{"href":"https:\/\/biogroom.shop\/de\/wp-json\/wp\/v2\/media?parent=181"}],"wp:term":[{"taxonomy":"product_brand","embeddable":true,"href":"https:\/\/biogroom.shop\/de\/wp-json\/wp\/v2\/product_brand?post=181"},{"taxonomy":"product_cat","embeddable":true,"href":"https:\/\/biogroom.shop\/de\/wp-json\/wp\/v2\/product_cat?post=181"},{"taxonomy":"product_tag","embeddable":true,"href":"https:\/\/biogroom.shop\/de\/wp-json\/wp\/v2\/product_tag?post=181"}],"curies":[{"name":"wp","href":"https:\/\/api.w.org\/{rel}","templated":true}]}}