{"id":180,"date":"2020-02-23T16:08:20","date_gmt":"2020-02-23T15:08:20","guid":{"rendered":"http:\/\/biogroom.shop\/product\/import-placeholder-for-264\/"},"modified":"2024-09-12T13:42:18","modified_gmt":"2024-09-12T11:42:18","slug":"bitter-taste","status":"publish","type":"product","link":"https:\/\/biogroom.shop\/de\/shop\/dog-products\/wellness\/bitter-taste\/","title":{"rendered":"Bitter Taste"},"content":{"rendered":"<p><strong>Anwendung<\/strong><br \/>\nSpr\u00fchen Sie reichlich auf die betroffenen Stellen des Fells. Stellen Sie sicher, das Bitter Taste in die Haut eindringt. Trocknen lassen. Wiederholen Sie den Vorgang so oft wie n\u00f6tig. In den meisten F\u00e4llen werden Kauen, Lecken und Bei\u00dfen mit nur einer Anwendung gestoppt.<\/p>\n<p>VORSICHT: Von Kindern fern halten. Nur f\u00fcr \u00e4u\u00dfere Anwendung. Kontakt mit Augen vermeiden. Sollten unerw\u00fcnschte Symptome anhalten, wenden Sie sich an Ihren Tierarzt.<\/p>\n","protected":false},"excerpt":{"rendered":"<p><strong>\u201eKaustop\u201c Spray<\/strong><br \/>\nDieses schnell wirkende topische Spray verhindert, dass Haustiere ihr Fell bei\u00dfen und kauen. Bitter Taste \u2122 enth\u00e4lt eine spezielle Zutat, die sehr bitter ist, die der Mensch kennt. Sie verhindert das Kauen auf Decken, Bandagen, Gipsverb\u00e4nden usw. Sie sch\u00fctzt das Fell und die Haut, ist jedoch unbedenklich und nicht brennend!<\/p>\n","protected":false},"featured_media":236,"comment_status":"open","ping_status":"closed","template":"","meta":[],"product_brand":[],"product_cat":[37],"product_tag":[],"class_list":{"0":"post-180","1":"product","2":"type-product","3":"status-publish","4":"has-post-thumbnail","6":"product_cat-wellness","8":"first","9":"outofstock","10":"taxable","11":"shipping-taxable","12":"product-type-simple"},"jetpack_sharing_enabled":true,"_links":{"self":[{"href":"https:\/\/biogroom.shop\/de\/wp-json\/wp\/v2\/product\/180","targetHints":{"allow":["GET"]}}],"collection":[{"href":"https:\/\/biogroom.shop\/de\/wp-json\/wp\/v2\/product"}],"about":[{"href":"https:\/\/biogroom.shop\/de\/wp-json\/wp\/v2\/types\/product"}],"replies":[{"embeddable":true,"href":"https:\/\/biogroom.shop\/de\/wp-json\/wp\/v2\/comments?post=180"}],"wp:featuredmedia":[{"embeddable":true,"href":"https:\/\/biogroom.shop\/de\/wp-json\/wp\/v2\/media\/236"}],"wp:attachment":[{"href":"https:\/\/biogroom.shop\/de\/wp-json\/wp\/v2\/media?parent=180"}],"wp:term":[{"taxonomy":"product_brand","embeddable":true,"href":"https:\/\/biogroom.shop\/de\/wp-json\/wp\/v2\/product_brand?post=180"},{"taxonomy":"product_cat","embeddable":true,"href":"https:\/\/biogroom.shop\/de\/wp-json\/wp\/v2\/product_cat?post=180"},{"taxonomy":"product_tag","embeddable":true,"href":"https:\/\/biogroom.shop\/de\/wp-json\/wp\/v2\/product_tag?post=180"}],"curies":[{"name":"wp","href":"https:\/\/api.w.org\/{rel}","templated":true}]}}