{"id":165,"date":"2020-02-23T16:07:53","date_gmt":"2020-02-23T15:07:53","guid":{"rendered":"http:\/\/biogroom.shop\/product\/import-placeholder-for-248\/"},"modified":"2026-03-31T11:59:18","modified_gmt":"2026-03-31T09:59:18","slug":"show-foot","status":"publish","type":"product","link":"https:\/\/biogroom.shop\/de\/shop\/dog-products\/finishers\/show-foot\/","title":{"rendered":"Show Foot"},"content":{"rendered":"<p><strong>Anwendung<\/strong><\/p>\n<p>Spr\u00fchen Sie Show Foot \u2122 leicht auf die Unterseite der Pfoten. Spr\u00fchen Sie nicht auf das Fell oder in die Augen des Hundes. Verschlei\u00dft, kann aber leicht mit Bio-Groom Nerz\u00f6lspray, Mineral\u00f6l oder Reinigungsalkohol entfernt werden.<\/p>\n","protected":false},"excerpt":{"rendered":"<p><strong>Anti-Rutsch-Spray<\/strong><br \/>\nShow Foot \u2122 ist ein professionelles Anti-Rutsch-Aerosol Spray. Die nat\u00fcrliche Formel bietet eine hervorragende \u201eFestigkeit\u201c mit dem Boden und verhindert das Verrutschen bei Ausstellungen. Funktioniert genauso gut auf feuchten Grasfl\u00e4chen.<br \/>\nNicht einfach Pflege \u2013 Bio-Groom Pflege &#8211; Ihre Hunde und Katzen sind es wert!<\/p>\n","protected":false},"featured_media":218,"comment_status":"open","ping_status":"closed","template":"","meta":[],"product_brand":[],"product_cat":[38],"product_tag":[],"class_list":{"0":"post-165","1":"product","2":"type-product","3":"status-publish","4":"has-post-thumbnail","6":"product_cat-finishers","8":"first","9":"instock","10":"taxable","11":"shipping-taxable","12":"purchasable","13":"product-type-simple"},"jetpack_sharing_enabled":true,"_links":{"self":[{"href":"https:\/\/biogroom.shop\/de\/wp-json\/wp\/v2\/product\/165","targetHints":{"allow":["GET"]}}],"collection":[{"href":"https:\/\/biogroom.shop\/de\/wp-json\/wp\/v2\/product"}],"about":[{"href":"https:\/\/biogroom.shop\/de\/wp-json\/wp\/v2\/types\/product"}],"replies":[{"embeddable":true,"href":"https:\/\/biogroom.shop\/de\/wp-json\/wp\/v2\/comments?post=165"}],"wp:featuredmedia":[{"embeddable":true,"href":"https:\/\/biogroom.shop\/de\/wp-json\/wp\/v2\/media\/218"}],"wp:attachment":[{"href":"https:\/\/biogroom.shop\/de\/wp-json\/wp\/v2\/media?parent=165"}],"wp:term":[{"taxonomy":"product_brand","embeddable":true,"href":"https:\/\/biogroom.shop\/de\/wp-json\/wp\/v2\/product_brand?post=165"},{"taxonomy":"product_cat","embeddable":true,"href":"https:\/\/biogroom.shop\/de\/wp-json\/wp\/v2\/product_cat?post=165"},{"taxonomy":"product_tag","embeddable":true,"href":"https:\/\/biogroom.shop\/de\/wp-json\/wp\/v2\/product_tag?post=165"}],"curies":[{"name":"wp","href":"https:\/\/api.w.org\/{rel}","templated":true}]}}