{"id":157,"date":"2020-02-23T16:07:51","date_gmt":"2020-02-23T16:07:51","guid":{"rendered":"http:\/\/biogroom.shop\/product\/import-placeholder-for-223\/"},"modified":"2026-03-30T14:47:43","modified_gmt":"2026-03-30T12:47:43","slug":"super-cream","status":"publish","type":"product","link":"https:\/\/biogroom.shop\/de\/shop\/dog-products\/conditioners\/super-cream\/","title":{"rendered":"Super Cream"},"content":{"rendered":"<h4>Anwendung<\/h4>\n<p><strong>Hei\u00df\u00f6lbehandlung<\/strong><br \/>\nNur eine von vielen M\u00f6glichkeiten, Super Cream zu verwenden.<\/p>\n<ol>\n<li>Beginnen Sie mit der Vorbereitung des Produkts. Sie ben\u00f6tigen 2 Gl\u00e4ser oder mikrowellengeeigneten Messbecher.<\/li>\n<li>F\u00fcllen Sie den Messbecher mit 1 und 1\/2 Tassen Wasser und f\u00fcgen Sie Super Cream entsprechend der Gr\u00f6\u00dfe des Haustieres hinzu: 1 geh\u00e4ufter Essl\u00f6ffel f\u00fcr einen kleinen Hund, 2 geh\u00e4ufte Essl\u00f6ffel f\u00fcr einen mittelgro\u00dfen Hund, 3 geh\u00e4ufte Essl\u00f6ffel f\u00fcr einen gro\u00dfen Hund (Optional: 1 Verschlusskappe Vita-\u00d6l hinzuf\u00fcgen f\u00fcr jeden Essl\u00f6ffel Super Cream, um die Ergebnisse zu verbessern.)<\/li>\n<li>Mischung in der Mikrowelle stellen f\u00fcr ca. 2 Minuten. Nach dem Erhitzen r\u00fchren, bis die Mischung die Konsistenz von Vollmilch hat. Lassen Sie die Mischung stehen, bis sie \u201esehr warm\u201c ist, aber den Hund nicht verbrennt.<\/li>\n<li>W\u00e4hrend die Mischung abk\u00fchlt: Das Fell gr\u00fcndlich mit Bio-Groom Shampoo waschen. Vollst\u00e4ndig aussp\u00fclen, aber nicht trocknen.<\/li>\n<li>Tragen Sie die Mischung auf das feuchte Fell auf, wenn es noch sehr warm ist, und massieren Sie sie in Haut und Fell ein.<\/li>\n<li>Lassen Sie das Haustier 15-60 Minuten lang an einem warmen Ort mit der aufgetragenen Mischung bleiben. Je l\u00e4nger Sie die Behandlung auf dem Hund belassen, desto erstaunlicher werden die Ergebnisse.<\/li>\n<li>Um die Behandlung abzuschlie\u00dfen, tragen Sie das Shampoo erneut und pflegen Sie wie gewohnt.<\/li>\n<\/ol>\n","protected":false},"excerpt":{"rendered":"<p><strong>Creme f\u00fcr Konditionierung<\/strong><br \/>\nDie effektivste \u00d6lbehandlung f\u00fcr Fell und Haut. Eine \u00f6lreiche Creme, die Weizenkeim\u00f6l, Eiwei\u00df, Vitamin E und andere spezielle kosmetische Fell- und Hautpflegemittel enth\u00e4lt. Erste Hilfe f\u00fcr trockenes, strapaziertes Fell. Befeuchtet die Haut, um Trockenheit und Juckreiz zu lindern und vorzubeugen. Leichtes K\u00e4mmen auf nassem und trockenem Haar. L\u00e4sst das Fell gl\u00e4nzen, ohne \u00f6liges Gef\u00fchl zu verleihen. Nicht reizend, antistatisch, pH-Wert ausgeglichen. Mit Bio-Groom Shampoo auswaschbar.<\/p>\n<p>Sicher bei topischen Floh und Zecken Behandlungen. Empfohlen von Top-Z\u00fcchtern und professionellen Groomern weltweit.<\/p>\n<p><em>Ohne Tierversuche \u2013 Ohne Silikone.<\/em><\/p>\n<p>Befeuchtet die Haut, um Trockenheit und Juckreiz zu lindern und vorzubeugen. Leichtes Nass- und Trockenk\u00e4mmen. L\u00e4sst das Fell gl\u00e4nzen ohne \u00f6liges Gef\u00fchl zu verleihen.<\/p>\n","protected":false},"featured_media":204,"comment_status":"open","ping_status":"closed","template":"","meta":[],"product_brand":[],"product_cat":[19],"product_tag":[],"class_list":{"0":"post-157","1":"product","2":"type-product","3":"status-publish","4":"has-post-thumbnail","6":"product_cat-conditioners","8":"first","9":"instock","10":"taxable","11":"shipping-taxable","12":"purchasable","13":"product-type-variable","14":"has-default-attributes"},"jetpack_sharing_enabled":true,"_links":{"self":[{"href":"https:\/\/biogroom.shop\/de\/wp-json\/wp\/v2\/product\/157","targetHints":{"allow":["GET"]}}],"collection":[{"href":"https:\/\/biogroom.shop\/de\/wp-json\/wp\/v2\/product"}],"about":[{"href":"https:\/\/biogroom.shop\/de\/wp-json\/wp\/v2\/types\/product"}],"replies":[{"embeddable":true,"href":"https:\/\/biogroom.shop\/de\/wp-json\/wp\/v2\/comments?post=157"}],"wp:featuredmedia":[{"embeddable":true,"href":"https:\/\/biogroom.shop\/de\/wp-json\/wp\/v2\/media\/204"}],"wp:attachment":[{"href":"https:\/\/biogroom.shop\/de\/wp-json\/wp\/v2\/media?parent=157"}],"wp:term":[{"taxonomy":"product_brand","embeddable":true,"href":"https:\/\/biogroom.shop\/de\/wp-json\/wp\/v2\/product_brand?post=157"},{"taxonomy":"product_cat","embeddable":true,"href":"https:\/\/biogroom.shop\/de\/wp-json\/wp\/v2\/product_cat?post=157"},{"taxonomy":"product_tag","embeddable":true,"href":"https:\/\/biogroom.shop\/de\/wp-json\/wp\/v2\/product_tag?post=157"}],"curies":[{"name":"wp","href":"https:\/\/api.w.org\/{rel}","templated":true}]}}