{"id":138,"date":"2020-02-23T16:07:23","date_gmt":"2020-02-23T15:07:23","guid":{"rendered":"http:\/\/biogroom.shop\/product\/import-placeholder-for-214\/"},"modified":"2025-12-08T12:14:45","modified_gmt":"2025-12-08T11:14:45","slug":"stain-free","status":"publish","type":"product","link":"https:\/\/biogroom.shop\/de\/shop\/dog-products\/wellness\/stain-free\/","title":{"rendered":"Stain Free"},"content":{"rendered":"<p><strong>Anwendung<\/strong><br \/>\nMit den Fingerspitzen auftragen. An verf\u00e4rbten Stellen vorsichtig einreiben. Vermeiden Sie direkten Kontakt mit den Augen. Tragen Sie gen\u00fcgend Creme mit der beigef\u00fcgten Kamm-B\u00fcrste auf und verteilen Sie die Creme an befleckten Stellen gleichm\u00e4\u00dfig.<\/p>\n","protected":false},"excerpt":{"rendered":"<p><strong>Hypoallergene Creme zur Abdeckung von Augenflecken<\/strong><br \/>\nBio-Groom\u00ae Under Eye Stain Cover Cream wurde speziell entwickelt, um Tr\u00e4nenflecken und Unvollkommenheiten auf wei\u00dfem Haar zu beseitigen. Wiederholte Anwendung hellt fleckige Stellen auf, da die Creme Beschichtung unter den Augen vor den Verf\u00e4rbungen von Tr\u00e4nen auf Haut und Fell sch\u00fctzt. Hypoallergen, 100 % Parf\u00fcm frei, nur nat\u00fcrliche Inhaltsstoffe.<\/p>\n","protected":false},"featured_media":199,"comment_status":"open","ping_status":"closed","template":"","meta":[],"product_brand":[],"product_cat":[37],"product_tag":[],"class_list":{"0":"post-138","1":"product","2":"type-product","3":"status-publish","4":"has-post-thumbnail","6":"product_cat-wellness","8":"first","9":"instock","10":"taxable","11":"shipping-taxable","12":"purchasable","13":"product-type-simple"},"jetpack_sharing_enabled":true,"_links":{"self":[{"href":"https:\/\/biogroom.shop\/de\/wp-json\/wp\/v2\/product\/138","targetHints":{"allow":["GET"]}}],"collection":[{"href":"https:\/\/biogroom.shop\/de\/wp-json\/wp\/v2\/product"}],"about":[{"href":"https:\/\/biogroom.shop\/de\/wp-json\/wp\/v2\/types\/product"}],"replies":[{"embeddable":true,"href":"https:\/\/biogroom.shop\/de\/wp-json\/wp\/v2\/comments?post=138"}],"wp:featuredmedia":[{"embeddable":true,"href":"https:\/\/biogroom.shop\/de\/wp-json\/wp\/v2\/media\/199"}],"wp:attachment":[{"href":"https:\/\/biogroom.shop\/de\/wp-json\/wp\/v2\/media?parent=138"}],"wp:term":[{"taxonomy":"product_brand","embeddable":true,"href":"https:\/\/biogroom.shop\/de\/wp-json\/wp\/v2\/product_brand?post=138"},{"taxonomy":"product_cat","embeddable":true,"href":"https:\/\/biogroom.shop\/de\/wp-json\/wp\/v2\/product_cat?post=138"},{"taxonomy":"product_tag","embeddable":true,"href":"https:\/\/biogroom.shop\/de\/wp-json\/wp\/v2\/product_tag?post=138"}],"curies":[{"name":"wp","href":"https:\/\/api.w.org\/{rel}","templated":true}]}}