{"id":135,"date":"2020-02-23T16:07:22","date_gmt":"2020-02-23T16:07:22","guid":{"rendered":"http:\/\/biogroom.shop\/product\/import-placeholder-for-207\/"},"modified":"2025-12-06T16:21:09","modified_gmt":"2025-12-06T15:21:09","slug":"so-gentle","status":"publish","type":"product","link":"https:\/\/biogroom.shop\/de\/shop\/dog-products\/conditioners\/so-gentle\/","title":{"rendered":"So Gentle"},"content":{"rendered":"<p><strong>Ingredients<\/strong><br \/>\nPurified Water, Stearamidopropyl Dimethylamine, Glycol Stearate, Ceteth-2, Polyethylene Glycol Monostearate, Phenoxyethanol, Citric Acid, 100% Biodegradable Conditioners .<\/p>\n<p><strong>Free Of<\/strong><br \/>\nPerfumes, dyes, parabens, silicone and common allergens.<\/p>\n","protected":false},"excerpt":{"rendered":"<p><strong>Hypoallergene Cremesp\u00fclung<\/strong><\/p>\n<p>Nat\u00fcrlich reine So-Gentle \u2122 &#8211; Konditionierende Creme ist ideal f\u00fcr empfindliche Haustiere, allergiegef\u00e4hrdete Hunde, Katzen, Welpen und K\u00e4tzchen.<\/p>\n<p>Sicher bei topischen Floh und Zecken Behandlungen. Empfohlen von Top-Z\u00fcchtern und professionellen Groomern weltweit.<\/p>\n<p><em>Ohne Tierversuche \u2013 Ohne Tr\u00e4nen.<\/em><\/p>\n<ul>\n<li>Spendet Feuchtigkeit an Haut und Fell.<\/li>\n<li>Sp\u00fclt schnell und R\u00fcckstandlos aus.<\/li>\n<li>Hilft weg fliegende Haare zu kontrollieren.<\/li>\n<li>Verhindert Trockenheit.<\/li>\n<\/ul>\n","protected":false},"featured_media":649,"comment_status":"open","ping_status":"closed","template":"","meta":[],"product_brand":[],"product_cat":[19],"product_tag":[],"class_list":{"0":"post-135","1":"product","2":"type-product","3":"status-publish","4":"has-post-thumbnail","6":"product_cat-conditioners","8":"first","9":"instock","10":"taxable","11":"shipping-taxable","12":"purchasable","13":"product-type-variable","14":"has-default-attributes"},"jetpack_sharing_enabled":true,"_links":{"self":[{"href":"https:\/\/biogroom.shop\/de\/wp-json\/wp\/v2\/product\/135","targetHints":{"allow":["GET"]}}],"collection":[{"href":"https:\/\/biogroom.shop\/de\/wp-json\/wp\/v2\/product"}],"about":[{"href":"https:\/\/biogroom.shop\/de\/wp-json\/wp\/v2\/types\/product"}],"replies":[{"embeddable":true,"href":"https:\/\/biogroom.shop\/de\/wp-json\/wp\/v2\/comments?post=135"}],"wp:featuredmedia":[{"embeddable":true,"href":"https:\/\/biogroom.shop\/de\/wp-json\/wp\/v2\/media\/649"}],"wp:attachment":[{"href":"https:\/\/biogroom.shop\/de\/wp-json\/wp\/v2\/media?parent=135"}],"wp:term":[{"taxonomy":"product_brand","embeddable":true,"href":"https:\/\/biogroom.shop\/de\/wp-json\/wp\/v2\/product_brand?post=135"},{"taxonomy":"product_cat","embeddable":true,"href":"https:\/\/biogroom.shop\/de\/wp-json\/wp\/v2\/product_cat?post=135"},{"taxonomy":"product_tag","embeddable":true,"href":"https:\/\/biogroom.shop\/de\/wp-json\/wp\/v2\/product_tag?post=135"}],"curies":[{"name":"wp","href":"https:\/\/api.w.org\/{rel}","templated":true}]}}