{"id":118,"date":"2020-02-23T16:06:58","date_gmt":"2020-02-23T16:06:58","guid":{"rendered":"http:\/\/biogroom.shop\/product\/import-placeholder-for-195\/"},"modified":"2026-03-31T11:58:19","modified_gmt":"2026-03-31T09:58:19","slug":"groom-n-fresh-2","status":"publish","type":"product","link":"https:\/\/biogroom.shop\/de\/shop\/dog-products\/conditioners\/groom-n-fresh-2\/","title":{"rendered":"Groom &#8217;n Fresh"},"content":{"rendered":"<p><strong>Ingredients<\/strong><br \/>\nPurified Water, Stearamidopropyl Dimethylamine, Glycol Stearate, Ceteth-2, Polyethylene Glycol Monostearate, Vitamin E, Panthenol (Pro Vitamin B5), Fragrance, Citric Acid, Phenoxyethanol, Yellow #6, 100% Biodegradable Conditioners.<\/p>\n<p><strong>Free Of<\/strong><br \/>\nParabens, Silicones, and common allergens.<\/p>\n","protected":false},"excerpt":{"rendered":"<h2>Duftende Cremesp\u00fclung<\/h2>\n<p>Groom &#8217;n Fresh \u2122 Cr\u00e8me Rinse beseitigt den Geruch von Haustieren und hinterl\u00e4sst einen langanhaltenden Duft.<\/p>\n<p>Sicher bei topischen Floh und Zecken Behandlungen. Empfohlen von Top-Z\u00fcchtern und professionellen Groomern weltweit.<\/p>\n<p><em>Ohne Tierversuche \u2013 Ohne Seife.<\/em><\/p>\n<ul>\n<li>Enth\u00e4lt Weizenkeim\u00f6l, Vitamin E und Panthenol f\u00fcr ein Volumen volles Fell.<\/li>\n<li>Entfernt Verfilzungen.<\/li>\n<li>Hilft wegfliegende Haare zu kontrollieren.<\/li>\n<li>Sp\u00fclt aus ohne R\u00fcckst\u00e4nde zu hinterlassen und macht das Haar unglaublich einfach zu handhaben.<\/li>\n<\/ul>\n","protected":false},"featured_media":640,"comment_status":"open","ping_status":"closed","template":"","meta":[],"product_brand":[],"product_cat":[19],"product_tag":[],"class_list":{"0":"post-118","1":"product","2":"type-product","3":"status-publish","4":"has-post-thumbnail","6":"product_cat-conditioners","8":"first","9":"outofstock","10":"taxable","11":"shipping-taxable","12":"purchasable","13":"product-type-variable","14":"has-default-attributes"},"jetpack_sharing_enabled":true,"_links":{"self":[{"href":"https:\/\/biogroom.shop\/de\/wp-json\/wp\/v2\/product\/118","targetHints":{"allow":["GET"]}}],"collection":[{"href":"https:\/\/biogroom.shop\/de\/wp-json\/wp\/v2\/product"}],"about":[{"href":"https:\/\/biogroom.shop\/de\/wp-json\/wp\/v2\/types\/product"}],"replies":[{"embeddable":true,"href":"https:\/\/biogroom.shop\/de\/wp-json\/wp\/v2\/comments?post=118"}],"wp:featuredmedia":[{"embeddable":true,"href":"https:\/\/biogroom.shop\/de\/wp-json\/wp\/v2\/media\/640"}],"wp:attachment":[{"href":"https:\/\/biogroom.shop\/de\/wp-json\/wp\/v2\/media?parent=118"}],"wp:term":[{"taxonomy":"product_brand","embeddable":true,"href":"https:\/\/biogroom.shop\/de\/wp-json\/wp\/v2\/product_brand?post=118"},{"taxonomy":"product_cat","embeddable":true,"href":"https:\/\/biogroom.shop\/de\/wp-json\/wp\/v2\/product_cat?post=118"},{"taxonomy":"product_tag","embeddable":true,"href":"https:\/\/biogroom.shop\/de\/wp-json\/wp\/v2\/product_tag?post=118"}],"curies":[{"name":"wp","href":"https:\/\/api.w.org\/{rel}","templated":true}]}}