{"id":115,"date":"2020-02-23T16:06:58","date_gmt":"2020-02-23T16:06:58","guid":{"rendered":"http:\/\/biogroom.shop\/product\/import-placeholder-for-189\/"},"modified":"2025-12-06T16:11:48","modified_gmt":"2025-12-06T15:11:48","slug":"mink-oil-spray","status":"publish","type":"product","link":"https:\/\/biogroom.shop\/de\/shop\/dog-products\/conditioners\/mink-oil-spray\/","title":{"rendered":"Mink Oil Spray"},"content":{"rendered":"<p><strong>Ingredients<\/strong><br \/>\nIsopropyl Alcohol, Lanolin, Mink Oil, Mineral Oil, Ethylhexyl Dimethyl PABA, Wheat Germ Oil, Benzophenone-3, Perfume.<\/p>\n","protected":false},"excerpt":{"rendered":"<p><strong>Fell Conditioner<\/strong><br \/>\nDas mit Vitamin E angereicherte Nerz\u00f6l Spray verleiht dem Haar mit nur einer Anwendung einen sch\u00f6nen, tiefen Glanz und Schimmer. Es pflegt gr\u00fcndlich Fell und Haut, w\u00e4hrend spezielle Sonnenschutzmittel das Haar vor Sonnensch\u00e4den, Trocknen und Bruch sch\u00fctzen. Es f\u00f6rdert die gesunde Entwicklung und das Wachstum des Fells und macht das Fell handlich und bereit f\u00fcr den Ausstellungsring. Klebt nicht und ist nicht fettig.<\/p>\n<p>Sicher bei topischen Floh und Zecken Behandlungen. Empfohlen von Top-Z\u00fcchtern und professionellen Groomern weltweit.<\/p>\n<p><em>100 % biologisch abbaubar.<\/em><\/p>\n","protected":false},"featured_media":171,"comment_status":"open","ping_status":"closed","template":"","meta":[],"product_brand":[],"product_cat":[19],"product_tag":[],"class_list":{"0":"post-115","1":"product","2":"type-product","3":"status-publish","4":"has-post-thumbnail","6":"product_cat-conditioners","8":"first","9":"instock","10":"taxable","11":"shipping-taxable","12":"purchasable","13":"product-type-variable","14":"has-default-attributes"},"jetpack_sharing_enabled":true,"_links":{"self":[{"href":"https:\/\/biogroom.shop\/de\/wp-json\/wp\/v2\/product\/115","targetHints":{"allow":["GET"]}}],"collection":[{"href":"https:\/\/biogroom.shop\/de\/wp-json\/wp\/v2\/product"}],"about":[{"href":"https:\/\/biogroom.shop\/de\/wp-json\/wp\/v2\/types\/product"}],"replies":[{"embeddable":true,"href":"https:\/\/biogroom.shop\/de\/wp-json\/wp\/v2\/comments?post=115"}],"wp:featuredmedia":[{"embeddable":true,"href":"https:\/\/biogroom.shop\/de\/wp-json\/wp\/v2\/media\/171"}],"wp:attachment":[{"href":"https:\/\/biogroom.shop\/de\/wp-json\/wp\/v2\/media?parent=115"}],"wp:term":[{"taxonomy":"product_brand","embeddable":true,"href":"https:\/\/biogroom.shop\/de\/wp-json\/wp\/v2\/product_brand?post=115"},{"taxonomy":"product_cat","embeddable":true,"href":"https:\/\/biogroom.shop\/de\/wp-json\/wp\/v2\/product_cat?post=115"},{"taxonomy":"product_tag","embeddable":true,"href":"https:\/\/biogroom.shop\/de\/wp-json\/wp\/v2\/product_tag?post=115"}],"curies":[{"name":"wp","href":"https:\/\/api.w.org\/{rel}","templated":true}]}}