{"id":105,"date":"2020-02-23T16:06:30","date_gmt":"2020-02-23T16:06:30","guid":{"rendered":"http:\/\/biogroom.shop\/product\/import-placeholder-for-179\/"},"modified":"2024-02-19T21:04:27","modified_gmt":"2024-02-19T20:04:27","slug":"hoof-polish","status":"publish","type":"product","link":"https:\/\/biogroom.shop\/de\/shop\/horse-products\/hoof-polish\/","title":{"rendered":"Hoof Polish"},"content":{"rendered":"<p><strong>Anwendung<\/strong><br \/>\nAuf saubere, trockene Hufen auftragen. Trocknen lassen. Wenn sich Staub auf den Hufen ansammelt, mit einem feuchten Schwamm abwischen, um den urspr\u00fcnglichen Glanz hervorzuheben.<\/p>\n<p><strong>VORSICHT:<\/strong> AUSSERHALB DER REICHWEITE VON KINDERN HALTEN.<br \/>\nNur f\u00fcr \u00e4u\u00dfere Anwendung. Augenkontakt vermeiden.<\/p>\n","protected":false},"excerpt":{"rendered":"<p><strong>Reiches Lacklederglanz<\/strong><br \/>\nBio-Groom Hoof Polish ist das sicherste Polier\u00f6l in der Hufpflege f\u00fcr Ausstellungspferde. Verleiht den Hufen mit nur einer Anwendung den gew\u00fcnschten Lackleder Glanzeffekt. Diese neue Formel auf Wasserbasis mit einem neutralen pH-Wert enth\u00e4lt KEIN ACETON, KEINE ALKOHOLE oder Huftrocknende, entz\u00fcndliche und andere L\u00f6sungsmittel. Trocknet schnell zu einem dauerhaften Hochglanzfinish, das keine Risse oder Abbl\u00e4tterungen aufweist. Best\u00e4ndig gegen Sonnenstrahlen und Regen.<\/p>\n<p>F\u00fcr Perfektion im Ausstellungsring nicht nur Pflege &#8211; Bio-Groom Pflege, Ihr Pferd ist es wert!<\/p>\n<p>Bio-Groom Hoof Polish kann mit den meisten fl\u00fcssigen Haushaltsreinigern oder gew\u00f6hnlichem Backpulver und Wasser entfernt werden.<\/p>\n","protected":false},"featured_media":154,"comment_status":"open","ping_status":"closed","template":"","meta":[],"product_brand":[],"product_cat":[21],"product_tag":[],"class_list":{"0":"post-105","1":"product","2":"type-product","3":"status-publish","4":"has-post-thumbnail","6":"product_cat-horse-products","8":"first","9":"instock","10":"taxable","11":"shipping-taxable","12":"purchasable","13":"product-type-variable"},"jetpack_sharing_enabled":true,"_links":{"self":[{"href":"https:\/\/biogroom.shop\/de\/wp-json\/wp\/v2\/product\/105","targetHints":{"allow":["GET"]}}],"collection":[{"href":"https:\/\/biogroom.shop\/de\/wp-json\/wp\/v2\/product"}],"about":[{"href":"https:\/\/biogroom.shop\/de\/wp-json\/wp\/v2\/types\/product"}],"replies":[{"embeddable":true,"href":"https:\/\/biogroom.shop\/de\/wp-json\/wp\/v2\/comments?post=105"}],"wp:featuredmedia":[{"embeddable":true,"href":"https:\/\/biogroom.shop\/de\/wp-json\/wp\/v2\/media\/154"}],"wp:attachment":[{"href":"https:\/\/biogroom.shop\/de\/wp-json\/wp\/v2\/media?parent=105"}],"wp:term":[{"taxonomy":"product_brand","embeddable":true,"href":"https:\/\/biogroom.shop\/de\/wp-json\/wp\/v2\/product_brand?post=105"},{"taxonomy":"product_cat","embeddable":true,"href":"https:\/\/biogroom.shop\/de\/wp-json\/wp\/v2\/product_cat?post=105"},{"taxonomy":"product_tag","embeddable":true,"href":"https:\/\/biogroom.shop\/de\/wp-json\/wp\/v2\/product_tag?post=105"}],"curies":[{"name":"wp","href":"https:\/\/api.w.org\/{rel}","templated":true}]}}