{"id":104,"date":"2020-02-23T16:06:30","date_gmt":"2020-02-23T15:06:30","guid":{"rendered":"http:\/\/biogroom.shop\/product\/import-placeholder-for-176\/"},"modified":"2024-11-19T11:50:18","modified_gmt":"2024-11-19T10:50:18","slug":"white-n-easy","status":"publish","type":"product","link":"https:\/\/biogroom.shop\/de\/shop\/horse-products\/white-n-easy\/","title":{"rendered":"White &#8217;n Easy"},"content":{"rendered":"<p><strong>Anwendung<\/strong><br \/>\nSch\u00fctteln Sie den Spray 20-25 Sekunden lang. Spr\u00fchen Sie leicht auf die gew\u00fcnschten Stellen. Trocknen lassen, dann einfach wie gewohnt b\u00fcrsten und pflegen. Bedecken Sie die Augen, wenn Sie auf das Gesicht spr\u00fchen. Bei Bedarf den bespr\u00fchten Bereich mit einem weichen Handtuch polieren. Ein kosmetischer Schwamm kann verwendet werden, um White &#8217;n Easy \u2122 auf bestimmte Bereiche des Gesichts oder des K\u00f6rpers aufzutragen.<\/p>\n","protected":false},"excerpt":{"rendered":"<p><strong>\u201eWei\u00dfe Kreide\u201d Spray <\/strong><br \/>\nWhite &#8217;n Easy \u2122 ist eine einzigartige Spr\u00fchkreide. Speziell entwickelt, um Wei\u00df aufzuhellen und um Leder- und Grasflecken, Verf\u00e4rbungen und Flecken auf K\u00f6rper, Gesicht, Beinen, M\u00e4hnen und Schw\u00e4nzen abzudecken. Diese bew\u00e4hrte Formel reibt sich nicht ab und l\u00f6st sich nicht in Wasser &#8211; sondern l\u00e4sst sich mit jedem Bio-Groom Shampoo leicht auswaschen. White &#8217;n Easy \u2122 enth\u00e4lt kein Bleichmittel oder Peroxid, ist nicht klebrig, nicht reizend und riecht frisch und sauber. Unverzichtbar f\u00fcr alle Ausstellungen.<\/p>\n<p>F\u00fcr Perfektion im Ausstellungsring nicht nur Pflege &#8211; Bio-Groom Pflege!<\/p>\n","protected":false},"featured_media":152,"comment_status":"open","ping_status":"closed","template":"","meta":[],"product_brand":[],"product_cat":[21],"product_tag":[],"class_list":{"0":"post-104","1":"product","2":"type-product","3":"status-publish","4":"has-post-thumbnail","6":"product_cat-horse-products","8":"first","9":"outofstock","10":"taxable","11":"shipping-taxable","12":"purchasable","13":"product-type-simple"},"jetpack_sharing_enabled":true,"_links":{"self":[{"href":"https:\/\/biogroom.shop\/de\/wp-json\/wp\/v2\/product\/104","targetHints":{"allow":["GET"]}}],"collection":[{"href":"https:\/\/biogroom.shop\/de\/wp-json\/wp\/v2\/product"}],"about":[{"href":"https:\/\/biogroom.shop\/de\/wp-json\/wp\/v2\/types\/product"}],"replies":[{"embeddable":true,"href":"https:\/\/biogroom.shop\/de\/wp-json\/wp\/v2\/comments?post=104"}],"wp:featuredmedia":[{"embeddable":true,"href":"https:\/\/biogroom.shop\/de\/wp-json\/wp\/v2\/media\/152"}],"wp:attachment":[{"href":"https:\/\/biogroom.shop\/de\/wp-json\/wp\/v2\/media?parent=104"}],"wp:term":[{"taxonomy":"product_brand","embeddable":true,"href":"https:\/\/biogroom.shop\/de\/wp-json\/wp\/v2\/product_brand?post=104"},{"taxonomy":"product_cat","embeddable":true,"href":"https:\/\/biogroom.shop\/de\/wp-json\/wp\/v2\/product_cat?post=104"},{"taxonomy":"product_tag","embeddable":true,"href":"https:\/\/biogroom.shop\/de\/wp-json\/wp\/v2\/product_tag?post=104"}],"curies":[{"name":"wp","href":"https:\/\/api.w.org\/{rel}","templated":true}]}}