{"id":103,"date":"2020-02-23T16:06:30","date_gmt":"2020-02-23T15:06:30","guid":{"rendered":"http:\/\/biogroom.shop\/product\/import-placeholder-for-173\/"},"modified":"2025-01-10T12:31:12","modified_gmt":"2025-01-10T11:31:12","slug":"revitalizer","status":"publish","type":"product","link":"https:\/\/biogroom.shop\/de\/shop\/horse-products\/revitalizer\/","title":{"rendered":"Revitalizer"},"content":{"rendered":"<p><strong>Anwendung<\/strong><br \/>\nFELL &#038; HAUTZUSTAND<br \/>\nBaden Sie das Pferd mit Golden Sheen Shampoo und entfernen Sie \u00fcbersch\u00fcssiges Wasser mit einem Schaber. 3 Essl\u00f6ffel Revitalizer in einem Liter hei\u00dfem Wasser aufl\u00f6sen. In eine Spr\u00fchflasche gie\u00dfen und lauwarm abk\u00fchlen lassen. Gut sch\u00fctteln und den ganzen K\u00f6rper benetzen, gut einmassieren. Trocknen lassen, dann wie gewohnt b\u00fcrsten.<\/p>\n<p>M\u00c4HNEN UND SCHW\u00c4NZE<br \/>\nL\u00f6sen Sie gleiche Teile des Revitalizers in hei\u00dfem Wasser. M\u00e4hne und Schwanz benetzen und gut einarbeiten. 10 Minuten auf dem Haar belassen, dann k\u00e4mmen und b\u00fcrsten. Sp\u00fclen und trocknen lassen. Creme kann auch in voller St\u00e4rke auf Problembereichen angewendet werden.<\/p>\n<p>Im K\u00fchlschrank lagern, um die Haltbarkeit zu verl\u00e4ngern.<\/p>\n","protected":false},"excerpt":{"rendered":"<p><strong>Konditionierende Creme <\/strong><br \/>\nDiese \u00f6lreiche Creme konditioniert sofort. Unentbehrlich f\u00fcr trockenes, strapaziertes oder gebleichtes Haar. Befeuchtet die Haut, um Probleme mit trockener Haut zu beheben. Hinterl\u00e4sst ein gesundes Glanzgef\u00fchl und f\u00fchlt sich nicht \u00f6lig an. Stellt nat\u00fcrliche Haarfarbe wieder her.<\/p>\n<p>F\u00fcr Perfektion im Ausstellungsring nicht nur Pflege &#8211; Bio-Groom Pflege, Ihr Pferd ist es wert!<\/p>\n","protected":false},"featured_media":150,"comment_status":"open","ping_status":"closed","template":"","meta":[],"product_brand":[],"product_cat":[21],"product_tag":[],"class_list":{"0":"post-103","1":"product","2":"type-product","3":"status-publish","4":"has-post-thumbnail","6":"product_cat-horse-products","8":"first","9":"instock","10":"taxable","11":"shipping-taxable","12":"purchasable","13":"product-type-simple"},"jetpack_sharing_enabled":true,"_links":{"self":[{"href":"https:\/\/biogroom.shop\/de\/wp-json\/wp\/v2\/product\/103","targetHints":{"allow":["GET"]}}],"collection":[{"href":"https:\/\/biogroom.shop\/de\/wp-json\/wp\/v2\/product"}],"about":[{"href":"https:\/\/biogroom.shop\/de\/wp-json\/wp\/v2\/types\/product"}],"replies":[{"embeddable":true,"href":"https:\/\/biogroom.shop\/de\/wp-json\/wp\/v2\/comments?post=103"}],"wp:featuredmedia":[{"embeddable":true,"href":"https:\/\/biogroom.shop\/de\/wp-json\/wp\/v2\/media\/150"}],"wp:attachment":[{"href":"https:\/\/biogroom.shop\/de\/wp-json\/wp\/v2\/media?parent=103"}],"wp:term":[{"taxonomy":"product_brand","embeddable":true,"href":"https:\/\/biogroom.shop\/de\/wp-json\/wp\/v2\/product_brand?post=103"},{"taxonomy":"product_cat","embeddable":true,"href":"https:\/\/biogroom.shop\/de\/wp-json\/wp\/v2\/product_cat?post=103"},{"taxonomy":"product_tag","embeddable":true,"href":"https:\/\/biogroom.shop\/de\/wp-json\/wp\/v2\/product_tag?post=103"}],"curies":[{"name":"wp","href":"https:\/\/api.w.org\/{rel}","templated":true}]}}